{"id":2844,"date":"2019-12-30T15:14:58","date_gmt":"2019-12-30T23:14:58","guid":{"rendered":"https:\/\/serr.disabilityrightsca.org\/?page_id=2844"},"modified":"2020-07-15T14:47:22","modified_gmt":"2020-07-15T21:47:22","slug":"12-5-como-se-definen-los-bebes-o-ninos-pequenos-con-discapacidades-conforme-a-la-parte-c","status":"publish","type":"page","link":"https:\/\/serr.disabilityrightsca.org\/sp\/serr-manual\/capitulo-12-informacion-sobre-los-servicios-de-intervencion-temprana\/12-5-como-se-definen-los-bebes-o-ninos-pequenos-con-discapacidades-conforme-a-la-parte-c\/","title":{"rendered":"(12.5) \u00bfC\u00f3mo se definen los beb\u00e9s o ni\u00f1os peque\u00f1os con discapacidades conforme a la Parte C?"},"content":{"rendered":"\n<p>El t\u00e9rmino \u201cbeb\u00e9s y ni\u00f1os peque\u00f1os con discapacidades\u201d se refiere a ni\u00f1os menores de tres a\u00f1os que necesitan servicios de intervenci\u00f3n temprana, ya que presentan un retraso en las \u00e1reas del desarrollo cognitivo, desarrollo f\u00edsico, desarrollo de la comunicaci\u00f3n, desarrollo social o emocional, o desarrollo adaptativo. Adem\u00e1s, el t\u00e9rmino tambi\u00e9n incluye a los beb\u00e9s y ni\u00f1os peque\u00f1os con una afecci\u00f3n f\u00edsica o mental diagnosticada que normalmente deriva en un retraso en el desarrollo.\u00a0 El estado tambi\u00e9n puede determinar que el t\u00e9rmino incluya a ni\u00f1os menores de tres a\u00f1os que est\u00e9n en riesgo de exhibir retrasos significativos en el desarrollo\u201d. Cada estado determina los criterios para estas definiciones. [34 C.F.R. Sec. 303.21].<\/p>\n","protected":false},"excerpt":{"rendered":"<p>El t\u00e9rmino \u201cbeb\u00e9s y ni\u00f1os peque\u00f1os con discapacidades\u201d se refiere a ni\u00f1os menores de tres a\u00f1os que necesitan servicios de intervenci\u00f3n temprana, ya que presentan&hellip;<\/p>\n","protected":false},"author":1,"featured_media":0,"parent":355,"menu_order":5,"comment_status":"closed","ping_status":"closed","template":"","meta":{"footnotes":""},"class_list":["post-2844","page","type-page","status-publish","hentry"],"_links":{"self":[{"href":"https:\/\/serr.disabilityrightsca.org\/sp\/wp-json\/wp\/v2\/pages\/2844","targetHints":{"allow":["GET"]}}],"collection":[{"href":"https:\/\/serr.disabilityrightsca.org\/sp\/wp-json\/wp\/v2\/pages"}],"about":[{"href":"https:\/\/serr.disabilityrightsca.org\/sp\/wp-json\/wp\/v2\/types\/page"}],"author":[{"embeddable":true,"href":"https:\/\/serr.disabilityrightsca.org\/sp\/wp-json\/wp\/v2\/users\/1"}],"replies":[{"embeddable":true,"href":"https:\/\/serr.disabilityrightsca.org\/sp\/wp-json\/wp\/v2\/comments?post=2844"}],"version-history":[{"count":2,"href":"https:\/\/serr.disabilityrightsca.org\/sp\/wp-json\/wp\/v2\/pages\/2844\/revisions"}],"predecessor-version":[{"id":3886,"href":"https:\/\/serr.disabilityrightsca.org\/sp\/wp-json\/wp\/v2\/pages\/2844\/revisions\/3886"}],"up":[{"embeddable":true,"href":"https:\/\/serr.disabilityrightsca.org\/sp\/wp-json\/wp\/v2\/pages\/355"}],"wp:attachment":[{"href":"https:\/\/serr.disabilityrightsca.org\/sp\/wp-json\/wp\/v2\/media?parent=2844"}],"curies":[{"name":"wp","href":"https:\/\/api.w.org\/{rel}","templated":true}]}}