{"id":2846,"date":"2019-12-30T15:16:31","date_gmt":"2019-12-30T23:16:31","guid":{"rendered":"https:\/\/serr.disabilityrightsca.org\/?page_id=2846"},"modified":"2020-07-15T14:48:13","modified_gmt":"2020-07-15T21:48:13","slug":"12-6-cuales-son-los-criterios-de-elegibilidad-para-los-servicios-de-intervencion-temprana-programa-de-inicio-temprano-early-start-en-california","status":"publish","type":"page","link":"https:\/\/serr.disabilityrightsca.org\/sp\/serr-manual\/capitulo-12-informacion-sobre-los-servicios-de-intervencion-temprana\/12-6-cuales-son-los-criterios-de-elegibilidad-para-los-servicios-de-intervencion-temprana-programa-de-inicio-temprano-early-start-en-california\/","title":{"rendered":"(12.6) \u00bfCu\u00e1les son los criterios de elegibilidad para los servicios de intervenci\u00f3n temprana (\u201cPrograma de inicio temprano\u201d [Early Start]) en California?"},"content":{"rendered":"\n<p>En California, los ni\u00f1os menores de tres\na\u00f1os son elegibles para acceder a lo que el estado denomina servicios del\n\u201cPrograma de inicio temprano\u201d siempre que, una vez realizada la evaluaci\u00f3n,\ncumplan con uno de los criterios a continuaci\u00f3n:<\/p>\n\n\n\n<p>(1) Beb\u00e9s y ni\u00f1os peque\u00f1os con un retraso\nen el desarrollo en una o m\u00e1s de las siguientes cinco \u00e1reas: desarrollo\ncognitivo; desarrollo f\u00edsico o motor, que incluye la vista y la audici\u00f3n;\ndesarrollo de la comunicaci\u00f3n; desarrollo social o emocional; o desarrollo\nadaptativo. Los ni\u00f1os con un retraso en el desarrollo son aquellos que se\ndetermina que exhiben una diferencia significativa entre el nivel de desarrollo\nesperado para su edad y su nivel de funcionamiento actual. Esta determinaci\u00f3n\nser\u00e1 realizada por personal calificado reconocido por un equipo\nmultidisciplinario (o que forme parte de \u00e9l), que incluye a los padres.\n\u201cDiferencia significativa\u201d hace referencia a un retraso del 33&nbsp;% en una o\nm\u00e1s \u00e1reas del desarrollo. <\/p>\n\n\n\n<p>(2) Beb\u00e9s y ni\u00f1os peque\u00f1os con afecciones\nde riesgo establecidas, es decir, ni\u00f1os menores de tres a\u00f1os con afecciones de\n\u201cetiolog\u00eda (causa) conocida\u201d o afecciones con consecuencias da\u00f1inas\nestablecidas en el desarrollo. El diagn\u00f3stico de las condiciones ser\u00e1 realizado\npor personal calificado reconocido por un equipo multidisciplinario (o que\nforme parte de \u00e9l), que incluye a los padres. Si el retraso no es evidente en\nel momento del diagn\u00f3stico, se deber\u00e1 certificar que la afecci\u00f3n tiene una alta\nprobabilidad de derivar en un retraso en el desarrollo.\n\n&nbsp;(3) Beb\u00e9s\ny ni\u00f1os peque\u00f1os que est\u00e9n en riesgo de tener una discapacidad significativa\ndel desarrollo producto de una combinaci\u00f3n de factores de riesgo biom\u00e9dicos,\ncuya presencia ser\u00e1 determinada por personal calificado reconocido por un\nequipo multidisciplinario, o que forme parte \u00e9l, que incluye a los padres.\n[Cal. Gov. Code Sec. 95014(a)].\n\n\n\n<\/p>\n","protected":false},"excerpt":{"rendered":"<p>En California, los ni\u00f1os menores de tres a\u00f1os son elegibles para acceder a lo que el estado denomina servicios del \u201cPrograma de inicio temprano\u201d siempre&hellip;<\/p>\n","protected":false},"author":1,"featured_media":0,"parent":355,"menu_order":6,"comment_status":"closed","ping_status":"closed","template":"","meta":{"footnotes":""},"class_list":["post-2846","page","type-page","status-publish","hentry"],"_links":{"self":[{"href":"https:\/\/serr.disabilityrightsca.org\/sp\/wp-json\/wp\/v2\/pages\/2846","targetHints":{"allow":["GET"]}}],"collection":[{"href":"https:\/\/serr.disabilityrightsca.org\/sp\/wp-json\/wp\/v2\/pages"}],"about":[{"href":"https:\/\/serr.disabilityrightsca.org\/sp\/wp-json\/wp\/v2\/types\/page"}],"author":[{"embeddable":true,"href":"https:\/\/serr.disabilityrightsca.org\/sp\/wp-json\/wp\/v2\/users\/1"}],"replies":[{"embeddable":true,"href":"https:\/\/serr.disabilityrightsca.org\/sp\/wp-json\/wp\/v2\/comments?post=2846"}],"version-history":[{"count":2,"href":"https:\/\/serr.disabilityrightsca.org\/sp\/wp-json\/wp\/v2\/pages\/2846\/revisions"}],"predecessor-version":[{"id":3887,"href":"https:\/\/serr.disabilityrightsca.org\/sp\/wp-json\/wp\/v2\/pages\/2846\/revisions\/3887"}],"up":[{"embeddable":true,"href":"https:\/\/serr.disabilityrightsca.org\/sp\/wp-json\/wp\/v2\/pages\/355"}],"wp:attachment":[{"href":"https:\/\/serr.disabilityrightsca.org\/sp\/wp-json\/wp\/v2\/media?parent=2846"}],"curies":[{"name":"wp","href":"https:\/\/api.w.org\/{rel}","templated":true}]}}