{"id":2848,"date":"2019-12-30T15:17:48","date_gmt":"2019-12-30T23:17:48","guid":{"rendered":"https:\/\/serr.disabilityrightsca.org\/?page_id=2848"},"modified":"2020-07-15T14:48:58","modified_gmt":"2020-07-15T21:48:58","slug":"12-7-cuando-se-requiere-el-consentimiento-de-los-padres-en-el-programa-de-intervencion-temprana","status":"publish","type":"page","link":"https:\/\/serr.disabilityrightsca.org\/sp\/serr-manual\/capitulo-12-informacion-sobre-los-servicios-de-intervencion-temprana\/12-7-cuando-se-requiere-el-consentimiento-de-los-padres-en-el-programa-de-intervencion-temprana\/","title":{"rendered":"(12.7) \u00bfCu\u00e1ndo se requiere el consentimiento de los padres en el programa de intervenci\u00f3n temprana?"},"content":{"rendered":"\n<p>El organismo responsable (centro regional o\ndistrito escolar) debe obtener el consentimiento de los padres antes de lo\nsiguiente:<\/p>\n\n\n\n<p>(1) administrar procedimientos de examen\npara determinar la sospecha de que el ni\u00f1o tenga una discapacidad;<\/p>\n\n\n\n<p>(2) someter al ni\u00f1o a toda evaluaci\u00f3n y\nexamen;<\/p>\n\n\n\n<p>(3) brindar servicios de intervenci\u00f3n\ntemprana;<\/p>\n\n\n\n<p>(4) utilizar beneficios y seguros p\u00fablicos\ncuando ocasione una reducci\u00f3n de beneficios o recurrir a un seguro privado;<\/p>\n\n\n\n<p>(5) divulgar informaci\u00f3n personal\nidentificable.<\/p>\n\n\n\n<p>[34 C.F.R. Sec. 303.420(a)]. Si los padres\nno brindan su consentimiento para administrar procedimientos de examen, someter\nal ni\u00f1o a evaluaciones o proporcionar servicios de intervenci\u00f3n temprana, el\norganismo responsable debe tomar medidas razonables para garantizar que los\npadres est\u00e9n informados acerca de la naturaleza de las evaluaciones, los\nex\u00e1menes y los servicios de intervenci\u00f3n temprana, y que comprendan que el ni\u00f1o\nno podr\u00e1 recibir nada de lo mencionado sin su consentimiento. [34 C.F.R. Sec.\n303.420(b). El organismo responsable no puede utilizar el proceso de audiencia\npara anular la negativa de consentimiento por parte de los padres. [34 C.F.R. Sec.\n303.420(c)].<\/p>\n","protected":false},"excerpt":{"rendered":"<p>El organismo responsable (centro regional o distrito escolar) debe obtener el consentimiento de los padres antes de lo siguiente: (1) administrar procedimientos de examen para&hellip;<\/p>\n","protected":false},"author":1,"featured_media":0,"parent":355,"menu_order":7,"comment_status":"closed","ping_status":"closed","template":"","meta":{"footnotes":""},"class_list":["post-2848","page","type-page","status-publish","hentry"],"_links":{"self":[{"href":"https:\/\/serr.disabilityrightsca.org\/sp\/wp-json\/wp\/v2\/pages\/2848","targetHints":{"allow":["GET"]}}],"collection":[{"href":"https:\/\/serr.disabilityrightsca.org\/sp\/wp-json\/wp\/v2\/pages"}],"about":[{"href":"https:\/\/serr.disabilityrightsca.org\/sp\/wp-json\/wp\/v2\/types\/page"}],"author":[{"embeddable":true,"href":"https:\/\/serr.disabilityrightsca.org\/sp\/wp-json\/wp\/v2\/users\/1"}],"replies":[{"embeddable":true,"href":"https:\/\/serr.disabilityrightsca.org\/sp\/wp-json\/wp\/v2\/comments?post=2848"}],"version-history":[{"count":2,"href":"https:\/\/serr.disabilityrightsca.org\/sp\/wp-json\/wp\/v2\/pages\/2848\/revisions"}],"predecessor-version":[{"id":3888,"href":"https:\/\/serr.disabilityrightsca.org\/sp\/wp-json\/wp\/v2\/pages\/2848\/revisions\/3888"}],"up":[{"embeddable":true,"href":"https:\/\/serr.disabilityrightsca.org\/sp\/wp-json\/wp\/v2\/pages\/355"}],"wp:attachment":[{"href":"https:\/\/serr.disabilityrightsca.org\/sp\/wp-json\/wp\/v2\/media?parent=2848"}],"curies":[{"name":"wp","href":"https:\/\/api.w.org\/{rel}","templated":true}]}}