{"id":2850,"date":"2019-12-30T15:22:29","date_gmt":"2019-12-30T23:22:29","guid":{"rendered":"https:\/\/serr.disabilityrightsca.org\/?page_id=2850"},"modified":"2020-07-15T14:49:45","modified_gmt":"2020-07-15T21:49:45","slug":"12-8-como-se-realizan-las-derivaciones-para-recibir-servicios-de-intervencion-temprana-y-quien-puede-hacerlo","status":"publish","type":"page","link":"https:\/\/serr.disabilityrightsca.org\/sp\/serr-manual\/capitulo-12-informacion-sobre-los-servicios-de-intervencion-temprana\/12-8-como-se-realizan-las-derivaciones-para-recibir-servicios-de-intervencion-temprana-y-quien-puede-hacerlo\/","title":{"rendered":"(12.8) \u00bfC\u00f3mo se realizan las derivaciones para recibir servicios de intervenci\u00f3n temprana y qui\u00e9n puede hacerlo?"},"content":{"rendered":"\n<p>La derivaci\u00f3n deben solicitarla al centro\nregional o al distrito escolar los padres, un m\u00e9dico o todo otro proveedor de\nservicios, en forma oral o escrita. Para iniciar el proceso de evaluaci\u00f3n,\nbasta con una breve carta o un llamado telef\u00f3nico para describir las\nnecesidades del ni\u00f1o y solicitar los servicios de intervenci\u00f3n temprana.<\/p>\n\n\n\n<p>Las fuentes de derivaci\u00f3n primaria son los\nhospitales (incluidas las instituciones de cuidado pre- y postnatal), los\nm\u00e9dicos, los padres, los programas de cuidado infantil, los distritos\nescolares, las instituciones de salud p\u00fablica, los organismos y el personal en\nel sistema de bienestar de menores, los albergues para familias sin hogar, los\nrefugios para v\u00edctimas de violencia dom\u00e9stica, otros organismos de servicios\nsociales y otros proveedores de servicios de salud. Las derivaciones se\nrealizar\u00e1n \u201ctan pronto como sea posible, sin exceder el plazo de los siete\nd\u00edas, una vez que se haya identificado al ni\u00f1o\u201d. [34 C.F.R. Sec. 303.303(a)\n&amp; (c); 17 C.C.R. Sec. 52040].<\/p>\n","protected":false},"excerpt":{"rendered":"<p>La derivaci\u00f3n deben solicitarla al centro regional o al distrito escolar los padres, un m\u00e9dico o todo otro proveedor de servicios, en forma oral o&hellip;<\/p>\n","protected":false},"author":1,"featured_media":0,"parent":355,"menu_order":8,"comment_status":"closed","ping_status":"closed","template":"","meta":{"footnotes":""},"class_list":["post-2850","page","type-page","status-publish","hentry"],"_links":{"self":[{"href":"https:\/\/serr.disabilityrightsca.org\/sp\/wp-json\/wp\/v2\/pages\/2850","targetHints":{"allow":["GET"]}}],"collection":[{"href":"https:\/\/serr.disabilityrightsca.org\/sp\/wp-json\/wp\/v2\/pages"}],"about":[{"href":"https:\/\/serr.disabilityrightsca.org\/sp\/wp-json\/wp\/v2\/types\/page"}],"author":[{"embeddable":true,"href":"https:\/\/serr.disabilityrightsca.org\/sp\/wp-json\/wp\/v2\/users\/1"}],"replies":[{"embeddable":true,"href":"https:\/\/serr.disabilityrightsca.org\/sp\/wp-json\/wp\/v2\/comments?post=2850"}],"version-history":[{"count":2,"href":"https:\/\/serr.disabilityrightsca.org\/sp\/wp-json\/wp\/v2\/pages\/2850\/revisions"}],"predecessor-version":[{"id":3889,"href":"https:\/\/serr.disabilityrightsca.org\/sp\/wp-json\/wp\/v2\/pages\/2850\/revisions\/3889"}],"up":[{"embeddable":true,"href":"https:\/\/serr.disabilityrightsca.org\/sp\/wp-json\/wp\/v2\/pages\/355"}],"wp:attachment":[{"href":"https:\/\/serr.disabilityrightsca.org\/sp\/wp-json\/wp\/v2\/media?parent=2850"}],"curies":[{"name":"wp","href":"https:\/\/api.w.org\/{rel}","templated":true}]}}