{"id":2852,"date":"2019-12-30T15:27:09","date_gmt":"2019-12-30T23:27:09","guid":{"rendered":"https:\/\/serr.disabilityrightsca.org\/?page_id=2852"},"modified":"2020-07-15T16:07:05","modified_gmt":"2020-07-15T23:07:05","slug":"12-9-como-se-determinara-la-elegibilidad-para-los-servicios-de-intervencion-temprana","status":"publish","type":"page","link":"https:\/\/serr.disabilityrightsca.org\/sp\/serr-manual\/capitulo-12-informacion-sobre-los-servicios-de-intervencion-temprana\/12-9-como-se-determinara-la-elegibilidad-para-los-servicios-de-intervencion-temprana\/","title":{"rendered":"(12.9) \u00bfC\u00f3mo se determinar\u00e1 la elegibilidad para los servicios de intervenci\u00f3n temprana?"},"content":{"rendered":"\n<p>Una vez que se sospecha que un beb\u00e9 o ni\u00f1o\npeque\u00f1o tiene una discapacidad, se lo debe evaluar para determinar su\nelegibilidad para los servicios de intervenci\u00f3n temprana. La evaluaci\u00f3n puede\ntener lugar solamente con el consentimiento de los padres. [34 C.F.R. Sec.\n303.420]. Los centros regionales y los distritos escolares son responsables de\ngarantizar la implementaci\u00f3n del proceso de evaluaci\u00f3n. [Cal. Gov. Code Sec.\n95016(b)]. A cada ni\u00f1o derivado para la determinaci\u00f3n de la elegibilidad para\nlos servicios de intervenci\u00f3n temprana se le debe proporcionar una \u201cevaluaci\u00f3n\noportuna, integral y multidisciplinaria\u201d de las necesidades y del nivel de\nfuncionamiento. La evaluaci\u00f3n \u201cdebe ser realizada por personal calificado y\ndebe incluir una entrevista con la familia para identificar las fortalezas y\nlas necesidades \u00fanicas del ni\u00f1o, as\u00ed como los servicios adecuados para\nsatisfacer dichas necesidades; los recursos, las prioridades y las inquietudes\nde la familia; y los apoyos y servicios necesarios para mejorar la capacidad de\nla familia para satisfacer las necesidades del desarrollo de su beb\u00e9 o ni\u00f1o\npeque\u00f1o\u201d.<\/p>\n\n\n\n<p>Seg\u00fan corresponda, las evaluaciones se compartir\u00e1n\ncon el centro regional, el distrito escolar y todo otro organismo que brinde\nservicios para el beb\u00e9 o ni\u00f1o peque\u00f1o elegible. Las evaluaciones deben\ndirigirse a la familia y ser voluntarias para esta, quien deber\u00e1 tener la\noportunidad de participar en toda toma de decisi\u00f3n relacionada con la\nelegibilidad y los servicios. [34 C.F.R. Sec. 303.321; Cal. Gov. Code Sec.\n95016(a)].<\/p>\n\n\n\n<p>La toma de decisi\u00f3n respecto de la\nelegibilidad est\u00e1 a cargo de personal calificado del centro regional o del\ndistrito con la participaci\u00f3n del equipo multidisciplinario que incluye a los\npadres. La evaluaci\u00f3n debe basarse en una \u201copini\u00f3n cl\u00ednica informada\u201d y debe\nincluir lo siguiente:<\/p>\n\n\n\n<p>(1) una revisi\u00f3n de registros pertinentes\nrelacionados con el estado de salud y la historia cl\u00ednica del beb\u00e9 o ni\u00f1o\npeque\u00f1o proporcionados por profesionales de la salud calificados que lo hayan\nevaluado o examinado;<\/p>\n\n\n\n<p>(2) informaci\u00f3n obtenida de la observaci\u00f3n\ny los informes de los padres.<\/p>\n\n\n\n<p>La evaluaci\u00f3n tambi\u00e9n debe incluir el nivel\nde funcionamiento del beb\u00e9 o ni\u00f1o peque\u00f1o en las \u00e1reas siguientes:<\/p>\n\n\n\n<p>(1) desarrollo cognitivo;<\/p>\n\n\n\n<p>(2) desarrollo f\u00edsico o motor, incluidas la\nvista y la audici\u00f3n;<\/p>\n\n\n\n<p>(3) desarrollo de la comunicaci\u00f3n;<\/p>\n\n\n\n<p>(4) desarrollo social o emocional;<\/p>\n\n\n\n<p>(5) desarrollo adaptativo.<\/p>\n\n\n\n<p>No puede utilizarse un solo procedimiento o\nuna sola prueba como criterio \u00fanico para determinar la elegibilidad. Las\npruebas estandarizadas pueden utilizarse como parte de la evaluaci\u00f3n y deben\ncumplir con lo siguiente:<\/p>\n\n\n\n<p>(1) Se deben seleccionar para garantizar\nque, al realiz\u00e1rselas a un beb\u00e9 o ni\u00f1o peque\u00f1o con deficiencias sensoriales,\nmotrices o del habla, las pruebas produzcan resultados que reflejen con\nprecisi\u00f3n la aptitud del beb\u00e9 o ni\u00f1o peque\u00f1o, su nivel de desarrollo o todo\notro factor que la prueba pretenda medir, en lugar de sus deficiencias\nsensoriales, motrices o del habla, salvo que dichas discapacidades sean los\nfactores que la prueba pretenda medir.<\/p>\n\n\n\n<p>(2) Se deben validar para el prop\u00f3sito\nespec\u00edfico para el cual se utilizan.<\/p>\n\n\n\n<p>(3) Se deben seleccionar y administrar de\nmodo tal que no sean discriminatorias en t\u00e9rminos raciales ni culturales.<\/p>\n\n\n\n<p>(4) Se deben realizar en un \u201centorno\nnatural\u201d siempre que sea posible.<\/p>\n\n\n\n<p>Un entorno natural es un contexto que sea\nnatural o normal para pares sin discapacidad de la misma edad del ni\u00f1o. [34\nC.F.R. Sec. 303.26].<\/p>\n\n\n\n<p>Los beb\u00e9s o ni\u00f1os peque\u00f1os exclusivamente\ncon discapacidades de baja incidencia ser\u00e1n evaluados y examinados por personal\ncalificado del distrito cuya preparaci\u00f3n profesional, licencia o credencial de\nautorizaci\u00f3n sean espec\u00edficas para la discapacidad sospechada. [17 C.C.R. Sec.\n52082(g)].<\/p>\n","protected":false},"excerpt":{"rendered":"<p>Una vez que se sospecha que un beb\u00e9 o ni\u00f1o peque\u00f1o tiene una discapacidad, se lo debe evaluar para determinar su elegibilidad para los servicios&hellip;<\/p>\n","protected":false},"author":1,"featured_media":0,"parent":355,"menu_order":9,"comment_status":"closed","ping_status":"closed","template":"","meta":{"footnotes":""},"class_list":["post-2852","page","type-page","status-publish","hentry"],"_links":{"self":[{"href":"https:\/\/serr.disabilityrightsca.org\/sp\/wp-json\/wp\/v2\/pages\/2852","targetHints":{"allow":["GET"]}}],"collection":[{"href":"https:\/\/serr.disabilityrightsca.org\/sp\/wp-json\/wp\/v2\/pages"}],"about":[{"href":"https:\/\/serr.disabilityrightsca.org\/sp\/wp-json\/wp\/v2\/types\/page"}],"author":[{"embeddable":true,"href":"https:\/\/serr.disabilityrightsca.org\/sp\/wp-json\/wp\/v2\/users\/1"}],"replies":[{"embeddable":true,"href":"https:\/\/serr.disabilityrightsca.org\/sp\/wp-json\/wp\/v2\/comments?post=2852"}],"version-history":[{"count":2,"href":"https:\/\/serr.disabilityrightsca.org\/sp\/wp-json\/wp\/v2\/pages\/2852\/revisions"}],"predecessor-version":[{"id":3891,"href":"https:\/\/serr.disabilityrightsca.org\/sp\/wp-json\/wp\/v2\/pages\/2852\/revisions\/3891"}],"up":[{"embeddable":true,"href":"https:\/\/serr.disabilityrightsca.org\/sp\/wp-json\/wp\/v2\/pages\/355"}],"wp:attachment":[{"href":"https:\/\/serr.disabilityrightsca.org\/sp\/wp-json\/wp\/v2\/media?parent=2852"}],"curies":[{"name":"wp","href":"https:\/\/api.w.org\/{rel}","templated":true}]}}