{"id":2854,"date":"2019-12-30T15:29:42","date_gmt":"2019-12-30T23:29:42","guid":{"rendered":"https:\/\/serr.disabilityrightsca.org\/?page_id=2854"},"modified":"2020-07-15T16:07:58","modified_gmt":"2020-07-15T23:07:58","slug":"12-10-una-vez-determinada-la-elegibilidad-como-se-identificaran-los-servicios-para-mi-hijo-y-nuestra-familia","status":"publish","type":"page","link":"https:\/\/serr.disabilityrightsca.org\/sp\/serr-manual\/capitulo-12-informacion-sobre-los-servicios-de-intervencion-temprana\/12-10-una-vez-determinada-la-elegibilidad-como-se-identificaran-los-servicios-para-mi-hijo-y-nuestra-familia\/","title":{"rendered":"(12.10) Una vez determinada la elegibilidad, \u00bfc\u00f3mo se identificar\u00e1n los servicios para mi hijo y nuestra familia?"},"content":{"rendered":"\n<p>El centro regional o el distrito deber\u00e1\nllevar a cabo una evaluaci\u00f3n para planificar los servicios que se prestar\u00e1n\npara su hijo y su familia. La \u201cevaluaci\u00f3n para la planificaci\u00f3n de servicios\u201d\ndebe identificar todos los puntos siguientes:<\/p>\n\n\n\n<p>(1) las fortalezas y necesidades \u00fanicas de\nsu hijo en cada una de las cinco \u00e1reas de evaluaci\u00f3n, es decir, desarrollo\ncognitivo; desarrollo f\u00edsico o motor, que incluye la vista y la audici\u00f3n;\ndesarrollo de la comunicaci\u00f3n; desarrollo social o emocional; o desarrollo\nadaptativo;<\/p>\n\n\n\n<p>(2) los servicios de intervenci\u00f3n temprana\ny otros servicios adecuados para satisfacer las necesidades de su hijo;<\/p>\n\n\n\n<p>(3) los recursos, las prioridades y las\ninquietudes de su familia, y los apoyos y servicios necesarios para mejorar la\ncapacidad de su familia para satisfacer las necesidades del desarrollo de un\nbeb\u00e9 o ni\u00f1o peque\u00f1o con una discapacidad (si brinda su consentimiento para\nllevar a cabo una evaluaci\u00f3n familiar).<\/p>\n\n\n\n<p>Los centros regionales y los distritos\npueden usar materiales de evaluaci\u00f3n existentes si el equipo multidisciplinario\nacuerda que dichos materiales describen adecuadamente los niveles de desarrollo\ny las necesidades de servicios para un beb\u00e9 o ni\u00f1o peque\u00f1o. Las evaluaciones\npara la planificaci\u00f3n de servicios deben realizarse en entornos naturales\nsiempre que sea posible.<\/p>\n\n\n\n<p>La evaluaci\u00f3n se basar\u00e1 en m\u00e9todos y\nprocedimientos adecuados para la edad, que pueden incluir cualquiera de los\nsiguientes:<\/p>\n\n\n\n<p>(1) una revisi\u00f3n de informaci\u00f3n relacionada\ncon el estado de salud y la historia cl\u00ednica de su hijo proporcionada por\nprofesionales de la salud calificados que lo hayan evaluado o examinado;<\/p>\n\n\n\n<p>(2) observaciones del desarrollo realizadas\npor usted y por personal calificado;<\/p>\n\n\n\n<p>(3) otros procedimientos utilizados por\npersonal calificado para determinar la presencia de un retraso en el\ndesarrollo, una afecci\u00f3n de riesgo establecida o un alto riesgo de tener una\ndiscapacidad del desarrollo;<\/p>\n\n\n\n<p>(4) pruebas o instrumentos estandarizados.<\/p>\n\n\n\n<p>Las evaluaciones de los recursos, las\nprioridades y las inquietudes de la familia relacionadas con la mejora del\ndesarrollo de su hijo ser\u00e1n voluntarias y deber\u00e1n cumplir con las siguientes\ncondiciones:<\/p>\n\n\n\n<p>(1) deber\u00e1n ser realizadas por personal\ncalificado y capacitado para utilizar m\u00e9todos y procedimientos adecuados;<\/p>\n\n\n\n<p>(2) deber\u00e1n basarse en informaci\u00f3n\nproporcionada por su familia a trav\u00e9s de una entrevista presencial;<\/p>\n\n\n\n<p>(3) deber\u00e1n incorporar su descripci\u00f3n de\nlos recursos, las prioridades y las inquietudes de su familia para mejorar el\ndesarrollo de su hijo;<\/p>\n\n\n\n<p>(4) deber\u00e1n realizarse en el idioma que\nhabla su familia u otro modo de comunicaci\u00f3n, a menos que esto no sea\nplausible.<\/p>\n\n\n\n<p>[17 C.C.R. Sec. 52084].<\/p>\n","protected":false},"excerpt":{"rendered":"<p>El centro regional o el distrito deber\u00e1 llevar a cabo una evaluaci\u00f3n para planificar los servicios que se prestar\u00e1n para su hijo y su familia.&hellip;<\/p>\n","protected":false},"author":1,"featured_media":0,"parent":355,"menu_order":10,"comment_status":"closed","ping_status":"closed","template":"","meta":{"footnotes":""},"class_list":["post-2854","page","type-page","status-publish","hentry"],"_links":{"self":[{"href":"https:\/\/serr.disabilityrightsca.org\/sp\/wp-json\/wp\/v2\/pages\/2854","targetHints":{"allow":["GET"]}}],"collection":[{"href":"https:\/\/serr.disabilityrightsca.org\/sp\/wp-json\/wp\/v2\/pages"}],"about":[{"href":"https:\/\/serr.disabilityrightsca.org\/sp\/wp-json\/wp\/v2\/types\/page"}],"author":[{"embeddable":true,"href":"https:\/\/serr.disabilityrightsca.org\/sp\/wp-json\/wp\/v2\/users\/1"}],"replies":[{"embeddable":true,"href":"https:\/\/serr.disabilityrightsca.org\/sp\/wp-json\/wp\/v2\/comments?post=2854"}],"version-history":[{"count":2,"href":"https:\/\/serr.disabilityrightsca.org\/sp\/wp-json\/wp\/v2\/pages\/2854\/revisions"}],"predecessor-version":[{"id":3892,"href":"https:\/\/serr.disabilityrightsca.org\/sp\/wp-json\/wp\/v2\/pages\/2854\/revisions\/3892"}],"up":[{"embeddable":true,"href":"https:\/\/serr.disabilityrightsca.org\/sp\/wp-json\/wp\/v2\/pages\/355"}],"wp:attachment":[{"href":"https:\/\/serr.disabilityrightsca.org\/sp\/wp-json\/wp\/v2\/media?parent=2854"}],"curies":[{"name":"wp","href":"https:\/\/api.w.org\/{rel}","templated":true}]}}