{"id":2856,"date":"2019-12-30T15:30:52","date_gmt":"2019-12-30T23:30:52","guid":{"rendered":"https:\/\/serr.disabilityrightsca.org\/?page_id=2856"},"modified":"2020-07-15T16:08:44","modified_gmt":"2020-07-15T23:08:44","slug":"12-11-una-vez-realizada-la-derivacion-para-la-evaluacion-cuando-tendra-lugar-la-reunion-para-determinar-la-elegibilidad-y-desarrollar-un-plan-de-servicios","status":"publish","type":"page","link":"https:\/\/serr.disabilityrightsca.org\/sp\/serr-manual\/capitulo-12-informacion-sobre-los-servicios-de-intervencion-temprana\/12-11-una-vez-realizada-la-derivacion-para-la-evaluacion-cuando-tendra-lugar-la-reunion-para-determinar-la-elegibilidad-y-desarrollar-un-plan-de-servicios\/","title":{"rendered":"(12.11) Una vez realizada la derivaci\u00f3n para la evaluaci\u00f3n, \u00bfcu\u00e1ndo tendr\u00e1 lugar la reuni\u00f3n para determinar la elegibilidad y desarrollar un plan de servicios?"},"content":{"rendered":"\n<p>El centro regional o el distrito escolar debe completar las actividades de evaluaci\u00f3n, llevar a cabo una reuni\u00f3n para determinar la elegibilidad y desarrollar un Plan de Servicio Familiar Individualizado (Individualized Family Service Plan, IFSP) dentro del plazo de 45 d\u00edas a partir de la recepci\u00f3n de la derivaci\u00f3n en forma oral o escrita para los servicios de intervenci\u00f3n temprana. [34 C.F.R. Sec. 303.310(a); Cal. Gov. Code Sec. 95020(b)]. Con el consentimiento de los padres, los servicios pueden comenzar antes de completar la evaluaci\u00f3n. [20 U.S.C. Sec. 1436(c)].<\/p>\n","protected":false},"excerpt":{"rendered":"<p>El centro regional o el distrito escolar debe completar las actividades de evaluaci\u00f3n, llevar a cabo una reuni\u00f3n para determinar la elegibilidad y desarrollar un&hellip;<\/p>\n","protected":false},"author":1,"featured_media":0,"parent":355,"menu_order":11,"comment_status":"closed","ping_status":"closed","template":"","meta":{"footnotes":""},"class_list":["post-2856","page","type-page","status-publish","hentry"],"_links":{"self":[{"href":"https:\/\/serr.disabilityrightsca.org\/sp\/wp-json\/wp\/v2\/pages\/2856","targetHints":{"allow":["GET"]}}],"collection":[{"href":"https:\/\/serr.disabilityrightsca.org\/sp\/wp-json\/wp\/v2\/pages"}],"about":[{"href":"https:\/\/serr.disabilityrightsca.org\/sp\/wp-json\/wp\/v2\/types\/page"}],"author":[{"embeddable":true,"href":"https:\/\/serr.disabilityrightsca.org\/sp\/wp-json\/wp\/v2\/users\/1"}],"replies":[{"embeddable":true,"href":"https:\/\/serr.disabilityrightsca.org\/sp\/wp-json\/wp\/v2\/comments?post=2856"}],"version-history":[{"count":2,"href":"https:\/\/serr.disabilityrightsca.org\/sp\/wp-json\/wp\/v2\/pages\/2856\/revisions"}],"predecessor-version":[{"id":3893,"href":"https:\/\/serr.disabilityrightsca.org\/sp\/wp-json\/wp\/v2\/pages\/2856\/revisions\/3893"}],"up":[{"embeddable":true,"href":"https:\/\/serr.disabilityrightsca.org\/sp\/wp-json\/wp\/v2\/pages\/355"}],"wp:attachment":[{"href":"https:\/\/serr.disabilityrightsca.org\/sp\/wp-json\/wp\/v2\/media?parent=2856"}],"curies":[{"name":"wp","href":"https:\/\/api.w.org\/{rel}","templated":true}]}}