{"id":2858,"date":"2019-12-30T15:33:06","date_gmt":"2019-12-30T23:33:06","guid":{"rendered":"https:\/\/serr.disabilityrightsca.org\/?page_id=2858"},"modified":"2020-07-15T16:09:34","modified_gmt":"2020-07-15T23:09:34","slug":"12-12-como-se-desarrolla-el-ifsp-y-con-que-frecuencia-se-revisa","status":"publish","type":"page","link":"https:\/\/serr.disabilityrightsca.org\/sp\/serr-manual\/capitulo-12-informacion-sobre-los-servicios-de-intervencion-temprana\/12-12-como-se-desarrolla-el-ifsp-y-con-que-frecuencia-se-revisa\/","title":{"rendered":"(12.12) \u00bfC\u00f3mo se desarrolla el IFSP y con qu\u00e9 frecuencia se revisa?"},"content":{"rendered":"\n<p>Un equipo multidisciplinario, que incluye a los padres o tutores, desarrolla el IFSP a partir de una evaluaci\u00f3n de las necesidades \u00fanicas del beb\u00e9 o ni\u00f1o peque\u00f1o. El IFSP tambi\u00e9n identifica los servicios adecuados para satisfacer dichas necesidades. [34 C.F.R. Secs. 303.343 &amp; 303.344]. El IFSP se eval\u00faa al menos una vez al a\u00f1o. [34 C.F.R. Sec. 303.342(c); Cal. Gov. Code Sec. 95020(f)]. Adem\u00e1s, se le proporciona a la familia una revisi\u00f3n del plan cada seis meses o con m\u00e1s frecuencia si es necesario o si los padres la solicitan. [34 C.F.R. Sec. 303.342(b); 17 C.C.R. Sec. 52102(b)].<\/p>\n","protected":false},"excerpt":{"rendered":"<p>Un equipo multidisciplinario, que incluye a los padres o tutores, desarrolla el IFSP a partir de una evaluaci\u00f3n de las necesidades \u00fanicas del beb\u00e9 o&hellip;<\/p>\n","protected":false},"author":1,"featured_media":0,"parent":355,"menu_order":12,"comment_status":"closed","ping_status":"closed","template":"","meta":{"footnotes":""},"class_list":["post-2858","page","type-page","status-publish","hentry"],"_links":{"self":[{"href":"https:\/\/serr.disabilityrightsca.org\/sp\/wp-json\/wp\/v2\/pages\/2858","targetHints":{"allow":["GET"]}}],"collection":[{"href":"https:\/\/serr.disabilityrightsca.org\/sp\/wp-json\/wp\/v2\/pages"}],"about":[{"href":"https:\/\/serr.disabilityrightsca.org\/sp\/wp-json\/wp\/v2\/types\/page"}],"author":[{"embeddable":true,"href":"https:\/\/serr.disabilityrightsca.org\/sp\/wp-json\/wp\/v2\/users\/1"}],"replies":[{"embeddable":true,"href":"https:\/\/serr.disabilityrightsca.org\/sp\/wp-json\/wp\/v2\/comments?post=2858"}],"version-history":[{"count":2,"href":"https:\/\/serr.disabilityrightsca.org\/sp\/wp-json\/wp\/v2\/pages\/2858\/revisions"}],"predecessor-version":[{"id":3894,"href":"https:\/\/serr.disabilityrightsca.org\/sp\/wp-json\/wp\/v2\/pages\/2858\/revisions\/3894"}],"up":[{"embeddable":true,"href":"https:\/\/serr.disabilityrightsca.org\/sp\/wp-json\/wp\/v2\/pages\/355"}],"wp:attachment":[{"href":"https:\/\/serr.disabilityrightsca.org\/sp\/wp-json\/wp\/v2\/media?parent=2858"}],"curies":[{"name":"wp","href":"https:\/\/api.w.org\/{rel}","templated":true}]}}