{"id":2860,"date":"2019-12-30T15:34:34","date_gmt":"2019-12-30T23:34:34","guid":{"rendered":"https:\/\/serr.disabilityrightsca.org\/?page_id=2860"},"modified":"2020-07-15T16:10:18","modified_gmt":"2020-07-15T23:10:18","slug":"12-13-que-se-debe-incluir-en-el-ifsp","status":"publish","type":"page","link":"https:\/\/serr.disabilityrightsca.org\/sp\/serr-manual\/capitulo-12-informacion-sobre-los-servicios-de-intervencion-temprana\/12-13-que-se-debe-incluir-en-el-ifsp\/","title":{"rendered":"(12.13) \u00bfQu\u00e9 se debe incluir en el IFSP?"},"content":{"rendered":"\n<p>El IFSP debe plasmarse por escrito y debe\nincluir lo siguiente:<\/p>\n\n\n\n<p>(1) un informe de los niveles actuales de\ndesarrollo del beb\u00e9 o ni\u00f1o peque\u00f1o;<\/p>\n\n\n\n<p>(2) un informe de las inquietudes, las\nprioridades y los recursos de la familia;<\/p>\n\n\n\n<p>(3) un informe de los mayores resultados\nque se pueden esperar y los criterios, los procedimientos y los plazos\nutilizados para evaluar dichos resultados;<\/p>\n\n\n\n<p>(4) un informe de servicios espec\u00edficos,\nque incluya la frecuencia, la duraci\u00f3n y el m\u00e9todo de prestaci\u00f3n de los\nservicios;<\/p>\n\n\n\n<p>(5) un informe de los \u201centornos naturales\u201d\nen los que los servicios de intervenci\u00f3n temprana se proporcionar\u00edan de manera\nadecuada, incluida una justificaci\u00f3n de en qu\u00e9 medida, si corresponde, los\nservicios no se prestar\u00e1n en un entorno natural;<\/p>\n\n\n\n<p>(6) las fechas de inicio de los servicios;<\/p>\n\n\n\n<p>(7) el nombre del organismo responsable de\nproporcionar los servicios identificados;<\/p>\n\n\n\n<p>(8) el nombre del coordinador de servicios;<\/p>\n\n\n\n<p>(9) un plan de transici\u00f3n a otros servicios\nadecuados.<\/p>\n\n\n\n<p>[20 U.S.C. Sec. 1436(d); 34 C.F.R. Sec.\n303.344; Cal. Gov. Code Sec. 95020(d); 17 C.C.R. Sec. 52106(b)]. Los padres\ndeben firmar el IFSP para dar su consentimiento con el fin de que comiencen los\nservicios. [20 U.S.C. Sec. 1436 (e)].<\/p>\n","protected":false},"excerpt":{"rendered":"<p>El IFSP debe plasmarse por escrito y debe incluir lo siguiente: (1) un informe de los niveles actuales de desarrollo del beb\u00e9 o ni\u00f1o peque\u00f1o;&hellip;<\/p>\n","protected":false},"author":1,"featured_media":0,"parent":355,"menu_order":13,"comment_status":"closed","ping_status":"closed","template":"","meta":{"footnotes":""},"class_list":["post-2860","page","type-page","status-publish","hentry"],"_links":{"self":[{"href":"https:\/\/serr.disabilityrightsca.org\/sp\/wp-json\/wp\/v2\/pages\/2860","targetHints":{"allow":["GET"]}}],"collection":[{"href":"https:\/\/serr.disabilityrightsca.org\/sp\/wp-json\/wp\/v2\/pages"}],"about":[{"href":"https:\/\/serr.disabilityrightsca.org\/sp\/wp-json\/wp\/v2\/types\/page"}],"author":[{"embeddable":true,"href":"https:\/\/serr.disabilityrightsca.org\/sp\/wp-json\/wp\/v2\/users\/1"}],"replies":[{"embeddable":true,"href":"https:\/\/serr.disabilityrightsca.org\/sp\/wp-json\/wp\/v2\/comments?post=2860"}],"version-history":[{"count":2,"href":"https:\/\/serr.disabilityrightsca.org\/sp\/wp-json\/wp\/v2\/pages\/2860\/revisions"}],"predecessor-version":[{"id":3895,"href":"https:\/\/serr.disabilityrightsca.org\/sp\/wp-json\/wp\/v2\/pages\/2860\/revisions\/3895"}],"up":[{"embeddable":true,"href":"https:\/\/serr.disabilityrightsca.org\/sp\/wp-json\/wp\/v2\/pages\/355"}],"wp:attachment":[{"href":"https:\/\/serr.disabilityrightsca.org\/sp\/wp-json\/wp\/v2\/media?parent=2860"}],"curies":[{"name":"wp","href":"https:\/\/api.w.org\/{rel}","templated":true}]}}