{"id":2862,"date":"2019-12-30T15:39:08","date_gmt":"2019-12-30T23:39:08","guid":{"rendered":"https:\/\/serr.disabilityrightsca.org\/?page_id=2862"},"modified":"2020-07-15T16:13:24","modified_gmt":"2020-07-15T23:13:24","slug":"12-14-que-servicios-se-incluyen-en-la-parte-c-para-los-ninos-desde-su-nacimiento-hasta-la-edad-de-los-tres-anos","status":"publish","type":"page","link":"https:\/\/serr.disabilityrightsca.org\/sp\/serr-manual\/capitulo-12-informacion-sobre-los-servicios-de-intervencion-temprana\/12-14-que-servicios-se-incluyen-en-la-parte-c-para-los-ninos-desde-su-nacimiento-hasta-la-edad-de-los-tres-anos\/","title":{"rendered":"(12.14) \u00bfQu\u00e9 servicios se incluyen en la Parte C para los ni\u00f1os desde su nacimiento hasta la edad de los tres a\u00f1os?"},"content":{"rendered":"\n<p>Los servicios conforme a la Parte C son\nproporcionados por el centro regional o el distrito escolar a las familias bajo\nsupervisi\u00f3n p\u00fablica y, en la mayor\u00eda de los casos, no implican costo alguno, y\ndeben dise\u00f1arse para satisfacer las necesidades del desarrollo del beb\u00e9 o ni\u00f1o\npeque\u00f1o. [20 U.S.C. Sec. 1432(4)]. Pueden incluir los siguientes:<\/p>\n\n\n\n<p>(1) dispositivos y servicios de tecnolog\u00eda\nasistencial (assistive technology);<\/p>\n\n\n\n<p>(2) audiolog\u00eda;<\/p>\n\n\n\n<p>(3) capacitaci\u00f3n familiar, asesoramiento y\nvisitas al hogar;<\/p>\n\n\n\n<p>(4) servicios de salud (incluye cateterismo,\ncuidados por traqueotom\u00eda, alimentaci\u00f3n por sonda, cambio de ap\u00f3sitos y bolsas\nde colostom\u00eda y consultas m\u00e9dicas);<\/p>\n\n\n\n<p>(5) atenci\u00f3n m\u00e9dica solo con el fin de\nrealizar un diagn\u00f3stico o una evaluaci\u00f3n;<\/p>\n\n\n\n<p>(6) servicios de enfermer\u00eda;<\/p>\n\n\n\n<p>(7) servicios nutricionales;<\/p>\n\n\n\n<p>(8) terapia ocupacional;<\/p>\n\n\n\n<p>(9) terapia f\u00edsica;<\/p>\n\n\n\n<p>(10) servicios psicol\u00f3gicos;<\/p>\n\n\n\n<p>(11) servicios de coordinaci\u00f3n de los\nservicios;<\/p>\n\n\n\n<p>(12) servicios de lenguaje de se\u00f1as y de\npalabra complementada;<\/p>\n\n\n\n<p>(13) servicios de trabajo social;<\/p>\n\n\n\n<p>(14) instrucci\u00f3n especial;<\/p>\n\n\n\n<p>(15) servicios de habla y lenguaje;<\/p>\n\n\n\n<p>(16) traslado y gastos relacionados;<\/p>\n\n\n\n<p>(17) servicios oftalmol\u00f3gicos;<\/p>\n\n\n\n<p>(18) servicios de relevo y otros servicios\nde apoyo familiar.<\/p>\n\n\n\n<p>[20 U.S.C. Sec. 1432(4)(E); 34 C.F.R. Sec.\n303.13 &amp; 303.16; 17 C.C.R. Sec. 52000(b)(12)]. Dir\u00edjase a la pregunta 22\npara obtener m\u00e1s informaci\u00f3n acerca de las contribuciones financieras de la\nfamilia para los servicios del centro regional. <\/p>\n\n\n\n<p>A partir de julio de 2009, excepto para los\nequipos m\u00e9dicos durables, los centros regionales ya no contratan servicios que\nno est\u00e9n contemplados en la ley federal, por ejemplo: cuidados infantiles,\npa\u00f1ales, odontolog\u00eda, atenci\u00f3n m\u00e9dica, vivienda, int\u00e9rpretes, traductores,\nasesoramiento gen\u00e9tico, orientaci\u00f3n por el consumo de sustancias, musicoterapia\ny servicios de relevo que no est\u00e9n relacionados con el retraso en el\ndesarrollo. [Cal. Gov. Code Sec. 95020(e)(3)].<\/p>\n","protected":false},"excerpt":{"rendered":"<p>Los servicios conforme a la Parte C son proporcionados por el centro regional o el distrito escolar a las familias bajo supervisi\u00f3n p\u00fablica y, en&hellip;<\/p>\n","protected":false},"author":1,"featured_media":0,"parent":355,"menu_order":14,"comment_status":"closed","ping_status":"closed","template":"","meta":{"footnotes":""},"class_list":["post-2862","page","type-page","status-publish","hentry"],"_links":{"self":[{"href":"https:\/\/serr.disabilityrightsca.org\/sp\/wp-json\/wp\/v2\/pages\/2862","targetHints":{"allow":["GET"]}}],"collection":[{"href":"https:\/\/serr.disabilityrightsca.org\/sp\/wp-json\/wp\/v2\/pages"}],"about":[{"href":"https:\/\/serr.disabilityrightsca.org\/sp\/wp-json\/wp\/v2\/types\/page"}],"author":[{"embeddable":true,"href":"https:\/\/serr.disabilityrightsca.org\/sp\/wp-json\/wp\/v2\/users\/1"}],"replies":[{"embeddable":true,"href":"https:\/\/serr.disabilityrightsca.org\/sp\/wp-json\/wp\/v2\/comments?post=2862"}],"version-history":[{"count":2,"href":"https:\/\/serr.disabilityrightsca.org\/sp\/wp-json\/wp\/v2\/pages\/2862\/revisions"}],"predecessor-version":[{"id":3896,"href":"https:\/\/serr.disabilityrightsca.org\/sp\/wp-json\/wp\/v2\/pages\/2862\/revisions\/3896"}],"up":[{"embeddable":true,"href":"https:\/\/serr.disabilityrightsca.org\/sp\/wp-json\/wp\/v2\/pages\/355"}],"wp:attachment":[{"href":"https:\/\/serr.disabilityrightsca.org\/sp\/wp-json\/wp\/v2\/media?parent=2862"}],"curies":[{"name":"wp","href":"https:\/\/api.w.org\/{rel}","templated":true}]}}