{"id":2864,"date":"2019-12-30T15:40:14","date_gmt":"2019-12-30T23:40:14","guid":{"rendered":"https:\/\/serr.disabilityrightsca.org\/?page_id=2864"},"modified":"2020-07-15T16:14:12","modified_gmt":"2020-07-15T23:14:12","slug":"12-15-mi-hijo-puede-acceder-a-los-servicios-en-el-hogar","status":"publish","type":"page","link":"https:\/\/serr.disabilityrightsca.org\/sp\/serr-manual\/capitulo-12-informacion-sobre-los-servicios-de-intervencion-temprana\/12-15-mi-hijo-puede-acceder-a-los-servicios-en-el-hogar\/","title":{"rendered":"(12.15) \u00bfMi hijo puede acceder a los servicios en el hogar?"},"content":{"rendered":"\n<p>En la m\u00e1xima medida adecuada para su hijo,\nlos servicios de intervenci\u00f3n temprana deben brindarse en entornos naturales,\nque incluyen el hogar y la comunidad, en los que participan los ni\u00f1os sin\ndiscapacidades. [34 C.F.R. Sec. 303.13(a)(8)]. Por lo tanto, los servicios de\nintervenci\u00f3n temprana necesarios para satisfacer las necesidades de su hijo\npodr\u00edan brindarse en el hogar. El IFSP de su hijo debe incluir un informe de\nlos servicios que necesita para satisfacer sus necesidades \u00fanicas y de las\nmaneras de brindar dichos servicios en entornos naturales. <\/p>\n\n\n\n<p>Conforme a la ley del estado, los beb\u00e9s y\nni\u00f1os peque\u00f1os tienen derecho a acceder a servicios en el hogar que incluyen,\nentre otros, los siguientes:<\/p>\n\n\n\n<p>(1) Observaci\u00f3n del comportamiento y el\ndesarrollo del beb\u00e9 en su entorno natural.<\/p>\n\n\n\n<p>(2) Actividades que son adecuadas para el\nbeb\u00e9 en cuanto a su desarrollo y que est\u00e1n especialmente dise\u00f1adas, sobre la\nbase de sus necesidades excepcionales, para mejorar su desarrollo. Dichas\nactividades se desarrollar\u00e1n de conformidad con el Plan de Servicio Familiar\nIndividualizado del beb\u00e9 y se garantizar\u00e1 que no entren en conflicto con sus\nnecesidades m\u00e9dicas.<\/p>\n\n\n\n<p>(3) Demostraci\u00f3n de actividades adecuadas\npara el desarrollo del beb\u00e9 a sus padres, hermanos y otros cuidadores que los\npadres designen.<\/p>\n\n\n\n<p>(4) Interacci\u00f3n con los miembros de la\nfamilia y otros cuidadores que los padres designen, para afianzar el desarrollo\nde habilidades necesarias para promover el desarrollo del beb\u00e9.<\/p>\n\n\n\n<p>(5) An\u00e1lisis de las inquietudes de los\npadres relacionadas con el beb\u00e9 y la familia, y apoyo a los padres para abordar\nlas necesidades de su beb\u00e9.<\/p>\n\n\n\n<p>(6) Asistencia a los padres para resolver\nproblemas, buscar otros servicios en su comunidad y coordinar los servicios\nproporcionados por distintos organismos.<\/p>\n\n\n\n<p>[Cal. Ed. Code Sec. 56426.1].\n\nA partir de julio de 2009, algunas o todas las\ncapacitaciones de intervenci\u00f3n del comportamiento se hac\u00edan en el hogar y eran\nindividualizadas. En la actualidad, cuando se desarrolla, revisa o modifica el\nIFSP, el equipo debe considerar implementar capacitaciones grupales para padres\nsobre la intervenci\u00f3n del comportamiento en lugar de la capacitaci\u00f3n individual\npara padres en el hogar. [Cal. Gov. Code Sec. \n\n\n\n<\/p>\n","protected":false},"excerpt":{"rendered":"<p>En la m\u00e1xima medida adecuada para su hijo, los servicios de intervenci\u00f3n temprana deben brindarse en entornos naturales, que incluyen el hogar y la comunidad,&hellip;<\/p>\n","protected":false},"author":1,"featured_media":0,"parent":355,"menu_order":15,"comment_status":"closed","ping_status":"closed","template":"","meta":{"footnotes":""},"class_list":["post-2864","page","type-page","status-publish","hentry"],"_links":{"self":[{"href":"https:\/\/serr.disabilityrightsca.org\/sp\/wp-json\/wp\/v2\/pages\/2864","targetHints":{"allow":["GET"]}}],"collection":[{"href":"https:\/\/serr.disabilityrightsca.org\/sp\/wp-json\/wp\/v2\/pages"}],"about":[{"href":"https:\/\/serr.disabilityrightsca.org\/sp\/wp-json\/wp\/v2\/types\/page"}],"author":[{"embeddable":true,"href":"https:\/\/serr.disabilityrightsca.org\/sp\/wp-json\/wp\/v2\/users\/1"}],"replies":[{"embeddable":true,"href":"https:\/\/serr.disabilityrightsca.org\/sp\/wp-json\/wp\/v2\/comments?post=2864"}],"version-history":[{"count":2,"href":"https:\/\/serr.disabilityrightsca.org\/sp\/wp-json\/wp\/v2\/pages\/2864\/revisions"}],"predecessor-version":[{"id":3897,"href":"https:\/\/serr.disabilityrightsca.org\/sp\/wp-json\/wp\/v2\/pages\/2864\/revisions\/3897"}],"up":[{"embeddable":true,"href":"https:\/\/serr.disabilityrightsca.org\/sp\/wp-json\/wp\/v2\/pages\/355"}],"wp:attachment":[{"href":"https:\/\/serr.disabilityrightsca.org\/sp\/wp-json\/wp\/v2\/media?parent=2864"}],"curies":[{"name":"wp","href":"https:\/\/api.w.org\/{rel}","templated":true}]}}