{"id":2868,"date":"2019-12-30T15:41:53","date_gmt":"2019-12-30T23:41:53","guid":{"rendered":"https:\/\/serr.disabilityrightsca.org\/?page_id=2868"},"modified":"2020-07-17T11:22:45","modified_gmt":"2020-07-17T18:22:45","slug":"12-17-si-mi-hijo-recibe-los-servicios-del-distrito-escolar-en-lugar-del-centro-regional-existe-un-limite-en-la-frecuencia-de-los-servicios-en-el-hogar-o-de-los-servicios-grupales","status":"publish","type":"page","link":"https:\/\/serr.disabilityrightsca.org\/sp\/serr-manual\/capitulo-12-informacion-sobre-los-servicios-de-intervencion-temprana\/12-17-si-mi-hijo-recibe-los-servicios-del-distrito-escolar-en-lugar-del-centro-regional-existe-un-limite-en-la-frecuencia-de-los-servicios-en-el-hogar-o-de-los-servicios-grupales\/","title":{"rendered":"(12.17) Si mi hijo recibe los servicios del distrito escolar en lugar del centro regional, \u00bfexiste un l\u00edmite en la frecuencia de los servicios en el hogar o de los servicios grupales?"},"content":{"rendered":"\n<p>No. Si su hijo recibe los servicios de un distrito escolar en cualquier medida, la ley estatal claramente determina que los niveles m\u00e1ximos para los servicios en el hogar y los servicios grupales \u201cse aplican \u00fanicamente a los fines de la asignaci\u00f3n de fondos para programas de educaci\u00f3n temprana&#8230;\u201d. Los distritos pueden exceder dichos niveles de servicio conforme a las necesidades individuales y a los servicios incluidos en el IFSP de su hijo. Los niveles m\u00e1ximos de servicio no pretenden limitar los servicios de su hijo, sino la responsabilidad fiscal del estado respecto de dichos servicios. [Cal. Ed. Code Sec. 56426.25].<\/p>\n","protected":false},"excerpt":{"rendered":"<p>No. Si su hijo recibe los servicios de un distrito escolar en cualquier medida, la ley estatal claramente determina que los niveles m\u00e1ximos para los&hellip;<\/p>\n","protected":false},"author":1,"featured_media":0,"parent":355,"menu_order":17,"comment_status":"closed","ping_status":"closed","template":"","meta":{"footnotes":""},"class_list":["post-2868","page","type-page","status-publish","hentry"],"_links":{"self":[{"href":"https:\/\/serr.disabilityrightsca.org\/sp\/wp-json\/wp\/v2\/pages\/2868","targetHints":{"allow":["GET"]}}],"collection":[{"href":"https:\/\/serr.disabilityrightsca.org\/sp\/wp-json\/wp\/v2\/pages"}],"about":[{"href":"https:\/\/serr.disabilityrightsca.org\/sp\/wp-json\/wp\/v2\/types\/page"}],"author":[{"embeddable":true,"href":"https:\/\/serr.disabilityrightsca.org\/sp\/wp-json\/wp\/v2\/users\/1"}],"replies":[{"embeddable":true,"href":"https:\/\/serr.disabilityrightsca.org\/sp\/wp-json\/wp\/v2\/comments?post=2868"}],"version-history":[{"count":2,"href":"https:\/\/serr.disabilityrightsca.org\/sp\/wp-json\/wp\/v2\/pages\/2868\/revisions"}],"predecessor-version":[{"id":3899,"href":"https:\/\/serr.disabilityrightsca.org\/sp\/wp-json\/wp\/v2\/pages\/2868\/revisions\/3899"}],"up":[{"embeddable":true,"href":"https:\/\/serr.disabilityrightsca.org\/sp\/wp-json\/wp\/v2\/pages\/355"}],"wp:attachment":[{"href":"https:\/\/serr.disabilityrightsca.org\/sp\/wp-json\/wp\/v2\/media?parent=2868"}],"curies":[{"name":"wp","href":"https:\/\/api.w.org\/{rel}","templated":true}]}}