{"id":2874,"date":"2019-12-30T15:44:38","date_gmt":"2019-12-30T23:44:38","guid":{"rendered":"https:\/\/serr.disabilityrightsca.org\/?page_id=2874"},"modified":"2024-07-23T15:51:27","modified_gmt":"2024-07-23T22:51:27","slug":"12-20-hay-una-persona-especificamente-responsable-de-implementar-el-ifsp","status":"publish","type":"page","link":"https:\/\/serr.disabilityrightsca.org\/sp\/serr-manual\/capitulo-12-informacion-sobre-los-servicios-de-intervencion-temprana\/12-20-hay-una-persona-especificamente-responsable-de-implementar-el-ifsp\/","title":{"rendered":"(12.20) \u00bfHay una persona espec\u00edficamente responsable de implementar el IFSP?"},"content":{"rendered":"\n<p>Un coordinador de servicios designado por\nel equipo del IFSP es responsable de gestionar la implementaci\u00f3n del plan y la\ncoordinaci\u00f3n con otros organismos o proveedores de servicios. El DDS\ngarantizar\u00e1 que los coordinadores de servicios est\u00e9n capacitados para trabajar\ncon los beb\u00e9s y sus familias y que cumplan con los requisitos de regulaci\u00f3n y\ncompetencia federales y estatales. [20 U.S.C. Sec. 1436(d)(7); Cal. Gov. Code Sec.\n95018].<\/p>\n\n\n\n<p>Conforme a la ley de California, un\ndistrito escolar, un \u00c1rea del Plan Local de Educaci\u00f3n Especial (Special\nEducation Local Plan Area, SELPA) o una oficina del condado ser\u00e1n ser\nresponsables por la prestaci\u00f3n de servicios a trav\u00e9s de un equipo transdisciplinario.\nAdem\u00e1s de los padres, el equipo tambi\u00e9n incluir\u00e1 profesionales especializados\nen educaci\u00f3n especial, fonoaudiolog\u00eda, terapia f\u00edsica, terapia ocupacional,\naudiolog\u00eda, enfermer\u00eda (con un nivel de conocimientos no inferior a un\nenfermero certificado), trabajo social, psicolog\u00eda, salud mental o asistencia\nentre padres. Se designa a un miembro del equipo para coordinar y brindar los\nservicios y actuar como consultor de los dem\u00e1s miembros. Un proveedor de\nservicios tambi\u00e9n debe tener experiencia adecuada en \u201cdesarrollo infantil\nnormal y at\u00edpico\u201d. [Cal. Ed. Code Sec. 56426.6].<\/p>\n","protected":false},"excerpt":{"rendered":"<p>Un coordinador de servicios designado por el equipo del IFSP es responsable de gestionar la implementaci\u00f3n del plan y la coordinaci\u00f3n con otros organismos o&hellip;<\/p>\n","protected":false},"author":1,"featured_media":0,"parent":355,"menu_order":20,"comment_status":"closed","ping_status":"closed","template":"","meta":{"footnotes":""},"class_list":["post-2874","page","type-page","status-publish","hentry"],"_links":{"self":[{"href":"https:\/\/serr.disabilityrightsca.org\/sp\/wp-json\/wp\/v2\/pages\/2874","targetHints":{"allow":["GET"]}}],"collection":[{"href":"https:\/\/serr.disabilityrightsca.org\/sp\/wp-json\/wp\/v2\/pages"}],"about":[{"href":"https:\/\/serr.disabilityrightsca.org\/sp\/wp-json\/wp\/v2\/types\/page"}],"author":[{"embeddable":true,"href":"https:\/\/serr.disabilityrightsca.org\/sp\/wp-json\/wp\/v2\/users\/1"}],"replies":[{"embeddable":true,"href":"https:\/\/serr.disabilityrightsca.org\/sp\/wp-json\/wp\/v2\/comments?post=2874"}],"version-history":[{"count":2,"href":"https:\/\/serr.disabilityrightsca.org\/sp\/wp-json\/wp\/v2\/pages\/2874\/revisions"}],"predecessor-version":[{"id":3902,"href":"https:\/\/serr.disabilityrightsca.org\/sp\/wp-json\/wp\/v2\/pages\/2874\/revisions\/3902"}],"up":[{"embeddable":true,"href":"https:\/\/serr.disabilityrightsca.org\/sp\/wp-json\/wp\/v2\/pages\/355"}],"wp:attachment":[{"href":"https:\/\/serr.disabilityrightsca.org\/sp\/wp-json\/wp\/v2\/media?parent=2874"}],"curies":[{"name":"wp","href":"https:\/\/api.w.org\/{rel}","templated":true}]}}