{"id":2880,"date":"2019-12-30T15:55:26","date_gmt":"2019-12-30T23:55:26","guid":{"rendered":"https:\/\/serr.disabilityrightsca.org\/?page_id=2880"},"modified":"2024-07-23T15:49:29","modified_gmt":"2024-07-23T22:49:29","slug":"12-23-el-centro-regional-puede-pedirme-que-utilice-mi-seguro-medico-privado-o-mi-plan-de-servicios-de-salud-para-abonar-los-servicios-medicos-que-sean-parte-del-ifsp-de-mi-hijo","status":"publish","type":"page","link":"https:\/\/serr.disabilityrightsca.org\/sp\/serr-manual\/capitulo-12-informacion-sobre-los-servicios-de-intervencion-temprana\/12-23-el-centro-regional-puede-pedirme-que-utilice-mi-seguro-medico-privado-o-mi-plan-de-servicios-de-salud-para-abonar-los-servicios-medicos-que-sean-parte-del-ifsp-de-mi-hijo\/","title":{"rendered":"(12.23) \u00bfEl centro regional puede pedirme que utilice mi seguro m\u00e9dico privado o mi plan de servicios de salud para abonar los servicios m\u00e9dicos que sean parte del IFSP de mi hijo?"},"content":{"rendered":"\n<p>La ley federal no proh\u00edbe que los estados utilicen seguros privados para los servicios del Programa de inicio temprano. [34 C.F.R. Secs. 303.12(a)(3)(iv) &amp; 303.520(d)(1)]. A partir de julio de 2009, los centros regionales han solicitado que los padres utilicen seguros privados para abonar los servicios m\u00e9dicos detallados en el IFSP, siempre y cuando esto sea de conformidad con la ley federal y estatal. Esto puede incluir abonar deducibles y copagos, pero jam\u00e1s implica abonar una evaluaci\u00f3n o un examen del beb\u00e9 o ni\u00f1o peque\u00f1o. No obstante, el hecho de que no pueda obtener una decisi\u00f3n de su aseguradora privada acerca de la aprobaci\u00f3n o denegaci\u00f3n de un reclamo no debe derivar en la denegaci\u00f3n del servicio para su ni\u00f1o o en una demora en la prestaci\u00f3n del servicio. [Cal. Gov. Code Sec. 95004(b)(1)].<\/p>\n","protected":false},"excerpt":{"rendered":"<p>La ley federal no proh\u00edbe que los estados utilicen seguros privados para los servicios del Programa de inicio temprano. [34 C.F.R. Secs. 303.12(a)(3)(iv) &amp; 303.520(d)(1)].&hellip;<\/p>\n","protected":false},"author":1,"featured_media":0,"parent":355,"menu_order":23,"comment_status":"closed","ping_status":"closed","template":"","meta":{"footnotes":""},"class_list":["post-2880","page","type-page","status-publish","hentry"],"_links":{"self":[{"href":"https:\/\/serr.disabilityrightsca.org\/sp\/wp-json\/wp\/v2\/pages\/2880","targetHints":{"allow":["GET"]}}],"collection":[{"href":"https:\/\/serr.disabilityrightsca.org\/sp\/wp-json\/wp\/v2\/pages"}],"about":[{"href":"https:\/\/serr.disabilityrightsca.org\/sp\/wp-json\/wp\/v2\/types\/page"}],"author":[{"embeddable":true,"href":"https:\/\/serr.disabilityrightsca.org\/sp\/wp-json\/wp\/v2\/users\/1"}],"replies":[{"embeddable":true,"href":"https:\/\/serr.disabilityrightsca.org\/sp\/wp-json\/wp\/v2\/comments?post=2880"}],"version-history":[{"count":2,"href":"https:\/\/serr.disabilityrightsca.org\/sp\/wp-json\/wp\/v2\/pages\/2880\/revisions"}],"predecessor-version":[{"id":3905,"href":"https:\/\/serr.disabilityrightsca.org\/sp\/wp-json\/wp\/v2\/pages\/2880\/revisions\/3905"}],"up":[{"embeddable":true,"href":"https:\/\/serr.disabilityrightsca.org\/sp\/wp-json\/wp\/v2\/pages\/355"}],"wp:attachment":[{"href":"https:\/\/serr.disabilityrightsca.org\/sp\/wp-json\/wp\/v2\/media?parent=2880"}],"curies":[{"name":"wp","href":"https:\/\/api.w.org\/{rel}","templated":true}]}}