{"id":2884,"date":"2019-12-30T15:58:50","date_gmt":"2019-12-30T23:58:50","guid":{"rendered":"https:\/\/serr.disabilityrightsca.org\/?page_id=2884"},"modified":"2024-07-23T15:48:22","modified_gmt":"2024-07-23T22:48:22","slug":"12-25-que-sucede-en-la-reunion-de-planificacion-de-la-transicion","status":"publish","type":"page","link":"https:\/\/serr.disabilityrightsca.org\/sp\/serr-manual\/capitulo-12-informacion-sobre-los-servicios-de-intervencion-temprana\/12-25-que-sucede-en-la-reunion-de-planificacion-de-la-transicion\/","title":{"rendered":"(12.25) \u00bfQu\u00e9 sucede en la reuni\u00f3n de planificaci\u00f3n de la transici\u00f3n?"},"content":{"rendered":"\n<p>La ley federal requiere que los padres, el\ndistrito escolar y el centro regional (si el distrito no es el organismo\nresponsable) analicen los posibles servicios de educaci\u00f3n especial de\npreescolar, as\u00ed como tambi\u00e9n estos pasos para la transici\u00f3n, lo que incluye:<\/p>\n\n\n\n<p>(1) el an\u00e1lisis de futuras colocaciones u\notros asuntos relacionados con la transici\u00f3n del ni\u00f1o, incluida la capacitaci\u00f3n\npara padres;<\/p>\n\n\n\n<p>(2) los procedimientos para preparar al\nni\u00f1o para los cambios en la prestaci\u00f3n de los servicios y los ajustes a los\nnuevos entornos;<\/p>\n\n\n\n<p>(3) la transmisi\u00f3n de informaci\u00f3n y\nregistros al distrito escolar. [34 C.F.R. Sec. 303.344(h)].<\/p>\n\n\n\n<p>Adem\u00e1s, la ley estatal exige lo siguiente:<\/p>\n\n\n\n<p>(1) los padres deben recibir informaci\u00f3n\nsobre los recursos comunitarios;<\/p>\n\n\n\n<p>(2) la informaci\u00f3n acerca del ni\u00f1o debe ser\nenviada al distrito escolar, incluidos los IFSP (con el consentimiento de los\npadres), y cualquier evaluaci\u00f3n necesaria para que el distrito y el centro\nregional determinen la elegibilidad y los plazos para completar las\nevaluaciones;<\/p>\n\n\n\n<p>(3) la fecha proyectada para la realizaci\u00f3n\nde una revisi\u00f3n final del IFSP est\u00e9 determinada;<\/p>\n\n\n\n<p>(4) la adopci\u00f3n de medidas que aseguren que\nla derivaci\u00f3n al distrito sea recibida con el tiempo suficiente para que se\ncompleten las evaluaciones y se implemente un IEP, para la fecha en que el ni\u00f1o\ncumpla tres a\u00f1os de edad;<\/p>\n\n\n\n<p>(5) las derivaciones al distrito deben\nrealizarse antes de que el ni\u00f1o cumpla dos a\u00f1os y nueve meses de edad o antes\nde que el distrito interrumpa los servicios, si el ni\u00f1o cumplir\u00e1 tres a\u00f1os\ndurante ese receso;<\/p>\n\n\n\n<p>(6) las personas responsables de concertar\nla reuni\u00f3n del IEP y un IFSP final deben ser identificadas. [17 C.C.R. Secs.\n52112(c) &amp; (d)].<\/p>\n\n\n\n<p>Para evitar las brechas en los servicios y\nlos retrasos en el desarrollo e implementaci\u00f3n de un IEP, los padres deben\nconocer y seguir el rastro de los pasos que llevan a la transici\u00f3n de manera se\nadopten de manera oportuna.<\/p>\n","protected":false},"excerpt":{"rendered":"<p>La ley federal requiere que los padres, el distrito escolar y el centro regional (si el distrito no es el organismo responsable) analicen los posibles&hellip;<\/p>\n","protected":false},"author":1,"featured_media":0,"parent":355,"menu_order":25,"comment_status":"closed","ping_status":"closed","template":"","meta":{"footnotes":""},"class_list":["post-2884","page","type-page","status-publish","hentry"],"_links":{"self":[{"href":"https:\/\/serr.disabilityrightsca.org\/sp\/wp-json\/wp\/v2\/pages\/2884","targetHints":{"allow":["GET"]}}],"collection":[{"href":"https:\/\/serr.disabilityrightsca.org\/sp\/wp-json\/wp\/v2\/pages"}],"about":[{"href":"https:\/\/serr.disabilityrightsca.org\/sp\/wp-json\/wp\/v2\/types\/page"}],"author":[{"embeddable":true,"href":"https:\/\/serr.disabilityrightsca.org\/sp\/wp-json\/wp\/v2\/users\/1"}],"replies":[{"embeddable":true,"href":"https:\/\/serr.disabilityrightsca.org\/sp\/wp-json\/wp\/v2\/comments?post=2884"}],"version-history":[{"count":2,"href":"https:\/\/serr.disabilityrightsca.org\/sp\/wp-json\/wp\/v2\/pages\/2884\/revisions"}],"predecessor-version":[{"id":3907,"href":"https:\/\/serr.disabilityrightsca.org\/sp\/wp-json\/wp\/v2\/pages\/2884\/revisions\/3907"}],"up":[{"embeddable":true,"href":"https:\/\/serr.disabilityrightsca.org\/sp\/wp-json\/wp\/v2\/pages\/355"}],"wp:attachment":[{"href":"https:\/\/serr.disabilityrightsca.org\/sp\/wp-json\/wp\/v2\/media?parent=2884"}],"curies":[{"name":"wp","href":"https:\/\/api.w.org\/{rel}","templated":true}]}}