{"id":2888,"date":"2019-12-30T16:01:09","date_gmt":"2019-12-31T00:01:09","guid":{"rendered":"https:\/\/serr.disabilityrightsca.org\/?page_id=2888"},"modified":"2020-07-17T11:37:43","modified_gmt":"2020-07-17T18:37:43","slug":"12-27-como-inicio-un-reclamo-ante-el-incumplimiento-por-parte-de-un-organismo-en-cuanto-a-seguir-los-procedimientos-requeridos-o-brindar-los-servicios-especificados-en-el-ifsp-de-mi-hijo","status":"publish","type":"page","link":"https:\/\/serr.disabilityrightsca.org\/sp\/serr-manual\/capitulo-12-informacion-sobre-los-servicios-de-intervencion-temprana\/12-27-como-inicio-un-reclamo-ante-el-incumplimiento-por-parte-de-un-organismo-en-cuanto-a-seguir-los-procedimientos-requeridos-o-brindar-los-servicios-especificados-en-el-ifsp-de-mi-hijo\/","title":{"rendered":"(12.27) \u00bfC\u00f3mo inicio un reclamo ante el incumplimiento por parte de un organismo en cuanto a seguir los procedimientos requeridos o brindar los servicios especificados en el IFSP de mi hijo?"},"content":{"rendered":"\n<p>Independientemente de que el organismo\nresponsable sea el centro regional o el distrito escolar, puede iniciar un\nreclamo por escrito ante el siguiente organismo:<\/p>\n\n\n\n<p>California Department of Developmental Services Office of Human Rights\nand Advocacy Services <\/p>\n\n\n\n<p>Attn: Early Start Complaint Unit<\/p>\n\n\n\n<p>1600 Ninth Street, Room 240, M.S.- 215<\/p>\n\n\n\n<p>Sacramento, CA 95814<\/p>\n\n\n\n<p>Si tiene dificultades para escribir el\nreclamo, el coordinador de servicios de su hijo debe ayudarlo. El reclamo debe\nincluir su nombre, domicilio y n\u00famero de tel\u00e9fono, y una declaraci\u00f3n que\ndescriba el incumplimiento por parte del centro regional, el distrito escolar o\nel proveedor de servicios privado. La declaraci\u00f3n debe incluir los hechos que\nfundamentan su reclamo, el nombre de la persona o entidad responsable por el\nincumplimiento y una descripci\u00f3n de toda medida que haya tomado para resolver\nel reclamo. Es el \u00fanico proceso de reclamo que puede utilizarse para abordar un\nproblema con los servicios de intervenci\u00f3n temprana. El reclamo debe presentarse\nante el DDS, incluso si involucra a un distrito escolar local.<\/p>\n\n\n\n<p>El DDS debe recibir su reclamo dentro del\na\u00f1o a partir de la fecha en que se produjo el incumplimiento que usted alega.\nEn algunos casos, es posible que se reciba el reclamo transcurrido el plazo de\nun a\u00f1o, si el incumplimiento contin\u00faa y afecta a su hijo o a otros ni\u00f1os.<\/p>\n\n\n\n<p>Adem\u00e1s, si solicita un reembolso o una\n\u201cmedida correctiva\u201d en el reclamo, el Departamento puede recibir dicha\nsolicitud hasta tres a\u00f1os despu\u00e9s de la fecha del incumplimiento.<\/p>\n\n\n\n<p>[17 C.C.R. Sec. 52170].<\/p>\n\n\n\n<p>Dentro de los 60 d\u00edas despu\u00e9s de recibir el\nreclamo, el DDS debe hacer lo siguiente:<\/p>\n\n\n\n<p>(1) asignar el reclamo a un equipo estatal\ninterinstitucional o a otro organismo estatal pertinente;<\/p>\n\n\n\n<p>(2) investigarlo;<\/p>\n\n\n\n<p>(3) brindarle la oportunidad de presentar\nm\u00e1s informaci\u00f3n en forma oral o escrita;<\/p>\n\n\n\n<p>(4) revisar toda la informaci\u00f3n relevante;<\/p>\n\n\n\n<p>(5) determinar si se ha incumplido una ley\nque afecte a su hijo;<\/p>\n\n\n\n<p>(6) emitir una decisi\u00f3n por escrito que\nincluya los resultados, las conclusiones, las razones, todas las medidas\ncorrectivas necesarias, los plazos para adoptar las medidas correctivas y una\noferta de asistencia t\u00e9cnica para el organismo o la persona que est\u00e9 en falta.<\/p>\n\n\n\n<p>En ciertas circunstancias limitadas, como\nla enfermedad del reclamante o su ausencia del \u00e1rea geogr\u00e1fica, o un desastre\nnatural, el DDS puede extender el plazo de 60 d\u00edas.<\/p>\n\n\n\n<p>Las medidas correctivas pueden incluir\nreembolsos monetarios, garant\u00edas de que se prestar\u00e1n los servicios adecuados en\nel futuro o toda otra medida correctiva adecuada para su hijo o familia.<\/p>\n\n\n\n<p>[17 C.C.R. Sec. 52171].<\/p>\n","protected":false},"excerpt":{"rendered":"<p>Independientemente de que el organismo responsable sea el centro regional o el distrito escolar, puede iniciar un reclamo por escrito ante el siguiente organismo: California&hellip;<\/p>\n","protected":false},"author":1,"featured_media":0,"parent":355,"menu_order":27,"comment_status":"closed","ping_status":"closed","template":"","meta":{"footnotes":""},"class_list":["post-2888","page","type-page","status-publish","hentry"],"_links":{"self":[{"href":"https:\/\/serr.disabilityrightsca.org\/sp\/wp-json\/wp\/v2\/pages\/2888","targetHints":{"allow":["GET"]}}],"collection":[{"href":"https:\/\/serr.disabilityrightsca.org\/sp\/wp-json\/wp\/v2\/pages"}],"about":[{"href":"https:\/\/serr.disabilityrightsca.org\/sp\/wp-json\/wp\/v2\/types\/page"}],"author":[{"embeddable":true,"href":"https:\/\/serr.disabilityrightsca.org\/sp\/wp-json\/wp\/v2\/users\/1"}],"replies":[{"embeddable":true,"href":"https:\/\/serr.disabilityrightsca.org\/sp\/wp-json\/wp\/v2\/comments?post=2888"}],"version-history":[{"count":2,"href":"https:\/\/serr.disabilityrightsca.org\/sp\/wp-json\/wp\/v2\/pages\/2888\/revisions"}],"predecessor-version":[{"id":3909,"href":"https:\/\/serr.disabilityrightsca.org\/sp\/wp-json\/wp\/v2\/pages\/2888\/revisions\/3909"}],"up":[{"embeddable":true,"href":"https:\/\/serr.disabilityrightsca.org\/sp\/wp-json\/wp\/v2\/pages\/355"}],"wp:attachment":[{"href":"https:\/\/serr.disabilityrightsca.org\/sp\/wp-json\/wp\/v2\/media?parent=2888"}],"curies":[{"name":"wp","href":"https:\/\/api.w.org\/{rel}","templated":true}]}}