{"id":2890,"date":"2019-12-30T16:07:48","date_gmt":"2019-12-31T00:07:48","guid":{"rendered":"https:\/\/serr.disabilityrightsca.org\/?page_id=2890"},"modified":"2024-07-23T15:45:44","modified_gmt":"2024-07-23T22:45:44","slug":"12-28-si-no-estoy-de-acuerdo-con-las-recomendaciones-del-ifsp-del-centro-regional-o-el-distrito-escolar-cuales-son-mis-derechos-relacionados-con-el-debido-proceso","status":"publish","type":"page","link":"https:\/\/serr.disabilityrightsca.org\/sp\/serr-manual\/capitulo-12-informacion-sobre-los-servicios-de-intervencion-temprana\/12-28-si-no-estoy-de-acuerdo-con-las-recomendaciones-del-ifsp-del-centro-regional-o-el-distrito-escolar-cuales-son-mis-derechos-relacionados-con-el-debido-proceso\/","title":{"rendered":"(12.28) Si no estoy de acuerdo con las recomendaciones del IFSP del centro regional o el distrito escolar, \u00bfcu\u00e1les son mis derechos relacionados con el \u201cdebido proceso\u201d?"},"content":{"rendered":"\n<p>Se le debe brindar una notificaci\u00f3n por\nescrito (en el idioma de elecci\u00f3n de los padres, si es plausible) dentro de un\nper\u00edodo razonable antes de la propuesta o la denegaci\u00f3n por parte del centro\nregional o del distrito escolar de iniciar o cambiar la identificaci\u00f3n, los\ndatos de las evaluaciones, la colocaci\u00f3n o los servicios de un beb\u00e9 o ni\u00f1o\npeque\u00f1o. Incluso aquellos ni\u00f1os identificados como con una discapacidad y cuya\nelegibilidad no se ha determinado tienen derecho a recibir una notificaci\u00f3n por\nescrito de la denegaci\u00f3n del organismo de brindarles servicios. La notificaci\u00f3n\npor escrito debe contener los detalles necesarios para informar aquello que el\norganismo propone o deniega, las razones para hacerlo y todos los derechos y\nprocedimientos con los que cuenta para apelar la propuesta o la denegaci\u00f3n. [17\nC.C.R. Sec. 52161].<\/p>\n\n\n\n<p>Debe conced\u00e9rsele la oportunidad de\npresentar su informaci\u00f3n y argumentos contra aquello que el organismo proveedor\nde servicios propone o deniega. Esta oportunidad se denomina \u201caudiencia\nimparcial\u201d o \u201caudiencia de debido proceso\u201d. No se utiliza para reclamar por el\nincumplimiento de leyes o procedimientos por parte de un organismo o en cuanto\na llevar a cabo el servicio identificado en el IFSP. El debido proceso pretende\nresolver los conflictos sobre la elegibilidad de su hijo para el programa o\nsobre los servicios que se deben incluir en su IFSP.<\/p>\n\n\n\n<p>Durante la audiencia, un juez de derecho\nadministrativo (ALJ) oir\u00e1 el testimonio de ambas partes. El ALJ considerar\u00e1\naquello que los informes de evaluaciones y ex\u00e1menes y otros registros\ndeterminen acerca de su hijo o qu\u00e9 puede necesitar con respecto a la colocaci\u00f3n\no los servicios. El ALJ presentar\u00e1 un fallo por escrito luego de la audiencia.\n[17 C.C.R Sec. 52174].<\/p>\n\n\n\n<p>No obstante, puede solicitar una\nconferencia de mediaci\u00f3n voluntaria para tratar de resolver el conflicto entre\nusted y el organismo sin concurrir a una audiencia. Puede hacerlo incluso sin\ntener que solicitar antes una audiencia. Si bien una mediaci\u00f3n (con un mediador\nestatal) no es obligatoria, es \u00fatil para resolver al menos algunos, si no\ntodos, los asuntos que sean materia de conflicto sin incurrir en el gasto y el\nesfuerzo de una audiencia. La mediaci\u00f3n, la audiencia y la recepci\u00f3n de una\ndecisi\u00f3n por escrito no debe exceder el plazo de 30 d\u00edas a partir de su\nsolicitud de debido proceso. [17 C.C.R. Secs. 52172 &#8211; 52173].<\/p>\n\n\n\n<p>Si su hijo ya recibe servicios conforme a\nun IFSP y el organismo desea reducir o interrumpir alguno de los servicios o\ntodos, su hijo debe continuar recibiendo el nivel de servicios que recib\u00eda\npreviamente mientras se siguen los procedimientos del debido proceso para\napelar la reducci\u00f3n o interrupci\u00f3n propuesta. [17 C.C.R. Sec. 52172(g)]. Esto\nse conoce com\u00fanmente como \u201cdisposici\u00f3n de no innovar\u201d.<\/p>\n\n\n\n<p>Para que se realice una conferencia de mediaci\u00f3n\no una audiencia, debe enviar una solicitud escrita por correo a la siguiente\ndirecci\u00f3n: <\/p>\n\n\n\n<p>Office of Administrative Hearings<\/p>\n\n\n\n<p>Attn: Early Start<\/p>\n\n\n\n<p>2349 Gateway Oaks Drive, Ste. 200<\/p>\n\n\n\n<p>Sacramento, CA 95833<\/p>\n\n\n\n<p>Tel\u00e9fono: 916-263-0654<\/p>\n\n\n\n<p>Fax: 916-376-6318 <\/p>\n","protected":false},"excerpt":{"rendered":"<p>Se le debe brindar una notificaci\u00f3n por escrito (en el idioma de elecci\u00f3n de los padres, si es plausible) dentro de un per\u00edodo razonable antes&hellip;<\/p>\n","protected":false},"author":1,"featured_media":0,"parent":355,"menu_order":28,"comment_status":"closed","ping_status":"closed","template":"","meta":{"footnotes":""},"class_list":["post-2890","page","type-page","status-publish","hentry"],"_links":{"self":[{"href":"https:\/\/serr.disabilityrightsca.org\/sp\/wp-json\/wp\/v2\/pages\/2890","targetHints":{"allow":["GET"]}}],"collection":[{"href":"https:\/\/serr.disabilityrightsca.org\/sp\/wp-json\/wp\/v2\/pages"}],"about":[{"href":"https:\/\/serr.disabilityrightsca.org\/sp\/wp-json\/wp\/v2\/types\/page"}],"author":[{"embeddable":true,"href":"https:\/\/serr.disabilityrightsca.org\/sp\/wp-json\/wp\/v2\/users\/1"}],"replies":[{"embeddable":true,"href":"https:\/\/serr.disabilityrightsca.org\/sp\/wp-json\/wp\/v2\/comments?post=2890"}],"version-history":[{"count":2,"href":"https:\/\/serr.disabilityrightsca.org\/sp\/wp-json\/wp\/v2\/pages\/2890\/revisions"}],"predecessor-version":[{"id":3910,"href":"https:\/\/serr.disabilityrightsca.org\/sp\/wp-json\/wp\/v2\/pages\/2890\/revisions\/3910"}],"up":[{"embeddable":true,"href":"https:\/\/serr.disabilityrightsca.org\/sp\/wp-json\/wp\/v2\/pages\/355"}],"wp:attachment":[{"href":"https:\/\/serr.disabilityrightsca.org\/sp\/wp-json\/wp\/v2\/media?parent=2890"}],"curies":[{"name":"wp","href":"https:\/\/api.w.org\/{rel}","templated":true}]}}