{"id":2927,"date":"2019-12-30T16:33:32","date_gmt":"2019-12-31T00:33:32","guid":{"rendered":"https:\/\/serr.disabilityrightsca.org\/?page_id=2927"},"modified":"2024-07-23T15:18:26","modified_gmt":"2024-07-23T22:18:26","slug":"14-1-mi-hijo-tiene-una-enfermedad-o-afeccion-grave-o-esta-recuperandose-de-un-accidente-o-una-cirugia-lo-cual-le-impedira-asistir-a-la-escuela-por-un-tiempo-limitado-puede-recibir-servicios","status":"publish","type":"page","link":"https:\/\/serr.disabilityrightsca.org\/sp\/serr-manual\/capitulo-14-informacion-sobre-los-derechos-de-los-alumnos-con-enfermedades-graves\/14-1-mi-hijo-tiene-una-enfermedad-o-afeccion-grave-o-esta-recuperandose-de-un-accidente-o-una-cirugia-lo-cual-le-impedira-asistir-a-la-escuela-por-un-tiempo-limitado-puede-recibir-servicios\/","title":{"rendered":"(14.1) Mi hijo tiene una enfermedad o afecci\u00f3n grave, o est\u00e1 recuper\u00e1ndose de un accidente o una cirug\u00eda, lo cual le impedir\u00e1 asistir a la escuela por un tiempo limitado. \u00bfPuede recibir servicios especiales para ayudarlo a mantenerse al d\u00eda con su educaci\u00f3n?"},"content":{"rendered":"\n<p>S\u00ed. Conforme a la ley de California, los alumnos con discapacidades temporales inscritos en escuelas p\u00fablicas, y cuya asistencia a las clases generales o a un programa educativo alternativo es imposible o se desaconseja, pueden recibir instrucci\u00f3n individual, incluso aunque no sean elegibles conforme a las leyes de educaci\u00f3n especial o al art\u00edculo 504. Adem\u00e1s, seg\u00fan la ley, una \u201cdiscapacidad temporal\u201d es una discapacidad f\u00edsica, mental o emocional que se manifiesta mientras el alumno est\u00e1 inscrito en clases diurnas generales o en un programa educativo alternativo, y en cuyo caso puede esperarse razonablemente que, superada esta discapacidad, el alumno pueda regresar a la escuela. \u201cInstrucci\u00f3n individual\u201d hace referencia a la instrucci\u00f3n que el alumno recibe en el hogar, en un hospital o en otros establecimientos residenciales de salud. La discapacidad temporal no incluye las discapacidades por las que se identifica a un alumno como una persona con necesidades excepcionales. [California Education Code Section (Cal. Ed. Code Sec.) 48206.3].<\/p>\n","protected":false},"excerpt":{"rendered":"<p>S\u00ed. Conforme a la ley de California, los alumnos con discapacidades temporales inscritos en escuelas p\u00fablicas, y cuya asistencia a las clases generales o a&hellip;<\/p>\n","protected":false},"author":1,"featured_media":0,"parent":360,"menu_order":1,"comment_status":"closed","ping_status":"closed","template":"","meta":{"footnotes":""},"class_list":["post-2927","page","type-page","status-publish","hentry"],"_links":{"self":[{"href":"https:\/\/serr.disabilityrightsca.org\/sp\/wp-json\/wp\/v2\/pages\/2927","targetHints":{"allow":["GET"]}}],"collection":[{"href":"https:\/\/serr.disabilityrightsca.org\/sp\/wp-json\/wp\/v2\/pages"}],"about":[{"href":"https:\/\/serr.disabilityrightsca.org\/sp\/wp-json\/wp\/v2\/types\/page"}],"author":[{"embeddable":true,"href":"https:\/\/serr.disabilityrightsca.org\/sp\/wp-json\/wp\/v2\/users\/1"}],"replies":[{"embeddable":true,"href":"https:\/\/serr.disabilityrightsca.org\/sp\/wp-json\/wp\/v2\/comments?post=2927"}],"version-history":[{"count":3,"href":"https:\/\/serr.disabilityrightsca.org\/sp\/wp-json\/wp\/v2\/pages\/2927\/revisions"}],"predecessor-version":[{"id":3932,"href":"https:\/\/serr.disabilityrightsca.org\/sp\/wp-json\/wp\/v2\/pages\/2927\/revisions\/3932"}],"up":[{"embeddable":true,"href":"https:\/\/serr.disabilityrightsca.org\/sp\/wp-json\/wp\/v2\/pages\/360"}],"wp:attachment":[{"href":"https:\/\/serr.disabilityrightsca.org\/sp\/wp-json\/wp\/v2\/media?parent=2927"}],"curies":[{"name":"wp","href":"https:\/\/api.w.org\/{rel}","templated":true}]}}