{"id":2931,"date":"2019-12-31T09:32:03","date_gmt":"2019-12-31T17:32:03","guid":{"rendered":"https:\/\/serr.disabilityrightsca.org\/?page_id=2931"},"modified":"2020-07-17T12:09:41","modified_gmt":"2020-07-17T19:09:41","slug":"14-2-la-ley-de-estadounidenses-con-discapacidades-americans-with-disabilities-act-ada-y-el-articulo-504-de-la-ley-de-rehabilitacion-rehabilitation-act-tambien-protegen-a-mi-hijo-si-tiene","status":"publish","type":"page","link":"https:\/\/serr.disabilityrightsca.org\/sp\/serr-manual\/capitulo-14-informacion-sobre-los-derechos-de-los-alumnos-con-enfermedades-graves\/14-2-la-ley-de-estadounidenses-con-discapacidades-americans-with-disabilities-act-ada-y-el-articulo-504-de-la-ley-de-rehabilitacion-rehabilitation-act-tambien-protegen-a-mi-hijo-si-tiene\/","title":{"rendered":"(14.2)  \u00bfLa Ley de Estadounidenses con Discapacidades (Americans with Disabilities Act, ADA) y el art\u00edculo 504 de la Ley de Rehabilitaci\u00f3n (Rehabilitation Act) tambi\u00e9n protegen a mi hijo si tiene una afecci\u00f3n que es temporal o epis\u00f3dica o est\u00e1 en remisi\u00f3n?"},"content":{"rendered":"\n<p>S\u00ed. Si un\nni\u00f1o tiene una enfermedad o afecci\u00f3n temporal que lo restringe notablemente con\nrespecto a una actividad imprescindible para desempe\u00f1arse en la vida por un\nper\u00edodo prolongado, est\u00e1 protegido por la ley ADA. Esta protecci\u00f3n se aplica\ntanto para aquellos que tienen una discapacidad real como para aquellos que\ntienen antecedentes de una discapacidad. [28 C.F.R. Sec. 35.108(d)(1)(ix)]. De\nmanera similar, una enfermedad que es epis\u00f3dica o est\u00e1 en remisi\u00f3n es una\ndiscapacidad conforme a la ley ADA si restringe notablemente una actividad\nimprescindible para desempe\u00f1arse en la vida en su estado activo. [28 C.F.R.\nSec. 35.108(d)(1)(iv)]. <\/p>\n\n\n\n<p>El ni\u00f1o\nest\u00e1 igualmente protegido debido a cualquiera de estas afecciones de\nconformidad con el art\u00edculo 504. Las normas de la ley ADA, incluida su\ndefinici\u00f3n de discapacidad, est\u00e1n incorporadas en el art\u00edculo 504. [29 U.S.C.\nSec. 794(d)]. As\u00ed, un ni\u00f1o en cualquiera de estas situaciones est\u00e1 protegido\ncontra los actos de discriminaci\u00f3n por discapacidad. [29 C.F.R. Sec. 104.4].\nTambi\u00e9n puede tener derecho a lo siguiente: <\/p>\n\n\n\n<ul class=\"wp-block-list\"><li>Adaptaciones razonables para tener\nacceso igualitario a los programas escolares como los ni\u00f1os sin discapacidades.<\/li><li>Servicios de educaci\u00f3n especial y\nservicios relacionados para recibir una educaci\u00f3n p\u00fablica, adecuada y gratuita\n(free and appropriate public education, FAPE). Consulte \u201cC\u00f3mo proteger a los\nalumnos con discapacidades\u201d [67 IDELR 189, (OCR 2015)]. <\/li><\/ul>\n\n\n\n<p>Para\ndeterminar si una enfermedad o afecci\u00f3n temporal restringe notablemente una\nactividad imprescindible para desempe\u00f1arse en la vida por un per\u00edodo\nprolongado, debe analizarse cada caso tomando en consideraci\u00f3n lo siguiente:<\/p>\n\n\n\n<ul class=\"wp-block-list\"><li>La duraci\u00f3n concreta o prevista del\nimpedimento.<\/li><li>En qu\u00e9 medida la afecci\u00f3n realmente\nrestringe una actividad imprescindible para desempe\u00f1arse en la vida. Consulte\n\u201cC\u00f3mo proteger a los alumnos con discapacidades\u201d [67 IDELR 189 (OCR 2015)]. <\/li><\/ul>\n\n\n\n<p>No existe\nuna norma establecida que defina qu\u00e9 se entiende por \u201cper\u00edodo prolongado\u201d. No\nobstante, la Oficina de Derechos Civiles (Office for Civil Rights, OCR) ha\ndeterminado que los distritos no deben interpretar la disposici\u00f3n con rigidez.\nPor ejemplo, la OCR ha concluido que un distrito de California deber\u00eda haber\nevaluado a un ni\u00f1o para recibir las adaptaciones conforme al art\u00edculo 504\ncuando tuvo que usar la silla de ruedas durante cuatro meses como resultado de\nuna fractura grave en la pierna. [Anaheim City (CA) Sch Dist., 115 LRP 19319\n(OCR 12\/02\/14)]. <\/p>\n\n\n\n<p>En un\ninforme de consultor, la OCR proporcion\u00f3 el siguiente an\u00e1lisis acerca de las\nfracturas en las extremidades, que puede servir a modo de gu\u00eda para otros\ncasos:<\/p>\n\n\n\n<p>\u201cNi el art\u00edculo 504 ni la ley ADA\ncontemplan que se cubran solamente las discapacidades \u2018de por vida\u2019. La\nrespuesta depende, una vez m\u00e1s, de si la extremidad fracturada constituye un\nimpedimento que restringe notablemente una actividad imprescindible para\ndesempe\u00f1arse en la vida. La importancia del impedimento se relaciona tanto con\nsu gravedad como con su duraci\u00f3n. La cobertura depende de una evaluaci\u00f3n de\ntodos los hechos que componen cada situaci\u00f3n.<\/p>\n\n\n\n<p>Por ejemplo, un alumno diestro se\nfractur\u00f3 el brazo izquierdo y se espera que dicha fractura sane con normalidad,\nsin complicaciones. Esto probablemente no constituir\u00eda una discapacidad porque\nel impedimento sanar\u00e1 dentro de un corto per\u00edodo y ni siquiera durante su peor\nfase evitar\u00eda que el alumno asistiera a la escuela o realizara sus tareas escritas.<\/p>\n\n\n\n<p>En cambio, un alumno se quebr\u00f3\nambas piernas, la recuperaci\u00f3n es lenta por las complicaciones y las cirug\u00edas,\ny el per\u00edodo total de discapacidad se extender\u00e1 por varios meses. En este\nejemplo, es probable que se cubra este impedimento porque hace que el alumno no\npueda caminar y no sanar\u00e1 dentro de un per\u00edodo que sea t\u00edpico para dichas\nlesiones. Adem\u00e1s, el plazo es suficientemente largo para sugerir que el\nprograma educativo del alumno se alterar\u00e1 considerablemente.<\/p>\n\n\n\n<p>No existen normas estrictas para los\nimpedimentos temporales espec\u00edficos que puedan constituir discapacidades\nconforme al art\u00edculo 504 y la ley ADA. Por lo tanto, no es posible enumerar las\nafecciones que siempre se considerar\u00e1n discapacidades. Las escuelas deben\nevaluarlas seg\u00fan cada caso. Si, una vez realizada la evaluaci\u00f3n, el distrito\nescolar concluye que la afecci\u00f3n constituye una discapacidad, la escuela debe\nevaluar las necesidades del alumno para determinar qu\u00e9 servicios de apoyo se\nrequieren, si corresponde. No obstante, la evaluaci\u00f3n no tiene que ser\nextensiva o llevar mucho tiempo, pero debe ser suficiente para determinar qu\u00e9\nservicios o ayudas necesita el ni\u00f1o para continuar recibiendo una educaci\u00f3n\nadecuada\u201d. [Letter to Rahall, 21 IDELR 575, (OCR 1994)].<\/p>\n","protected":false},"excerpt":{"rendered":"<p>S\u00ed. Si un ni\u00f1o tiene una enfermedad o afecci\u00f3n temporal que lo restringe notablemente con respecto a una actividad imprescindible para desempe\u00f1arse en la vida&hellip;<\/p>\n","protected":false},"author":1,"featured_media":0,"parent":360,"menu_order":2,"comment_status":"closed","ping_status":"closed","template":"","meta":{"footnotes":""},"class_list":["post-2931","page","type-page","status-publish","hentry"],"_links":{"self":[{"href":"https:\/\/serr.disabilityrightsca.org\/sp\/wp-json\/wp\/v2\/pages\/2931","targetHints":{"allow":["GET"]}}],"collection":[{"href":"https:\/\/serr.disabilityrightsca.org\/sp\/wp-json\/wp\/v2\/pages"}],"about":[{"href":"https:\/\/serr.disabilityrightsca.org\/sp\/wp-json\/wp\/v2\/types\/page"}],"author":[{"embeddable":true,"href":"https:\/\/serr.disabilityrightsca.org\/sp\/wp-json\/wp\/v2\/users\/1"}],"replies":[{"embeddable":true,"href":"https:\/\/serr.disabilityrightsca.org\/sp\/wp-json\/wp\/v2\/comments?post=2931"}],"version-history":[{"count":2,"href":"https:\/\/serr.disabilityrightsca.org\/sp\/wp-json\/wp\/v2\/pages\/2931\/revisions"}],"predecessor-version":[{"id":3933,"href":"https:\/\/serr.disabilityrightsca.org\/sp\/wp-json\/wp\/v2\/pages\/2931\/revisions\/3933"}],"up":[{"embeddable":true,"href":"https:\/\/serr.disabilityrightsca.org\/sp\/wp-json\/wp\/v2\/pages\/360"}],"wp:attachment":[{"href":"https:\/\/serr.disabilityrightsca.org\/sp\/wp-json\/wp\/v2\/media?parent=2931"}],"curies":[{"name":"wp","href":"https:\/\/api.w.org\/{rel}","templated":true}]}}