{"id":2933,"date":"2019-12-31T09:33:29","date_gmt":"2019-12-31T17:33:29","guid":{"rendered":"https:\/\/serr.disabilityrightsca.org\/?page_id=2933"},"modified":"2020-07-17T12:10:19","modified_gmt":"2020-07-17T19:10:19","slug":"14-3-quien-es-responsable-de-brindarle-instruccion-individual-a-mi-hijo-mientras-permanece-en-nuestro-hogar-o-mientras-esta-internado-temporalmente","status":"publish","type":"page","link":"https:\/\/serr.disabilityrightsca.org\/sp\/serr-manual\/capitulo-14-informacion-sobre-los-derechos-de-los-alumnos-con-enfermedades-graves\/14-3-quien-es-responsable-de-brindarle-instruccion-individual-a-mi-hijo-mientras-permanece-en-nuestro-hogar-o-mientras-esta-internado-temporalmente\/","title":{"rendered":"(14.3) \u00bfQui\u00e9n es responsable de brindarle instrucci\u00f3n individual a mi hijo mientras permanece en nuestro hogar o mientras est\u00e1 internado temporalmente?"},"content":{"rendered":"\n<p>Mientras su hijo permanece en su hogar, el distrito escolar en el que reside es el responsable de brindar la instrucci\u00f3n individual. Si su hijo se encuentra internado en un hospital dentro de su distrito de residencia, ese mismo distrito ser\u00e1 el responsable de brindarla. Adem\u00e1s, si se encuentra internado en un hospital fuera de su distrito de residencia, la responsabilidad de brindar la instrucci\u00f3n recaer\u00e1 sobre el distrito donde se encuentra el hospital. [Cal. Ed. Code Secs. 48206.3(a) &amp; 48207]. <\/p>\n","protected":false},"excerpt":{"rendered":"<p>Mientras su hijo permanece en su hogar, el distrito escolar en el que reside es el responsable de brindar la instrucci\u00f3n individual. Si su hijo&hellip;<\/p>\n","protected":false},"author":1,"featured_media":0,"parent":360,"menu_order":3,"comment_status":"closed","ping_status":"closed","template":"","meta":{"footnotes":""},"class_list":["post-2933","page","type-page","status-publish","hentry"],"_links":{"self":[{"href":"https:\/\/serr.disabilityrightsca.org\/sp\/wp-json\/wp\/v2\/pages\/2933","targetHints":{"allow":["GET"]}}],"collection":[{"href":"https:\/\/serr.disabilityrightsca.org\/sp\/wp-json\/wp\/v2\/pages"}],"about":[{"href":"https:\/\/serr.disabilityrightsca.org\/sp\/wp-json\/wp\/v2\/types\/page"}],"author":[{"embeddable":true,"href":"https:\/\/serr.disabilityrightsca.org\/sp\/wp-json\/wp\/v2\/users\/1"}],"replies":[{"embeddable":true,"href":"https:\/\/serr.disabilityrightsca.org\/sp\/wp-json\/wp\/v2\/comments?post=2933"}],"version-history":[{"count":3,"href":"https:\/\/serr.disabilityrightsca.org\/sp\/wp-json\/wp\/v2\/pages\/2933\/revisions"}],"predecessor-version":[{"id":3934,"href":"https:\/\/serr.disabilityrightsca.org\/sp\/wp-json\/wp\/v2\/pages\/2933\/revisions\/3934"}],"up":[{"embeddable":true,"href":"https:\/\/serr.disabilityrightsca.org\/sp\/wp-json\/wp\/v2\/pages\/360"}],"wp:attachment":[{"href":"https:\/\/serr.disabilityrightsca.org\/sp\/wp-json\/wp\/v2\/media?parent=2933"}],"curies":[{"name":"wp","href":"https:\/\/api.w.org\/{rel}","templated":true}]}}