{"id":2935,"date":"2019-12-31T09:34:30","date_gmt":"2019-12-31T17:34:30","guid":{"rendered":"https:\/\/serr.disabilityrightsca.org\/?page_id=2935"},"modified":"2020-07-17T12:11:07","modified_gmt":"2020-07-17T19:11:07","slug":"14-4-como-puedo-asegurarme-de-que-mi-hijo-que-esta-internado-en-otro-distrito-escolar-reciba-los-servicios-educativos-que-necesita-durante-la-internacion","status":"publish","type":"page","link":"https:\/\/serr.disabilityrightsca.org\/sp\/serr-manual\/capitulo-14-informacion-sobre-los-derechos-de-los-alumnos-con-enfermedades-graves\/14-4-como-puedo-asegurarme-de-que-mi-hijo-que-esta-internado-en-otro-distrito-escolar-reciba-los-servicios-educativos-que-necesita-durante-la-internacion\/","title":{"rendered":"(14.4) \u00bfC\u00f3mo puedo asegurarme de que mi hijo, que est\u00e1 internado en otro distrito escolar, reciba los servicios educativos que necesita durante la internaci\u00f3n?"},"content":{"rendered":"\n<p>Debe enviar al distrito al que pertenece el hospital una notificaci\u00f3n de la permanencia de su hijo all\u00ed y de su necesidad de recibir servicios educativos. Una vez que el distrito recibe su notificaci\u00f3n, tiene cinco d\u00edas h\u00e1biles para determinar si su hijo puede recibir instrucci\u00f3n individual. Si <em>puede<\/em> recibir instrucci\u00f3n individual en el hospital, esta debe comenzar dentro de los cinco d\u00edas h\u00e1biles a partir de la decisi\u00f3n. El distrito en el que se encuentra el hospital tiene la opci\u00f3n de brindar instrucci\u00f3n o llegar a un acuerdo con el distrito escolar anterior de su hijo. [Cal. Ed. Code Sec. 48208(b)]. Si las estad\u00edas de su hijo en el hospital son cortas y va y viene de su casa al hospital en otro distrito, debe contactarse con los distritos responsables para que le clarifiquen el proceso para organizar la instrucci\u00f3n.<\/p>\n","protected":false},"excerpt":{"rendered":"<p>Debe enviar al distrito al que pertenece el hospital una notificaci\u00f3n de la permanencia de su hijo all\u00ed y de su necesidad de recibir servicios&hellip;<\/p>\n","protected":false},"author":1,"featured_media":0,"parent":360,"menu_order":4,"comment_status":"closed","ping_status":"closed","template":"","meta":{"footnotes":""},"class_list":["post-2935","page","type-page","status-publish","hentry"],"_links":{"self":[{"href":"https:\/\/serr.disabilityrightsca.org\/sp\/wp-json\/wp\/v2\/pages\/2935","targetHints":{"allow":["GET"]}}],"collection":[{"href":"https:\/\/serr.disabilityrightsca.org\/sp\/wp-json\/wp\/v2\/pages"}],"about":[{"href":"https:\/\/serr.disabilityrightsca.org\/sp\/wp-json\/wp\/v2\/types\/page"}],"author":[{"embeddable":true,"href":"https:\/\/serr.disabilityrightsca.org\/sp\/wp-json\/wp\/v2\/users\/1"}],"replies":[{"embeddable":true,"href":"https:\/\/serr.disabilityrightsca.org\/sp\/wp-json\/wp\/v2\/comments?post=2935"}],"version-history":[{"count":3,"href":"https:\/\/serr.disabilityrightsca.org\/sp\/wp-json\/wp\/v2\/pages\/2935\/revisions"}],"predecessor-version":[{"id":3935,"href":"https:\/\/serr.disabilityrightsca.org\/sp\/wp-json\/wp\/v2\/pages\/2935\/revisions\/3935"}],"up":[{"embeddable":true,"href":"https:\/\/serr.disabilityrightsca.org\/sp\/wp-json\/wp\/v2\/pages\/360"}],"wp:attachment":[{"href":"https:\/\/serr.disabilityrightsca.org\/sp\/wp-json\/wp\/v2\/media?parent=2935"}],"curies":[{"name":"wp","href":"https:\/\/api.w.org\/{rel}","templated":true}]}}