{"id":2937,"date":"2019-12-31T09:36:07","date_gmt":"2019-12-31T17:36:07","guid":{"rendered":"https:\/\/serr.disabilityrightsca.org\/?page_id=2937"},"modified":"2020-07-17T12:11:55","modified_gmt":"2020-07-17T19:11:55","slug":"14-5-si-mi-hijo-no-resulta-elegible-para-recibir-educacion-especial-o-los-servicios-conforme-al-articulo-504-cuanta-instruccion-individual-recibira","status":"publish","type":"page","link":"https:\/\/serr.disabilityrightsca.org\/sp\/serr-manual\/capitulo-14-informacion-sobre-los-derechos-de-los-alumnos-con-enfermedades-graves\/14-5-si-mi-hijo-no-resulta-elegible-para-recibir-educacion-especial-o-los-servicios-conforme-al-articulo-504-cuanta-instruccion-individual-recibira\/","title":{"rendered":"(14.5) Si mi hijo no resulta elegible para recibir educaci\u00f3n especial o los servicios conforme al art\u00edculo 504, \u00bfcu\u00e1nta instrucci\u00f3n individual recibir\u00e1?"},"content":{"rendered":"\n<p>Con el fin de computar la asistencia diaria promedio de los alumnos con discapacidades <em>temporales<\/em>, la ley de California requiere que cada \u201chora reloj\u201d de ense\u00f1anza destinada a una instrucci\u00f3n individual cuente como un d\u00eda de asistencia escolar. En otras palabras, para recibir la totalidad de los fondos estatales por un d\u00eda de asistencia escolar, el distrito solo debe brindarle al alumno una hora de instrucci\u00f3n. La ley tambi\u00e9n establece que ning\u00fan alumno puede obtener m\u00e1s de cinco d\u00edas de asistencia escolar por semana. [Cal. Ed. Code Sec. 48206.3(c)]. Por lo tanto, los distritos escolares le brindan a un alumno con una discapacidad temporal una hora de instrucci\u00f3n por d\u00eda mientras permanezca en su hogar en recuperaci\u00f3n o hasta que pueda retornar a la escuela. No hay leyes que estipulen que el distrito brinde instrucci\u00f3n individual suficiente para permitirle a cada alumno con una discapacidad temporal estar al d\u00eda con todos sus cursos y mantener las calificaciones.<\/p>\n","protected":false},"excerpt":{"rendered":"<p>Con el fin de computar la asistencia diaria promedio de los alumnos con discapacidades temporales, la ley de California requiere que cada \u201chora reloj\u201d de&hellip;<\/p>\n","protected":false},"author":1,"featured_media":0,"parent":360,"menu_order":5,"comment_status":"closed","ping_status":"closed","template":"","meta":{"footnotes":""},"class_list":["post-2937","page","type-page","status-publish","hentry"],"_links":{"self":[{"href":"https:\/\/serr.disabilityrightsca.org\/sp\/wp-json\/wp\/v2\/pages\/2937","targetHints":{"allow":["GET"]}}],"collection":[{"href":"https:\/\/serr.disabilityrightsca.org\/sp\/wp-json\/wp\/v2\/pages"}],"about":[{"href":"https:\/\/serr.disabilityrightsca.org\/sp\/wp-json\/wp\/v2\/types\/page"}],"author":[{"embeddable":true,"href":"https:\/\/serr.disabilityrightsca.org\/sp\/wp-json\/wp\/v2\/users\/1"}],"replies":[{"embeddable":true,"href":"https:\/\/serr.disabilityrightsca.org\/sp\/wp-json\/wp\/v2\/comments?post=2937"}],"version-history":[{"count":3,"href":"https:\/\/serr.disabilityrightsca.org\/sp\/wp-json\/wp\/v2\/pages\/2937\/revisions"}],"predecessor-version":[{"id":3936,"href":"https:\/\/serr.disabilityrightsca.org\/sp\/wp-json\/wp\/v2\/pages\/2937\/revisions\/3936"}],"up":[{"embeddable":true,"href":"https:\/\/serr.disabilityrightsca.org\/sp\/wp-json\/wp\/v2\/pages\/360"}],"wp:attachment":[{"href":"https:\/\/serr.disabilityrightsca.org\/sp\/wp-json\/wp\/v2\/media?parent=2937"}],"curies":[{"name":"wp","href":"https:\/\/api.w.org\/{rel}","templated":true}]}}