{"id":2939,"date":"2019-12-31T10:12:33","date_gmt":"2019-12-31T18:12:33","guid":{"rendered":"https:\/\/serr.disabilityrightsca.org\/?page_id=2939"},"modified":"2020-07-17T12:12:50","modified_gmt":"2020-07-17T19:12:50","slug":"14-6-si-mi-hijo-es-elegible-para-recibir-los-servicios-conforme-al-articulo-504-o-educacion-especial-quien-determina-la-cantidad-de-instruccion-y-servicios-que-se-brindan-en-el-hogar-o-en-el","status":"publish","type":"page","link":"https:\/\/serr.disabilityrightsca.org\/sp\/serr-manual\/capitulo-14-informacion-sobre-los-derechos-de-los-alumnos-con-enfermedades-graves\/14-6-si-mi-hijo-es-elegible-para-recibir-los-servicios-conforme-al-articulo-504-o-educacion-especial-quien-determina-la-cantidad-de-instruccion-y-servicios-que-se-brindan-en-el-hogar-o-en-el\/","title":{"rendered":"(14.6) Si mi hijo es elegible para recibir los servicios conforme al art\u00edculo 504 o educaci\u00f3n especial, \u00bfqui\u00e9n determina la cantidad de instrucci\u00f3n y servicios que se brindan en el hogar o en el hospital?"},"content":{"rendered":"\n<p>El equipo\ndel Programa de Educaci\u00f3n Individualizada (Individualized Education Program,\nIEP) o el equipo del plan del art\u00edculo 504 (504 Plan) tienen la facultad de\nrecomendar servicios que excedan la restricci\u00f3n de cinco horas semanales para\nlos alumnos de educaci\u00f3n general. Si su hijo califica para recibir educaci\u00f3n\nespecial o los servicios conforme al art\u00edculo 504, el equipo del IEP o el equipo\ndel plan 504, lo que incluye a los padres, tomar\u00e1n una decisi\u00f3n con respecto a\nla cantidad de horas de instrucci\u00f3n y otros servicios educativos necesarios\npara satisfacer las necesidades individuales de su hijo. No puede suponerse\nautom\u00e1ticamente que cinco horas de instrucci\u00f3n satisfar\u00e1n sus necesidades\n\u00fanicas o que ser\u00e1n suficientes para incluir todos los servicios educativos y\nservicios relacionados que se necesitan para obtener una educaci\u00f3n adecuada.\nLas recomendaciones de servicios para los alumnos elegibles para recibir\neducaci\u00f3n especial o los servicios conforme al art\u00edculo 504 deben basarse en\nsus necesidades educativas \u00fanicas. <\/p>\n\n\n\n<p>Si su hijo\ncalifica para recibir educaci\u00f3n especial o los servicios conforme al art\u00edculo\n504, su distrito debe proporcionarle servicios educativos basados en los\nsiguientes derechos del alumno y sus padres: <\/p>\n\n\n\n<ul class=\"wp-block-list\"><li>El derecho de un alumno a una\neducaci\u00f3n p\u00fablica, adecuada y gratuita (FAPE). <\/li><li>El derecho de un alumno a que se le\nrealice una evaluaci\u00f3n adecuada antes de determinar los servicios. <\/li><li>El derecho de un alumno a acceder a\nuna educaci\u00f3n en el entorno menos restrictivo (least restrictive environment,\nLRE).<\/li><li>El derecho de los padres a participar\nen el desarrollo del IEP de su hijo.<\/li><li>El derecho del alumno y de sus\npadres a los procedimientos del debido proceso o de reclamo de cumplimiento\npara resolver desacuerdos acerca de la colocaci\u00f3n, las adaptaciones o los\nservicios educativos o las acusaciones de incumplimiento de las leyes de\neducaci\u00f3n especial. <\/li><li>El derecho de los padres a ayudar a\ndeterminar y registrar los objetivos, la colocaci\u00f3n, las adaptaciones y los\nservicios educativos sobre la base de las necesidades individuales de su hijo. <\/li><\/ul>\n\n\n\n<p>Consulte\nel cap\u00edtulo 1, <em>Informaci\u00f3n sobre derechos\nfundamentales y responsabilidades.<\/em><\/p>\n","protected":false},"excerpt":{"rendered":"<p>El equipo del Programa de Educaci\u00f3n Individualizada (Individualized Education Program, IEP) o el equipo del plan del art\u00edculo 504 (504 Plan) tienen la facultad de&hellip;<\/p>\n","protected":false},"author":1,"featured_media":0,"parent":360,"menu_order":6,"comment_status":"closed","ping_status":"closed","template":"","meta":{"footnotes":""},"class_list":["post-2939","page","type-page","status-publish","hentry"],"_links":{"self":[{"href":"https:\/\/serr.disabilityrightsca.org\/sp\/wp-json\/wp\/v2\/pages\/2939","targetHints":{"allow":["GET"]}}],"collection":[{"href":"https:\/\/serr.disabilityrightsca.org\/sp\/wp-json\/wp\/v2\/pages"}],"about":[{"href":"https:\/\/serr.disabilityrightsca.org\/sp\/wp-json\/wp\/v2\/types\/page"}],"author":[{"embeddable":true,"href":"https:\/\/serr.disabilityrightsca.org\/sp\/wp-json\/wp\/v2\/users\/1"}],"replies":[{"embeddable":true,"href":"https:\/\/serr.disabilityrightsca.org\/sp\/wp-json\/wp\/v2\/comments?post=2939"}],"version-history":[{"count":4,"href":"https:\/\/serr.disabilityrightsca.org\/sp\/wp-json\/wp\/v2\/pages\/2939\/revisions"}],"predecessor-version":[{"id":3937,"href":"https:\/\/serr.disabilityrightsca.org\/sp\/wp-json\/wp\/v2\/pages\/2939\/revisions\/3937"}],"up":[{"embeddable":true,"href":"https:\/\/serr.disabilityrightsca.org\/sp\/wp-json\/wp\/v2\/pages\/360"}],"wp:attachment":[{"href":"https:\/\/serr.disabilityrightsca.org\/sp\/wp-json\/wp\/v2\/media?parent=2939"}],"curies":[{"name":"wp","href":"https:\/\/api.w.org\/{rel}","templated":true}]}}