{"id":2945,"date":"2019-12-31T10:15:03","date_gmt":"2019-12-31T18:15:03","guid":{"rendered":"https:\/\/serr.disabilityrightsca.org\/?page_id=2945"},"modified":"2020-07-17T12:15:32","modified_gmt":"2020-07-17T19:15:32","slug":"14-9-que-es-una-colocacion-de-instruccion-en-el-hogar-para-un-alumno-que-reune-los-requisitos-para-acceder-a-la-educacion-especial","status":"publish","type":"page","link":"https:\/\/serr.disabilityrightsca.org\/sp\/serr-manual\/capitulo-14-informacion-sobre-los-derechos-de-los-alumnos-con-enfermedades-graves\/14-9-que-es-una-colocacion-de-instruccion-en-el-hogar-para-un-alumno-que-reune-los-requisitos-para-acceder-a-la-educacion-especial\/","title":{"rendered":"(14.9) \u00bfQu\u00e9 es una colocaci\u00f3n de \u201cinstrucci\u00f3n en el hogar\u201d para un alumno que re\u00fane los requisitos para acceder a la educaci\u00f3n especial?"},"content":{"rendered":"\n<p>La\ninstrucci\u00f3n en el hogar (a veces, denominada \u201cdomiciliaria\/hospitalaria\u201d) es\nuna opci\u00f3n de programa educativo que est\u00e1 disponible para los alumnos con discapacidades\nque no pueden recibir educaci\u00f3n en una escuela p\u00fablica. Por lo general, los\nalumnos en esta colocaci\u00f3n tienen graves necesidades de salud o problemas de\nconducta y han tenido dificultades para estudiar en una clase para ni\u00f1os con\nproblemas de conducta en una escuela p\u00fablica, en una escuela no p\u00fablica o en un\nestablecimiento de salud mental. <\/p>\n\n\n\n<p>Todo\nprograma de instrucci\u00f3n en el hogar debe dise\u00f1arse de manera individual para\ngarantizar la continuidad del progreso hacia las metas y los objetivos, incluso\nsi el programa se ofrece en el hogar del alumno. La ley tambi\u00e9n exige que los\nalumnos tengan acceso al programa de estudios de educaci\u00f3n general y progresen\nen \u00e9l. [20 U.S.C. Sec. 1414(d)(1)(A)(i)]. El equipo del IEP debe seguir los\nmismos procedimientos para desarrollar un IEP para un alumno que recibir\u00e1\ninstrucci\u00f3n en su hogar que para cualquier alumno que reciba educaci\u00f3n\nespecial. [<em>Letter to Boney<\/em> 18 IDELR\n537(OSEP 1991)]. <\/p>\n\n\n\n<p>Para un\nalumno con un IEP, dicho equipo determina los servicios, incluidos el tipo, la\nduraci\u00f3n y la cantidad de los servicios de instrucci\u00f3n. Esto difiere de la\ninstrucci\u00f3n en el hogar o en el hospital que puede recibir un alumno con una\ndiscapacidad <em>temporal<\/em> (que no tiene un plan 504 y no es un alumno de\neducaci\u00f3n especial), en la que se admite una hora por d\u00eda. Consulte la pregunta\n1 anterior. <\/p>\n\n\n\n<p>Para el\nalumno de educaci\u00f3n especial, un l\u00edmite arbitrario de una hora por d\u00eda de\ninstrucci\u00f3n en el hogar, sin una evaluaci\u00f3n individualizada y una determinaci\u00f3n\nde que dicho l\u00edmite tendr\u00e1 como resultado un beneficio educativo, <em>no<\/em>\nest\u00e1 dise\u00f1ado para satisfacer las necesidades \u00fanicas de dicho alumno. El\nbeneficio educativo supone un progreso hacia las metas y los objetivos\ncentrales del IEP. [<em>County of San Diego\nv. Special Education Hearing Office<\/em>, 93 F.3d 1458, 1467 (9th Cir. 1996)]. Si\nel distrito insiste en el l\u00edmite de una hora por d\u00eda y usted no est\u00e1 de\nacuerdo, puede presentar un reclamo de cumplimiento o presentar una solicitud\nde debido proceso. Consulte el cap\u00edtulo 6, <em>Informaci\u00f3n\nsobre el debido proceso y los procedimientos de cumplimiento<\/em>.<\/p>\n","protected":false},"excerpt":{"rendered":"<p>La instrucci\u00f3n en el hogar (a veces, denominada \u201cdomiciliaria\/hospitalaria\u201d) es una opci\u00f3n de programa educativo que est\u00e1 disponible para los alumnos con discapacidades que no&hellip;<\/p>\n","protected":false},"author":1,"featured_media":0,"parent":360,"menu_order":9,"comment_status":"closed","ping_status":"closed","template":"","meta":{"footnotes":""},"class_list":["post-2945","page","type-page","status-publish","hentry"],"_links":{"self":[{"href":"https:\/\/serr.disabilityrightsca.org\/sp\/wp-json\/wp\/v2\/pages\/2945","targetHints":{"allow":["GET"]}}],"collection":[{"href":"https:\/\/serr.disabilityrightsca.org\/sp\/wp-json\/wp\/v2\/pages"}],"about":[{"href":"https:\/\/serr.disabilityrightsca.org\/sp\/wp-json\/wp\/v2\/types\/page"}],"author":[{"embeddable":true,"href":"https:\/\/serr.disabilityrightsca.org\/sp\/wp-json\/wp\/v2\/users\/1"}],"replies":[{"embeddable":true,"href":"https:\/\/serr.disabilityrightsca.org\/sp\/wp-json\/wp\/v2\/comments?post=2945"}],"version-history":[{"count":3,"href":"https:\/\/serr.disabilityrightsca.org\/sp\/wp-json\/wp\/v2\/pages\/2945\/revisions"}],"predecessor-version":[{"id":3940,"href":"https:\/\/serr.disabilityrightsca.org\/sp\/wp-json\/wp\/v2\/pages\/2945\/revisions\/3940"}],"up":[{"embeddable":true,"href":"https:\/\/serr.disabilityrightsca.org\/sp\/wp-json\/wp\/v2\/pages\/360"}],"wp:attachment":[{"href":"https:\/\/serr.disabilityrightsca.org\/sp\/wp-json\/wp\/v2\/media?parent=2945"}],"curies":[{"name":"wp","href":"https:\/\/api.w.org\/{rel}","templated":true}]}}