{"id":2953,"date":"2019-12-31T10:23:19","date_gmt":"2019-12-31T18:23:19","guid":{"rendered":"https:\/\/serr.disabilityrightsca.org\/?page_id=2953"},"modified":"2020-07-17T12:27:34","modified_gmt":"2020-07-17T19:27:34","slug":"14-13-si-mi-hijo-recibe-instruccion-en-el-hogar-el-distrito-puede-requerir-que-uno-de-los-padres-este-presente-durante-los-periodos-de-instruccion","status":"publish","type":"page","link":"https:\/\/serr.disabilityrightsca.org\/sp\/serr-manual\/capitulo-14-informacion-sobre-los-derechos-de-los-alumnos-con-enfermedades-graves\/14-13-si-mi-hijo-recibe-instruccion-en-el-hogar-el-distrito-puede-requerir-que-uno-de-los-padres-este-presente-durante-los-periodos-de-instruccion\/","title":{"rendered":"(14.13) Si mi hijo recibe instrucci\u00f3n en el hogar, \u00bfel distrito puede requerir que uno de los padres est\u00e9 presente durante los per\u00edodos de instrucci\u00f3n?"},"content":{"rendered":"\n<p>Si bien no existe un caso o una ley de California que requiera que uno de los padres se encuentre en el hogar durante los per\u00edodos de instrucci\u00f3n, dicha pol\u00edtica probablemente se sustentar\u00eda para un menor de 18 a\u00f1os. El \u00fanico tribunal federal de apelaciones que abord\u00f3 esta cuesti\u00f3n decidi\u00f3 que esta pol\u00edtica no incumpl\u00eda con la Ley de Educaci\u00f3n para Personas con Discapacidades (Individuals with Disabilities Education Act, IDEA) o con el art\u00edculo 504. [<em>Daniel O. v. Missouri State Board of Ed<\/em>., 210 F.3d 378 (8th Cir. 2000)]. <\/p>\n","protected":false},"excerpt":{"rendered":"<p>Si bien no existe un caso o una ley de California que requiera que uno de los padres se encuentre en el hogar durante los&hellip;<\/p>\n","protected":false},"author":1,"featured_media":0,"parent":360,"menu_order":13,"comment_status":"closed","ping_status":"closed","template":"","meta":{"footnotes":""},"class_list":["post-2953","page","type-page","status-publish","hentry"],"_links":{"self":[{"href":"https:\/\/serr.disabilityrightsca.org\/sp\/wp-json\/wp\/v2\/pages\/2953","targetHints":{"allow":["GET"]}}],"collection":[{"href":"https:\/\/serr.disabilityrightsca.org\/sp\/wp-json\/wp\/v2\/pages"}],"about":[{"href":"https:\/\/serr.disabilityrightsca.org\/sp\/wp-json\/wp\/v2\/types\/page"}],"author":[{"embeddable":true,"href":"https:\/\/serr.disabilityrightsca.org\/sp\/wp-json\/wp\/v2\/users\/1"}],"replies":[{"embeddable":true,"href":"https:\/\/serr.disabilityrightsca.org\/sp\/wp-json\/wp\/v2\/comments?post=2953"}],"version-history":[{"count":3,"href":"https:\/\/serr.disabilityrightsca.org\/sp\/wp-json\/wp\/v2\/pages\/2953\/revisions"}],"predecessor-version":[{"id":3944,"href":"https:\/\/serr.disabilityrightsca.org\/sp\/wp-json\/wp\/v2\/pages\/2953\/revisions\/3944"}],"up":[{"embeddable":true,"href":"https:\/\/serr.disabilityrightsca.org\/sp\/wp-json\/wp\/v2\/pages\/360"}],"wp:attachment":[{"href":"https:\/\/serr.disabilityrightsca.org\/sp\/wp-json\/wp\/v2\/media?parent=2953"}],"curies":[{"name":"wp","href":"https:\/\/api.w.org\/{rel}","templated":true}]}}