{"id":2955,"date":"2019-12-31T10:30:36","date_gmt":"2019-12-31T18:30:36","guid":{"rendered":"https:\/\/serr.disabilityrightsca.org\/?page_id=2955"},"modified":"2020-07-17T12:28:19","modified_gmt":"2020-07-17T19:28:19","slug":"14-14-debere-comprar-algun-equipo-necesario-como-una-computadora-u-otro-dispositivo-tecnologico-si-mi-hijo-recibe-instruccion-en-el-hogar","status":"publish","type":"page","link":"https:\/\/serr.disabilityrightsca.org\/sp\/serr-manual\/capitulo-14-informacion-sobre-los-derechos-de-los-alumnos-con-enfermedades-graves\/14-14-debere-comprar-algun-equipo-necesario-como-una-computadora-u-otro-dispositivo-tecnologico-si-mi-hijo-recibe-instruccion-en-el-hogar\/","title":{"rendered":"(14.14) \u00bfDeber\u00e9 comprar alg\u00fan equipo necesario, como una computadora u otro dispositivo tecnol\u00f3gico, si mi hijo recibe instrucci\u00f3n en el hogar?"},"content":{"rendered":"\n<p>No. Como parte de su FAPE, deben brindarse todos los equipos o dispositivos tecnol\u00f3gicos necesarios para permitirle a su hijo beneficiarse de la instrucci\u00f3n en el hogar, para acceder al programa de estudios general o progresar en este, o para garantizar el progreso en cuanto a sus objetivos del IEP o del plan 504. [20 U.S.C. Sec. 1401(9); 34 C.F.R. Secs. 104.33(c)(1) and 300.105]. Si un alumno con una discapacidad temporal (que no tiene un plan 504 y no es un alumno de educaci\u00f3n especial) necesita utilizar un dispositivo, debe exigir que el distrito se lo brinde para facilitar la instrucci\u00f3n en el hogar que necesita. [Cal. Ed. Code Sec. 48206.3].<\/p>\n","protected":false},"excerpt":{"rendered":"<p>No. Como parte de su FAPE, deben brindarse todos los equipos o dispositivos tecnol\u00f3gicos necesarios para permitirle a su hijo beneficiarse de la instrucci\u00f3n en&hellip;<\/p>\n","protected":false},"author":1,"featured_media":0,"parent":360,"menu_order":14,"comment_status":"closed","ping_status":"closed","template":"","meta":{"footnotes":""},"class_list":["post-2955","page","type-page","status-publish","hentry"],"_links":{"self":[{"href":"https:\/\/serr.disabilityrightsca.org\/sp\/wp-json\/wp\/v2\/pages\/2955","targetHints":{"allow":["GET"]}}],"collection":[{"href":"https:\/\/serr.disabilityrightsca.org\/sp\/wp-json\/wp\/v2\/pages"}],"about":[{"href":"https:\/\/serr.disabilityrightsca.org\/sp\/wp-json\/wp\/v2\/types\/page"}],"author":[{"embeddable":true,"href":"https:\/\/serr.disabilityrightsca.org\/sp\/wp-json\/wp\/v2\/users\/1"}],"replies":[{"embeddable":true,"href":"https:\/\/serr.disabilityrightsca.org\/sp\/wp-json\/wp\/v2\/comments?post=2955"}],"version-history":[{"count":3,"href":"https:\/\/serr.disabilityrightsca.org\/sp\/wp-json\/wp\/v2\/pages\/2955\/revisions"}],"predecessor-version":[{"id":3945,"href":"https:\/\/serr.disabilityrightsca.org\/sp\/wp-json\/wp\/v2\/pages\/2955\/revisions\/3945"}],"up":[{"embeddable":true,"href":"https:\/\/serr.disabilityrightsca.org\/sp\/wp-json\/wp\/v2\/pages\/360"}],"wp:attachment":[{"href":"https:\/\/serr.disabilityrightsca.org\/sp\/wp-json\/wp\/v2\/media?parent=2955"}],"curies":[{"name":"wp","href":"https:\/\/api.w.org\/{rel}","templated":true}]}}