{"id":2959,"date":"2019-12-31T10:38:45","date_gmt":"2019-12-31T18:38:45","guid":{"rendered":"https:\/\/serr.disabilityrightsca.org\/?page_id=2959"},"modified":"2020-07-17T12:31:07","modified_gmt":"2020-07-17T19:31:07","slug":"14-16-mi-hijo-necesita-tomar-sus-medicamentos-mientras-se-encuentra-en-la-escuela-que-asistencia-debe-brindar-la-escuela-para-garantizar-que-lo-haga","status":"publish","type":"page","link":"https:\/\/serr.disabilityrightsca.org\/sp\/serr-manual\/capitulo-14-informacion-sobre-los-derechos-de-los-alumnos-con-enfermedades-graves\/14-16-mi-hijo-necesita-tomar-sus-medicamentos-mientras-se-encuentra-en-la-escuela-que-asistencia-debe-brindar-la-escuela-para-garantizar-que-lo-haga\/","title":{"rendered":"(14.16) Mi hijo necesita tomar sus medicamentos mientras se encuentra en la escuela. \u00bfQu\u00e9 asistencia debe brindar la escuela para garantizar que lo haga?"},"content":{"rendered":"\n<p>El\npersonal de la escuela debe administrarles los medicamentos a los alumnos de\neducaci\u00f3n especial o con un plan 504 si sus planes individualizados as\u00ed lo\nrequieren. [5 C.C.R. Sec. 610(d)]. La Oficina de Derechos Civiles (OCR) ha\nregulado que la negativa de un distrito de administrarle sus medicamentos a un\nalumno como parte de un plan 504 es discriminatorio conforme al art\u00edculo 504. [San\nJuan Unified School District, 20 IDELR 549 (W.D. Cal. 1993)]. El mismo razonamiento\ndebe aplicarse para un alumno con un IEP.<\/p>\n\n\n\n<p>No\nobstante, estos servicios no est\u00e1n solamente disponibles para los alumnos con\ndiscapacidades, sino tambi\u00e9n para aquellos de educaci\u00f3n general. Las leyes\nestatales estipulan que los distritos escolares pueden pedirles a los\nenfermeros escolares o a otras personas que ayuden a los alumnos a tomar sus\nmedicamentos, (1) siempre que el proveedor de servicios de salud autorizado del\nalumno especifique el m\u00e9todo, la dosis y el horario de administraci\u00f3n del medicamento\n(y otra de informaci\u00f3n relevante exigida por la escuela) y (2) que los padres\nsoliciten la asistencia por escrito. El proveedor de servicios de salud\nautorizado es una persona matriculada en California con autorizaci\u00f3n para\nrecetar medicamentos. [5 C.C.R. Secs. 600 &amp; 601(a); Cal. Ed. Code Sec.\n49423]. <\/p>\n\n\n\n<p>La\nmedicaci\u00f3n puede incluir medicamentos recetados o de venta libre, suplementos y\nhierbas medicinales. [5 C.C.R. Sec. 601(b)]. Los reglamentos no proh\u00edben que se\nadministre ning\u00fan medicamento en la escuela, como Diastat para el control de\nlas convulsiones. Si un alumno busca la asistencia del personal para tomar un\nmedicamento de venta libre, es probable que se requiera la autorizaci\u00f3n de un\nm\u00e9dico. <\/p>\n\n\n\n<p><em>&nbsp;<\/em>Como parte de su solicitud por\nescrito de asistencia del personal con la administraci\u00f3n de los medicamentos,\nel distrito le puede solicitar su permiso para comunicarse directamente con el\nproveedor de servicios de salud de su hijo en relaci\u00f3n con la autorizaci\u00f3n\nescrita. [5 C.C.R. Sec. 603(a)(2)]. Si le preocupa que el personal de la\nescuela intente discutir con el m\u00e9dico otros asuntos aparte de los detalles de\nla administraci\u00f3n de los medicamentos de su hijo, aseg\u00farese de que toda\nautorizaci\u00f3n se limite espec\u00edficamente a asuntos relacionados con dicha administraci\u00f3n.\nSi el distrito le brinda un formulario de consentimiento general, deber a\u00f1adir\nuna oraci\u00f3n o dos oraciones sobre su firma, para limitar la autorizaci\u00f3n del\ndistrito a los asuntos relacionados con la administraci\u00f3n de los medicamentos. Tambi\u00e9n\ndebe darle una copia de la autorizaci\u00f3n al m\u00e9dico y aclarar que se limita a los\ndetalles de la administraci\u00f3n de los medicamentos.<\/p>\n","protected":false},"excerpt":{"rendered":"<p>El personal de la escuela debe administrarles los medicamentos a los alumnos de educaci\u00f3n especial o con un plan 504 si sus planes individualizados as\u00ed&hellip;<\/p>\n","protected":false},"author":1,"featured_media":0,"parent":360,"menu_order":16,"comment_status":"closed","ping_status":"closed","template":"","meta":{"footnotes":""},"class_list":["post-2959","page","type-page","status-publish","hentry"],"_links":{"self":[{"href":"https:\/\/serr.disabilityrightsca.org\/sp\/wp-json\/wp\/v2\/pages\/2959","targetHints":{"allow":["GET"]}}],"collection":[{"href":"https:\/\/serr.disabilityrightsca.org\/sp\/wp-json\/wp\/v2\/pages"}],"about":[{"href":"https:\/\/serr.disabilityrightsca.org\/sp\/wp-json\/wp\/v2\/types\/page"}],"author":[{"embeddable":true,"href":"https:\/\/serr.disabilityrightsca.org\/sp\/wp-json\/wp\/v2\/users\/1"}],"replies":[{"embeddable":true,"href":"https:\/\/serr.disabilityrightsca.org\/sp\/wp-json\/wp\/v2\/comments?post=2959"}],"version-history":[{"count":2,"href":"https:\/\/serr.disabilityrightsca.org\/sp\/wp-json\/wp\/v2\/pages\/2959\/revisions"}],"predecessor-version":[{"id":3947,"href":"https:\/\/serr.disabilityrightsca.org\/sp\/wp-json\/wp\/v2\/pages\/2959\/revisions\/3947"}],"up":[{"embeddable":true,"href":"https:\/\/serr.disabilityrightsca.org\/sp\/wp-json\/wp\/v2\/pages\/360"}],"wp:attachment":[{"href":"https:\/\/serr.disabilityrightsca.org\/sp\/wp-json\/wp\/v2\/media?parent=2959"}],"curies":[{"name":"wp","href":"https:\/\/api.w.org\/{rel}","templated":true}]}}