{"id":2961,"date":"2019-12-31T10:45:30","date_gmt":"2019-12-31T18:45:30","guid":{"rendered":"https:\/\/serr.disabilityrightsca.org\/?page_id=2961"},"modified":"2020-07-17T12:33:55","modified_gmt":"2020-07-17T19:33:55","slug":"14-17-mi-hijo-puede-administrarse-medicaciones-sin-la-ayuda-del-personal-del-distrito","status":"publish","type":"page","link":"https:\/\/serr.disabilityrightsca.org\/sp\/serr-manual\/capitulo-14-informacion-sobre-los-derechos-de-los-alumnos-con-enfermedades-graves\/14-17-mi-hijo-puede-administrarse-medicaciones-sin-la-ayuda-del-personal-del-distrito\/","title":{"rendered":"(14.17) \u00bfMi hijo puede administrarse medicaciones sin la ayuda del personal del distrito?"},"content":{"rendered":"\n<p>S\u00ed. Los\nalumnos de educaci\u00f3n especial o con un plan 504 tienen el derecho de\nadministrarse los medicamentos si su plan individualizado as\u00ed lo requiere. [5\nC.C.R. Sec. 610(d)].<\/p>\n\n\n\n<p>Sin\nembargo, los alumnos de educaci\u00f3n general tambi\u00e9n pueden administrarse los\nmedicamentos. Siempre y cuando el distrito reciba ciertas declaraciones por\nescrito del proveedor de servicios de salud y de usted, su hijo puede llevar y\nadministrarse <em>epinefrina autoinyectable o medicamentos de inhalaci\u00f3n para el\nasma recetados<\/em>. La declaraci\u00f3n del m\u00e9dico o cirujano de su hijo debe\nincluir el nombre del medicamento, el m\u00e9todo de administraci\u00f3n, la dosis y el\nhorario en el que debe administrarse. Usted deber\u00e1 prestar su consentimiento\npor escrito para que su hijo pueda administrarse los medicamentos y para que el\npersonal escolar pueda comunicarse directamente con los proveedores de\nservicios de salud de su hijo. Adem\u00e1s, los distritos pueden brindarles\nautoinyectores de epinefrina a miembros del personal que est\u00e1n capacitados para\nbrindar asistencia m\u00e9dica de emergencia a las personas que sufren una reacci\u00f3n\nanafil\u00e1ctica. [Cal. Ed. Code Sec. 49414(a)]. <\/p>\n\n\n\n<p>Asimismo,\nsi su hijo tiene diabetes y es capaz de <em>autoevaluar\ny controlar sus niveles de glucosa en sangre<\/em>, podr\u00e1 hacerlo y ocuparse de\nsu <em>cuidado personal <\/em>en la escuela,\nsiempre que usted lo solicite por escrito. Esto puede darse en el aula o en\ncualquier otra \u00e1rea de la escuela, durante cualquier actividad escolar y (tras\nsu solicitud espec\u00edfica) en un lugar privado. Para ello, tambi\u00e9n deber\u00e1\npresentar la autorizaci\u00f3n de su proveedor de servicios de salud. [Cal. Ed. Code\nSec. 49414.5(c)]. <\/p>\n\n\n\n<p>Tambi\u00e9n\ndeber\u00e1 brindar una exenci\u00f3n de responsabilidad en caso de que su hijo sufra una\nreacci\u00f3n adversa a causa de la autoadministraci\u00f3n. [Cal. Ed. Code Secs.\n49423(b)(2) &amp; 49423.1(b)(2)]. Una exenci\u00f3n general de responsabilidad civil\nno eximir\u00eda al distrito escolar de la responsabilidad por las lesiones producto\nde la negligencia de un miembro del personal. Todo documento que describa un\nservicio de salud en particular que involucre al personal de la escuela debe\nser claro con respecto a c\u00f3mo debe prestarse el servicio. <\/p>\n\n\n\n<p>Es <em>posible<\/em>\nque los distritos proporcionen al personal voluntario de la escuela\ncapacitaciones sobre asistencia m\u00e9dica de emergencia para los alumnos con\ndiabetes que tengan hipoglucemia severa. [Cal. Ed. Code Sec. 49414.5(a)]. No es\nun requisito que alguien se ofrezca como voluntario para esta capacitaci\u00f3n. Obtenga\nuna copia del bolet\u00edn de asesoramiento jur\u00eddico, del ejemplo de plan seg\u00fan el\nart\u00edculo 504 y del ejemplo de plan de atenci\u00f3n m\u00e9dica para la diabetes del\nDepartamento de Educaci\u00f3n de California en el siguiente enlace: www.dredf.org\/diabetes.\n<\/p>\n","protected":false},"excerpt":{"rendered":"<p>S\u00ed. Los alumnos de educaci\u00f3n especial o con un plan 504 tienen el derecho de administrarse los medicamentos si su plan individualizado as\u00ed lo requiere.&hellip;<\/p>\n","protected":false},"author":1,"featured_media":0,"parent":360,"menu_order":17,"comment_status":"closed","ping_status":"closed","template":"","meta":{"footnotes":""},"class_list":["post-2961","page","type-page","status-publish","hentry"],"_links":{"self":[{"href":"https:\/\/serr.disabilityrightsca.org\/sp\/wp-json\/wp\/v2\/pages\/2961","targetHints":{"allow":["GET"]}}],"collection":[{"href":"https:\/\/serr.disabilityrightsca.org\/sp\/wp-json\/wp\/v2\/pages"}],"about":[{"href":"https:\/\/serr.disabilityrightsca.org\/sp\/wp-json\/wp\/v2\/types\/page"}],"author":[{"embeddable":true,"href":"https:\/\/serr.disabilityrightsca.org\/sp\/wp-json\/wp\/v2\/users\/1"}],"replies":[{"embeddable":true,"href":"https:\/\/serr.disabilityrightsca.org\/sp\/wp-json\/wp\/v2\/comments?post=2961"}],"version-history":[{"count":3,"href":"https:\/\/serr.disabilityrightsca.org\/sp\/wp-json\/wp\/v2\/pages\/2961\/revisions"}],"predecessor-version":[{"id":3948,"href":"https:\/\/serr.disabilityrightsca.org\/sp\/wp-json\/wp\/v2\/pages\/2961\/revisions\/3948"}],"up":[{"embeddable":true,"href":"https:\/\/serr.disabilityrightsca.org\/sp\/wp-json\/wp\/v2\/pages\/360"}],"wp:attachment":[{"href":"https:\/\/serr.disabilityrightsca.org\/sp\/wp-json\/wp\/v2\/media?parent=2961"}],"curies":[{"name":"wp","href":"https:\/\/api.w.org\/{rel}","templated":true}]}}