{"id":2963,"date":"2019-12-31T10:50:24","date_gmt":"2019-12-31T18:50:24","guid":{"rendered":"https:\/\/serr.disabilityrightsca.org\/?page_id=2963"},"modified":"2020-07-17T12:34:51","modified_gmt":"2020-07-17T19:34:51","slug":"14-18-ademas-de-la-administracion-de-medicamentos-un-alumno-de-educacion-especial-tiene-derecho-a-acceder-a-servicios-de-enfermeria-complejos-o-a-otros-servicios-de-salud-a-expensas-del-distr","status":"publish","type":"page","link":"https:\/\/serr.disabilityrightsca.org\/sp\/serr-manual\/capitulo-14-informacion-sobre-los-derechos-de-los-alumnos-con-enfermedades-graves\/14-18-ademas-de-la-administracion-de-medicamentos-un-alumno-de-educacion-especial-tiene-derecho-a-acceder-a-servicios-de-enfermeria-complejos-o-a-otros-servicios-de-salud-a-expensas-del-distr\/","title":{"rendered":"(14.18) Adem\u00e1s de la administraci\u00f3n de medicamentos, \u00bfun alumno de educaci\u00f3n especial tiene derecho a acceder a servicios de enfermer\u00eda complejos o a otros servicios de salud a expensas del distrito mientras se encuentre en la escuela?"},"content":{"rendered":"\n<p>S\u00ed. La\nCorte Suprema ha decidido, conforme a la ley de educaci\u00f3n especial, que los\nservicios de enfermer\u00eda continuos y complejos se consideran \u201cservicios relacionados\u201d,\nno \u201cservicios m\u00e9dicos\u201d, si son necesarios para garantizar que el alumno con\ngraves necesidades de salud tenga acceso a las escuelas p\u00fablicas y est\u00e9\nintegrado con alumnos sin discapacidades. Los distritos escolares son\nresponsables por los servicios de salud que pueda brindar un enfermero en lugar\nde los servicios m\u00e9dicos que brinda un m\u00e9dico. [<em>Cedar Rapids Community School District v. Garret F<\/em>., 526 U.S. 66,\n71 (1999)]. La ley estatal tambi\u00e9n afirma el derecho a asistir a la escuela con\nservicios de salud a expensas del distrito. [Cal. Ed. Code Sec. 49423.5(f)]. El\ndistrito escolar no puede rehusarse a brindar servicios de enfermer\u00eda o denegar\nla asistencia a la escuela sobre la base de los costos. <\/p>\n\n\n\n<p>Los\nreglamentos federales de educaci\u00f3n especial aclaran que los \u00fanicos servicios\nm\u00e9dicos que un distrito debe proporcionar son para diagn\u00f3sticos o evaluaciones.\n[34 C.F.R. Sec. 300.34(a)]. Los \u201cservicios m\u00e9dicos\u201d son \u201caquellos\nproporcionados por un m\u00e9dico matriculado para determinar si un ni\u00f1o tiene una\ndiscapacidad, desde el punto de vista m\u00e9dico, la cual provoca que necesite\nrecibir educaci\u00f3n especial y servicios relacionados\u201d. [34 C.F.R. Sec.\n300.34(c)(5)]. <\/p>\n","protected":false},"excerpt":{"rendered":"<p>S\u00ed. La Corte Suprema ha decidido, conforme a la ley de educaci\u00f3n especial, que los servicios de enfermer\u00eda continuos y complejos se consideran \u201cservicios relacionados\u201d,&hellip;<\/p>\n","protected":false},"author":1,"featured_media":0,"parent":360,"menu_order":18,"comment_status":"closed","ping_status":"closed","template":"","meta":{"footnotes":""},"class_list":["post-2963","page","type-page","status-publish","hentry"],"_links":{"self":[{"href":"https:\/\/serr.disabilityrightsca.org\/sp\/wp-json\/wp\/v2\/pages\/2963","targetHints":{"allow":["GET"]}}],"collection":[{"href":"https:\/\/serr.disabilityrightsca.org\/sp\/wp-json\/wp\/v2\/pages"}],"about":[{"href":"https:\/\/serr.disabilityrightsca.org\/sp\/wp-json\/wp\/v2\/types\/page"}],"author":[{"embeddable":true,"href":"https:\/\/serr.disabilityrightsca.org\/sp\/wp-json\/wp\/v2\/users\/1"}],"replies":[{"embeddable":true,"href":"https:\/\/serr.disabilityrightsca.org\/sp\/wp-json\/wp\/v2\/comments?post=2963"}],"version-history":[{"count":2,"href":"https:\/\/serr.disabilityrightsca.org\/sp\/wp-json\/wp\/v2\/pages\/2963\/revisions"}],"predecessor-version":[{"id":3949,"href":"https:\/\/serr.disabilityrightsca.org\/sp\/wp-json\/wp\/v2\/pages\/2963\/revisions\/3949"}],"up":[{"embeddable":true,"href":"https:\/\/serr.disabilityrightsca.org\/sp\/wp-json\/wp\/v2\/pages\/360"}],"wp:attachment":[{"href":"https:\/\/serr.disabilityrightsca.org\/sp\/wp-json\/wp\/v2\/media?parent=2963"}],"curies":[{"name":"wp","href":"https:\/\/api.w.org\/{rel}","templated":true}]}}