{"id":2977,"date":"2019-12-31T11:03:14","date_gmt":"2019-12-31T19:03:14","guid":{"rendered":"https:\/\/serr.disabilityrightsca.org\/?page_id=2977"},"modified":"2024-07-23T14:55:52","modified_gmt":"2024-07-23T21:55:52","slug":"14-25-si-el-unico-enfermero-del-distrito-presta-sus-servicios-en-una-escuela-determinada-mi-hijo-debera-ir-hasta-alli","status":"publish","type":"page","link":"https:\/\/serr.disabilityrightsca.org\/sp\/serr-manual\/capitulo-14-informacion-sobre-los-derechos-de-los-alumnos-con-enfermedades-graves\/14-25-si-el-unico-enfermero-del-distrito-presta-sus-servicios-en-una-escuela-determinada-mi-hijo-debera-ir-hasta-alli\/","title":{"rendered":"(14.25) Si el \u00fanico enfermero del distrito presta sus servicios en una escuela determinada, \u00bfmi hijo deber\u00e1 ir hasta all\u00ed?"},"content":{"rendered":"\n<p>El distrito puede intentar reducir su costo de prestaci\u00f3n de servicios de atenci\u00f3n m\u00e9dica especializada concentrando a los alumnos en ciertas escuelas en las que los servicios de enfermer\u00eda ya se encuentran disponibles. Por lo tanto, la ley estatal estipula lo siguiente: \u201cLa intenci\u00f3n de la Asamblea Legislativa es que nada de lo establecido en este art\u00edculo tenga como resultado que [los alumnos de educaci\u00f3n especial] sean colocados en establecimientos educativos diferentes de aquellos a los que asistir\u00edan si no fuera por su necesidad de servicios de atenci\u00f3n m\u00e9dica especializa\u201d. [Cal. Ed. Code Sec. 49423.5(h)].<\/p>\n","protected":false},"excerpt":{"rendered":"<p>El distrito puede intentar reducir su costo de prestaci\u00f3n de servicios de atenci\u00f3n m\u00e9dica especializada concentrando a los alumnos en ciertas escuelas en las que&hellip;<\/p>\n","protected":false},"author":1,"featured_media":0,"parent":360,"menu_order":25,"comment_status":"closed","ping_status":"closed","template":"","meta":{"footnotes":""},"class_list":["post-2977","page","type-page","status-publish","hentry"],"_links":{"self":[{"href":"https:\/\/serr.disabilityrightsca.org\/sp\/wp-json\/wp\/v2\/pages\/2977","targetHints":{"allow":["GET"]}}],"collection":[{"href":"https:\/\/serr.disabilityrightsca.org\/sp\/wp-json\/wp\/v2\/pages"}],"about":[{"href":"https:\/\/serr.disabilityrightsca.org\/sp\/wp-json\/wp\/v2\/types\/page"}],"author":[{"embeddable":true,"href":"https:\/\/serr.disabilityrightsca.org\/sp\/wp-json\/wp\/v2\/users\/1"}],"replies":[{"embeddable":true,"href":"https:\/\/serr.disabilityrightsca.org\/sp\/wp-json\/wp\/v2\/comments?post=2977"}],"version-history":[{"count":3,"href":"https:\/\/serr.disabilityrightsca.org\/sp\/wp-json\/wp\/v2\/pages\/2977\/revisions"}],"predecessor-version":[{"id":3956,"href":"https:\/\/serr.disabilityrightsca.org\/sp\/wp-json\/wp\/v2\/pages\/2977\/revisions\/3956"}],"up":[{"embeddable":true,"href":"https:\/\/serr.disabilityrightsca.org\/sp\/wp-json\/wp\/v2\/pages\/360"}],"wp:attachment":[{"href":"https:\/\/serr.disabilityrightsca.org\/sp\/wp-json\/wp\/v2\/media?parent=2977"}],"curies":[{"name":"wp","href":"https:\/\/api.w.org\/{rel}","templated":true}]}}