{"id":2979,"date":"2019-12-31T11:04:26","date_gmt":"2019-12-31T19:04:26","guid":{"rendered":"https:\/\/serr.disabilityrightsca.org\/?page_id=2979"},"modified":"2024-07-23T14:55:33","modified_gmt":"2024-07-23T21:55:33","slug":"14-26-el-distrito-escolar-puede-poner-a-una-persona-a-disposicion-de-mi-hijo-para-prestarle-los-servicios-de-salud-necesarios-durante-la-jornada-escolar-unicamente-pero-no-para-las-actividade","status":"publish","type":"page","link":"https:\/\/serr.disabilityrightsca.org\/sp\/serr-manual\/capitulo-14-informacion-sobre-los-derechos-de-los-alumnos-con-enfermedades-graves\/14-26-el-distrito-escolar-puede-poner-a-una-persona-a-disposicion-de-mi-hijo-para-prestarle-los-servicios-de-salud-necesarios-durante-la-jornada-escolar-unicamente-pero-no-para-las-actividade\/","title":{"rendered":"(14.26) \u00bfEl distrito escolar puede poner a una persona a disposici\u00f3n de mi hijo para prestarle los servicios de salud necesarios durante la jornada escolar \u00fanicamente, pero no para las actividades despu\u00e9s del horario escolar o durante el transporte?"},"content":{"rendered":"\n<p>No. Para los alumnos con IEP y con planes 504, el art\u00edculo 504 proh\u00edbe la discriminaci\u00f3n por discapacidad. Impedir que los alumnos con discapacidades participen en actividades extracurriculares y no acad\u00e9micas (como los servicios de asesoramiento, las actividades f\u00edsicas y recreativas, el transporte, los grupos de inter\u00e9s especial o los clubes patrocinados por la escuela durante la jornada escolar o despu\u00e9s de esta) es una forma de discriminaci\u00f3n. [34 C.F.R. Sec. 104.37]. Adem\u00e1s, si el IEP de un alumno especifica cualquiera de estos tipos de actividades, los servicios relacionados necesarios para permitir que dicho alumno participe, como los servicios de enfermer\u00eda, deben brindarse para cumplir con el IEP. [34 C.F.R. Sec. 300.107]. <\/p>\n","protected":false},"excerpt":{"rendered":"<p>No. Para los alumnos con IEP y con planes 504, el art\u00edculo 504 proh\u00edbe la discriminaci\u00f3n por discapacidad. Impedir que los alumnos con discapacidades participen&hellip;<\/p>\n","protected":false},"author":1,"featured_media":0,"parent":360,"menu_order":26,"comment_status":"closed","ping_status":"closed","template":"","meta":{"footnotes":""},"class_list":["post-2979","page","type-page","status-publish","hentry"],"_links":{"self":[{"href":"https:\/\/serr.disabilityrightsca.org\/sp\/wp-json\/wp\/v2\/pages\/2979","targetHints":{"allow":["GET"]}}],"collection":[{"href":"https:\/\/serr.disabilityrightsca.org\/sp\/wp-json\/wp\/v2\/pages"}],"about":[{"href":"https:\/\/serr.disabilityrightsca.org\/sp\/wp-json\/wp\/v2\/types\/page"}],"author":[{"embeddable":true,"href":"https:\/\/serr.disabilityrightsca.org\/sp\/wp-json\/wp\/v2\/users\/1"}],"replies":[{"embeddable":true,"href":"https:\/\/serr.disabilityrightsca.org\/sp\/wp-json\/wp\/v2\/comments?post=2979"}],"version-history":[{"count":3,"href":"https:\/\/serr.disabilityrightsca.org\/sp\/wp-json\/wp\/v2\/pages\/2979\/revisions"}],"predecessor-version":[{"id":3957,"href":"https:\/\/serr.disabilityrightsca.org\/sp\/wp-json\/wp\/v2\/pages\/2979\/revisions\/3957"}],"up":[{"embeddable":true,"href":"https:\/\/serr.disabilityrightsca.org\/sp\/wp-json\/wp\/v2\/pages\/360"}],"wp:attachment":[{"href":"https:\/\/serr.disabilityrightsca.org\/sp\/wp-json\/wp\/v2\/media?parent=2979"}],"curies":[{"name":"wp","href":"https:\/\/api.w.org\/{rel}","templated":true}]}}