{"id":2983,"date":"2019-12-31T11:07:14","date_gmt":"2019-12-31T19:07:14","guid":{"rendered":"https:\/\/serr.disabilityrightsca.org\/?page_id=2983"},"modified":"2020-07-17T12:43:56","modified_gmt":"2020-07-17T19:43:56","slug":"14-28-mi-hijo-necesita-acceder-a-un-producto-a-base-de-marihuana-por-razones-medicas-puede-tomarlo-en-la-escuela","status":"publish","type":"page","link":"https:\/\/serr.disabilityrightsca.org\/sp\/serr-manual\/capitulo-14-informacion-sobre-los-derechos-de-los-alumnos-con-enfermedades-graves\/14-28-mi-hijo-necesita-acceder-a-un-producto-a-base-de-marihuana-por-razones-medicas-puede-tomarlo-en-la-escuela\/","title":{"rendered":"(14.28) Mi hijo necesita acceder a un producto a base de marihuana por razones m\u00e9dicas. \u00bfPuede tomarlo en la escuela?"},"content":{"rendered":"\n<p>Conforme a un fallo de la Oficina de Audiencias Administrativas (Office\nof Administrative Hearings, OAH), si la necesidad de un ni\u00f1o de acceder a la\nmarihuana medicinal o a un derivado cumple con los requisitos de la Ley de Uso\nCompasivo (Compassionate Use Act, CUA) de California, debe tener permiso para\nacceder a estos en las instalaciones de la escuela y en el transporte escolar.\n[Rincon Valley Union Elementary School District, 73 IDELR 25, (SEA CA 2018)].\nSe trataba del caso de una ni\u00f1a de cinco a\u00f1os con s\u00edndrome de Dravet, quien\nnecesitaba aceite de tetrahidrocannabinol (THC) como medicamento de emergencia\ncontra las convulsiones. El distrito le ofreci\u00f3 un IEP para recibir instrucci\u00f3n\nen el hogar y aleg\u00f3 que no pod\u00eda asistir a la escuela porque las leyes\nfederales y estatales prohib\u00edan la tenencia y el consumo de la sustancia en las\ninstalaciones de la escuela y en el transporte escolar. El juez de derecho\nadministrativo (ALJ) desestim\u00f3 el argumento del distrito y afirm\u00f3 que el\nmandato del LRE le daba a la ni\u00f1a derecho a asistir a la escuela junto con sus\ncompa\u00f1eros. El ALJ tambi\u00e9n determin\u00f3 que el distrito estaba equivocado en la\ninterpretaci\u00f3n de las leyes pertinentes. <\/p>\n\n\n\n<p>En el fallo se explic\u00f3 que la Ley de Uso Compasivo de California prove\u00eda\nexpresamente una exenci\u00f3n en circunstancias espec\u00edficas. Un ni\u00f1o es elegible\npara dicha exenci\u00f3n si re\u00fane los siguientes requisitos:<\/p>\n\n\n\n<ul class=\"wp-block-list\"><li>Padece una enfermedad\ngrave.<\/li><li>Un m\u00e9dico ha\ndeterminado que el consumo de marihuana beneficiar\u00eda la salud del ni\u00f1o en el\ntratamiento de su enfermedad.<\/li><li>El m\u00e9dico ha\nrecomendado el uso con este fin. [Cal. Health &amp; Saf. Code Sec.\n11362.5(b)(1)]. <\/li><\/ul>\n\n\n\n<p>Las\nenfermedades cubiertas por la Ley de Uso Compasivo se describen en t\u00e9rminos\ngenerales como \u201cc\u00e1ncer, anorexia, sida, dolor cr\u00f3nico, espasticidad, glaucoma,\nartritis, migra\u00f1a o toda otra enfermedad que la marihuana alivie\u201d. [Cal. Health\n&amp; Saf. Code Sec. 11362.5(b)(1)(A)]. La ley exime espec\u00edficamente de toda\nacusaci\u00f3n penal al paciente por el consumo y la tenencia de marihuana\nmedicinal, y al cuidador primario por su tenencia, cuando se la receta por\nmotivos medicinales para el paciente en una recomendaci\u00f3n o aprobaci\u00f3n oral o\nescrita por parte de un m\u00e9dico. [Cal. Health &amp; Saf. Code Secs.\n11362.5(b)(1)(B) and 11362.5j(d)]. Un cuidador primario se define como \u201cel\nindividuo designado por la persona, que ha asumido la responsabilidad constante\npor la vivienda, la salud o la seguridad de esa persona\u201d. [Cal. Health &amp;\nSaf. Code Sec. 11362.5(e)].<\/p>\n\n\n\n<p>El ALJ\nconcluy\u00f3 que la necesidad de la ni\u00f1a del aceite de THC reun\u00eda todas las\ncondiciones legales y que ella y su madre, quien era su cuidadora primaria,\nestaban protegidas por la Ley de Uso Compasivo. Adem\u00e1s, la enfermera que le\nadministrar\u00eda el aceite conforme a las condiciones prescritas tambi\u00e9n estaba\ncubierta, ya que estar\u00eda actuando en calidad de representante de la madre de la\nni\u00f1a.<\/p>\n\n\n\n<p>El ALJ\nreconoci\u00f3 que el consumo y la tenencia de marihuana a\u00fan se clasificaban en la\nley federal como un elemento del anexo&nbsp;I conforme a la Ley de Sustancias\nControladas (Controlled Substance Act, CSA) de los Estados Unidos. No obstante,\nexpuso una serie de argumentos y acciones del Departamento de Justicia\n(Department of Justice, DOJ), el presidente y el Congreso para demostrar la\nclara intenci\u00f3n de todos de no iniciar acciones legales o acusaciones penales\ncuando el uso fuera con fines medicinales. <\/p>\n","protected":false},"excerpt":{"rendered":"<p>Conforme a un fallo de la Oficina de Audiencias Administrativas (Office of Administrative Hearings, OAH), si la necesidad de un ni\u00f1o de acceder a la&hellip;<\/p>\n","protected":false},"author":1,"featured_media":0,"parent":360,"menu_order":28,"comment_status":"closed","ping_status":"closed","template":"","meta":{"footnotes":""},"class_list":["post-2983","page","type-page","status-publish","hentry"],"_links":{"self":[{"href":"https:\/\/serr.disabilityrightsca.org\/sp\/wp-json\/wp\/v2\/pages\/2983","targetHints":{"allow":["GET"]}}],"collection":[{"href":"https:\/\/serr.disabilityrightsca.org\/sp\/wp-json\/wp\/v2\/pages"}],"about":[{"href":"https:\/\/serr.disabilityrightsca.org\/sp\/wp-json\/wp\/v2\/types\/page"}],"author":[{"embeddable":true,"href":"https:\/\/serr.disabilityrightsca.org\/sp\/wp-json\/wp\/v2\/users\/1"}],"replies":[{"embeddable":true,"href":"https:\/\/serr.disabilityrightsca.org\/sp\/wp-json\/wp\/v2\/comments?post=2983"}],"version-history":[{"count":2,"href":"https:\/\/serr.disabilityrightsca.org\/sp\/wp-json\/wp\/v2\/pages\/2983\/revisions"}],"predecessor-version":[{"id":3959,"href":"https:\/\/serr.disabilityrightsca.org\/sp\/wp-json\/wp\/v2\/pages\/2983\/revisions\/3959"}],"up":[{"embeddable":true,"href":"https:\/\/serr.disabilityrightsca.org\/sp\/wp-json\/wp\/v2\/pages\/360"}],"wp:attachment":[{"href":"https:\/\/serr.disabilityrightsca.org\/sp\/wp-json\/wp\/v2\/media?parent=2983"}],"curies":[{"name":"wp","href":"https:\/\/api.w.org\/{rel}","templated":true}]}}