{"id":2985,"date":"2019-12-31T11:08:45","date_gmt":"2019-12-31T19:08:45","guid":{"rendered":"https:\/\/serr.disabilityrightsca.org\/?page_id=2985"},"modified":"2024-07-23T14:54:21","modified_gmt":"2024-07-23T21:54:21","slug":"14-29-ademas-de-instruccion-y-servicios-relacionados-existen-otros-servicios-especializados-disponibles-para-un-nino-que-tenga-un-iep-debido-a-una-enfermedad-cronica-o-problemas-de-salud-grav","status":"publish","type":"page","link":"https:\/\/serr.disabilityrightsca.org\/sp\/serr-manual\/capitulo-14-informacion-sobre-los-derechos-de-los-alumnos-con-enfermedades-graves\/14-29-ademas-de-instruccion-y-servicios-relacionados-existen-otros-servicios-especializados-disponibles-para-un-nino-que-tenga-un-iep-debido-a-una-enfermedad-cronica-o-problemas-de-salud-grav\/","title":{"rendered":"(14.29) Adem\u00e1s de instrucci\u00f3n y servicios relacionados, \u00bfexisten otros servicios especializados disponibles para un ni\u00f1o que tenga un IEP debido a una enfermedad cr\u00f3nica o problemas de salud graves?"},"content":{"rendered":"\n<p>Si su hijo es elegible para recibir educaci\u00f3n especial conforme a la\ncategor\u00eda de otros problemas de salud (OHI), el equipo del IEP puede brindar\nservicios especializados que incluyen, entre otros, los siguientes:<\/p>\n\n\n\n<p>(1) consultas individuales;<\/p>\n\n\n\n<p>(2) instrucci\u00f3n en el hogar o en el hospital;<\/p>\n\n\n\n<p>(3) otros m\u00e9todos de instrucci\u00f3n a trav\u00e9s de tecnolog\u00eda de comunicaci\u00f3n\navanzada.<\/p>\n\n\n\n<p>&nbsp;[5 C.C.R. Sec. 3051.17(a)].<\/p>\n\n\n\n<p>Adem\u00e1s, en el caso de un alumno cuya enfermedad est\u00e9 en remisi\u00f3n o en un\nestado pasivo, el equipo del IEP debe especificar la frecuencia de los\ncontroles de su progreso educativo para garantizar que la enfermedad no\ninterfiera con este. [5 C.C.R. Sec. 3051.17(b)].<\/p>\n\n\n\n<p>Cuando el alumno tiene un problema de salud grave que le impide asistir\na la escuela por m\u00e1s de cinco d\u00edas consecutivos, tras notificar al maestro o a\nlos padres, el director de la escuela o la persona por \u00e9l designada debe\nasegurarse de que el equipo del IEP se re\u00fana para determinar los servicios\neducativos adecuados. [5 C.C.R. Sec. 3051.17(c)]. Si existe un patr\u00f3n de\nenfermedad espor\u00e1dica, el equipo del IEP debe reunirse para considerar medios\nalternativos para que el alumno demuestre sus competencias en el programa de\nestudios requerido, para que la cantidad de inasistencias acumuladas no impida su\nprogreso educativo. [5 C.C.R. Sec. 3051.17(d)]. <\/p>\n","protected":false},"excerpt":{"rendered":"<p>Si su hijo es elegible para recibir educaci\u00f3n especial conforme a la categor\u00eda de otros problemas de salud (OHI), el equipo del IEP puede brindar&hellip;<\/p>\n","protected":false},"author":1,"featured_media":0,"parent":360,"menu_order":29,"comment_status":"closed","ping_status":"closed","template":"","meta":{"footnotes":""},"class_list":["post-2985","page","type-page","status-publish","hentry"],"_links":{"self":[{"href":"https:\/\/serr.disabilityrightsca.org\/sp\/wp-json\/wp\/v2\/pages\/2985","targetHints":{"allow":["GET"]}}],"collection":[{"href":"https:\/\/serr.disabilityrightsca.org\/sp\/wp-json\/wp\/v2\/pages"}],"about":[{"href":"https:\/\/serr.disabilityrightsca.org\/sp\/wp-json\/wp\/v2\/types\/page"}],"author":[{"embeddable":true,"href":"https:\/\/serr.disabilityrightsca.org\/sp\/wp-json\/wp\/v2\/users\/1"}],"replies":[{"embeddable":true,"href":"https:\/\/serr.disabilityrightsca.org\/sp\/wp-json\/wp\/v2\/comments?post=2985"}],"version-history":[{"count":2,"href":"https:\/\/serr.disabilityrightsca.org\/sp\/wp-json\/wp\/v2\/pages\/2985\/revisions"}],"predecessor-version":[{"id":3960,"href":"https:\/\/serr.disabilityrightsca.org\/sp\/wp-json\/wp\/v2\/pages\/2985\/revisions\/3960"}],"up":[{"embeddable":true,"href":"https:\/\/serr.disabilityrightsca.org\/sp\/wp-json\/wp\/v2\/pages\/360"}],"wp:attachment":[{"href":"https:\/\/serr.disabilityrightsca.org\/sp\/wp-json\/wp\/v2\/media?parent=2985"}],"curies":[{"name":"wp","href":"https:\/\/api.w.org\/{rel}","templated":true}]}}