{"id":3079,"date":"2020-01-17T11:10:39","date_gmt":"2020-01-17T19:10:39","guid":{"rendered":"https:\/\/serr.disabilityrightsca.org\/?page_id=3079"},"modified":"2024-07-23T13:38:16","modified_gmt":"2024-07-23T20:38:16","slug":"b-carta-de-ejemplo-solicitud-de-acceso-a-los-registros","status":"publish","type":"page","link":"https:\/\/serr.disabilityrightsca.org\/sp\/serr-manual\/apendice\/b-carta-de-ejemplo-solicitud-de-acceso-a-los-registros\/","title":{"rendered":"(B)  Carta de ejemplo: Solicitud de acceso a los registros"},"content":{"rendered":"\n<p><strong>Vena Gourdji-Hern\u00e1ndez<br>Direcci\u00f3n<br>Ciudad, estado, c\u00f3digo postal<br>N\u00famero de tel\u00e9fono<\/strong><\/p>\n\n\n\n<p>Fecha<\/p>\n\n\n\n<p>Stephen Punonbayong<br>Director de educaci\u00f3n especial<br>Distrito Escolar Unificado Local <br>Direcci\u00f3n Ciudad, estado, c\u00f3digo postal<\/p>\n\n\n\n<p>Estimado\nse\u00f1or Punonbayong:<\/p>\n\n\n\n<p>Soy\nla madre de Sanjay Gourdji-Hern\u00e1ndez, quien actualmente est\u00e1 inscrito en quinto\ngrado en la escuela primaria Fred Korematsu Elementary School. Se program\u00f3 una\nreuni\u00f3n del Programa de Educaci\u00f3n Individualizada (Individualized Education\nProgram, IEP) para Sanjay para el 7 de abril.<\/p>\n\n\n\n<p>Me\ngustar\u00eda acordar una fecha para revisar los registros educativos de mi hijo\n(tanto su expediente de educaci\u00f3n especial como su expediente acumulativo) en\nsu escuela dentro de los pr\u00f3ximos cinco d\u00edas h\u00e1biles, seg\u00fan lo estipulado en\nlos art\u00edculos 49069 y 56504 del C\u00f3digo de Educaci\u00f3n de California (California\nEducation Code). Me gustar\u00eda recibir copias de algunos de sus registros en ese\nmomento.<\/p>\n\n\n\n<p><strong>O BIEN<\/strong><strong><\/strong><\/p>\n\n\n\n<p>Le\nescribo para solicitar que realice y me env\u00ede (<strong>O BIEN<\/strong> realice y tenga a disposici\u00f3n para que yo pase a retirar)\ncopias de los registros educativos de Sanjay dentro de los pr\u00f3ximos cinco d\u00edas\nh\u00e1biles, conforme a los art\u00edculos 49069 y 56504 del C\u00f3digo de Educaci\u00f3n de\nCalifornia. Me gustar\u00eda recibir copias de su expediente acumulativo y de su\nexpediente de educaci\u00f3n especial.<\/p>\n\n\n\n<p>No\npuedo pagar las copias de sus registros; tener que hacerlo realmente me\nimpedir\u00eda obtener dichas copias. Lo llamar\u00e9 pronto para coordinar el retiro de\nestos registros. (<strong>O BIEN:<\/strong> Env\u00ede los registros a la direcci\u00f3n de mi\ncasa).<\/p>\n\n\n\n<p>Gracias\npor su colaboraci\u00f3n.<\/p>\n\n\n\n<p>Atentamente. <br>Vena Gourdji-Hern\u00e1ndez <\/p>\n","protected":false},"excerpt":{"rendered":"<p>Vena Gourdji-Hern\u00e1ndezDirecci\u00f3nCiudad, estado, c\u00f3digo postalN\u00famero de tel\u00e9fono Fecha Stephen PunonbayongDirector de educaci\u00f3n especialDistrito Escolar Unificado Local Direcci\u00f3n Ciudad, estado, c\u00f3digo postal Estimado se\u00f1or Punonbayong: Soy&hellip;<\/p>\n","protected":false},"author":1,"featured_media":0,"parent":3074,"menu_order":2,"comment_status":"closed","ping_status":"closed","template":"","meta":{"footnotes":""},"class_list":["post-3079","page","type-page","status-publish","hentry"],"_links":{"self":[{"href":"https:\/\/serr.disabilityrightsca.org\/sp\/wp-json\/wp\/v2\/pages\/3079","targetHints":{"allow":["GET"]}}],"collection":[{"href":"https:\/\/serr.disabilityrightsca.org\/sp\/wp-json\/wp\/v2\/pages"}],"about":[{"href":"https:\/\/serr.disabilityrightsca.org\/sp\/wp-json\/wp\/v2\/types\/page"}],"author":[{"embeddable":true,"href":"https:\/\/serr.disabilityrightsca.org\/sp\/wp-json\/wp\/v2\/users\/1"}],"replies":[{"embeddable":true,"href":"https:\/\/serr.disabilityrightsca.org\/sp\/wp-json\/wp\/v2\/comments?post=3079"}],"version-history":[{"count":7,"href":"https:\/\/serr.disabilityrightsca.org\/sp\/wp-json\/wp\/v2\/pages\/3079\/revisions"}],"predecessor-version":[{"id":4522,"href":"https:\/\/serr.disabilityrightsca.org\/sp\/wp-json\/wp\/v2\/pages\/3079\/revisions\/4522"}],"up":[{"embeddable":true,"href":"https:\/\/serr.disabilityrightsca.org\/sp\/wp-json\/wp\/v2\/pages\/3074"}],"wp:attachment":[{"href":"https:\/\/serr.disabilityrightsca.org\/sp\/wp-json\/wp\/v2\/media?parent=3079"}],"curies":[{"name":"wp","href":"https:\/\/api.w.org\/{rel}","templated":true}]}}