{"id":3086,"date":"2020-01-17T11:33:04","date_gmt":"2020-01-17T19:33:04","guid":{"rendered":"https:\/\/serr.disabilityrightsca.org\/?page_id=3086"},"modified":"2024-07-23T13:39:19","modified_gmt":"2024-07-23T20:39:19","slug":"c-carta-de-ejemplo-reembolso-de-la-evaluacion-educativa-independiente","status":"publish","type":"page","link":"https:\/\/serr.disabilityrightsca.org\/sp\/serr-manual\/apendice\/c-carta-de-ejemplo-reembolso-de-la-evaluacion-educativa-independiente\/","title":{"rendered":"(C) Carta de ejemplo Reembolso de la evaluaci\u00f3n educativa independiente"},"content":{"rendered":"\n<p><strong>Yolanda Bleu<br>Direcci\u00f3n<br>Ciudad, estado, c\u00f3digo postal<br>N\u00famero de tel\u00e9fono<\/strong><\/p>\n\n\n\n<p>Fecha<\/p>\n\n\n\n<p>Victor Verde<br>Director de educaci\u00f3n especial<br>Distrito Escolar Unificado Local<br>Direcci\u00f3n Ciudad, California, c\u00f3digo postal<\/p>\n\n\n\n<p>Ref.:\nMax Bleu<\/p>\n\n\n\n<p>Estimado\nse\u00f1or Verde:<\/p>\n\n\n\n<p>Como recordar\u00e1, recientemente la doctora Sharon\nSmith le realiz\u00f3 una evaluaci\u00f3n educativa independiente a Max, conforme al\nart\u00edculo 56329(b) del C\u00f3digo de Educaci\u00f3n de California (California Education\nCode), ya que no estuve de acuerdo con los resultados de las evaluaciones\neducativas provistas por el distrito escolar. El distrito no inici\u00f3 un\nprocedimiento de debido proceso para demostrar que sus evaluaciones de Max son\nadecuadas conforme al art\u00edculo 56329(c) del C\u00f3digo de Educaci\u00f3n de California. <\/p>\n\n\n\n<p>El motivo de esta carta es solicitar un reembolso\npor el costo de la evaluaci\u00f3n que realiz\u00f3 la doctora Smith. Adjunto una copia\nde la factura de la doctora Smith. Remita este monto a mi direcci\u00f3n mencionada\nanteriormente.<\/p>\n\n\n\n<p>Le agradecemos su atenci\u00f3n en este asunto.<\/p>\n\n\n\n<p>Atentamente. <br>Yolanda Bleu<\/p>\n","protected":false},"excerpt":{"rendered":"<p>Yolanda BleuDirecci\u00f3nCiudad, estado, c\u00f3digo postalN\u00famero de tel\u00e9fono Fecha Victor VerdeDirector de educaci\u00f3n especialDistrito Escolar Unificado LocalDirecci\u00f3n Ciudad, California, c\u00f3digo postal Ref.: Max Bleu Estimado se\u00f1or&hellip;<\/p>\n","protected":false},"author":1,"featured_media":0,"parent":3074,"menu_order":3,"comment_status":"closed","ping_status":"closed","template":"","meta":{"footnotes":""},"class_list":["post-3086","page","type-page","status-publish","hentry"],"_links":{"self":[{"href":"https:\/\/serr.disabilityrightsca.org\/sp\/wp-json\/wp\/v2\/pages\/3086","targetHints":{"allow":["GET"]}}],"collection":[{"href":"https:\/\/serr.disabilityrightsca.org\/sp\/wp-json\/wp\/v2\/pages"}],"about":[{"href":"https:\/\/serr.disabilityrightsca.org\/sp\/wp-json\/wp\/v2\/types\/page"}],"author":[{"embeddable":true,"href":"https:\/\/serr.disabilityrightsca.org\/sp\/wp-json\/wp\/v2\/users\/1"}],"replies":[{"embeddable":true,"href":"https:\/\/serr.disabilityrightsca.org\/sp\/wp-json\/wp\/v2\/comments?post=3086"}],"version-history":[{"count":5,"href":"https:\/\/serr.disabilityrightsca.org\/sp\/wp-json\/wp\/v2\/pages\/3086\/revisions"}],"predecessor-version":[{"id":4523,"href":"https:\/\/serr.disabilityrightsca.org\/sp\/wp-json\/wp\/v2\/pages\/3086\/revisions\/4523"}],"up":[{"embeddable":true,"href":"https:\/\/serr.disabilityrightsca.org\/sp\/wp-json\/wp\/v2\/pages\/3074"}],"wp:attachment":[{"href":"https:\/\/serr.disabilityrightsca.org\/sp\/wp-json\/wp\/v2\/media?parent=3086"}],"curies":[{"name":"wp","href":"https:\/\/api.w.org\/{rel}","templated":true}]}}