{"id":3093,"date":"2020-01-17T11:37:38","date_gmt":"2020-01-17T19:37:38","guid":{"rendered":"https:\/\/serr.disabilityrightsca.org\/?page_id=3093"},"modified":"2024-07-23T13:48:55","modified_gmt":"2024-07-23T20:48:55","slug":"e-carta-de-ejemplo-evaluacion-educativa-independiente-notificacion-por-anticipado-de-la-intencion-de-solicitar-el-reembolso","status":"publish","type":"page","link":"https:\/\/serr.disabilityrightsca.org\/sp\/serr-manual\/apendice\/e-carta-de-ejemplo-evaluacion-educativa-independiente-notificacion-por-anticipado-de-la-intencion-de-solicitar-el-reembolso\/","title":{"rendered":"(E) Carta de ejemplo: Evaluaci\u00f3n educativa independiente: Notificaci\u00f3n por anticipado de la intenci\u00f3n de solicitar el reembolso"},"content":{"rendered":"\n<p>Yolanda Bleu<br>Direcci\u00f3n Ciudad, California, c\u00f3digo postal<br>N\u00famero de tel\u00e9fono<\/p>\n\n\n\n<p>Fecha<\/p>\n\n\n\n<p>Victor Verde<br>Director de educaci\u00f3n especial<br>Distrito Escolar Unificado Local<br>Direcci\u00f3n Ciudad, California, c\u00f3digo postal<\/p>\n\n\n\n<p>Ref.:\nMax Bleu<\/p>\n\n\n\n<p>Estimado\nse\u00f1or Verde:<\/p>\n\n\n\n<p>Hemos\nrecibido la evaluaci\u00f3n psicol\u00f3gica de nuestro hijo, Max, que fue realizada por\nel personal del distrito. No estamos de acuerdo con esta evaluaci\u00f3n. Dado que\ncreemos que no es adecuada y que no da una idea precisa del funcionamiento\neducativo de nuestro hijo, <strong>deseamos obtener una evaluaci\u00f3n independiente\nfinanciada por el Estado<\/strong>. Despu\u00e9s de que se realice la evaluaci\u00f3n\nindependiente, <strong>enviaremos las facturas para obtener un reembolso por los\nservicios del evaluador<\/strong>. Adem\u00e1s, nos gustar\u00eda<strong><\/strong><\/p>\n\n\n\n<p>posponer\nla pr\u00f3xima reuni\u00f3n del Programa de Educaci\u00f3n Individualizada (Individualized\nEducation Program, IEP) por __ semanas de manera que la evaluaci\u00f3n\nindependiente est\u00e9 disponible para que el equipo la revise.<\/p>\n\n\n\n<p>Atentamente.<br>Yolanda Bleu<\/p>\n\n\n\n<p>[Si\ncree que se necesita una evaluaci\u00f3n independiente, agregue una explicaci\u00f3n de\nlos motivos. Consulte el casillero en el ap\u00e9ndice D].<\/p>\n","protected":false},"excerpt":{"rendered":"<p>Yolanda BleuDirecci\u00f3n Ciudad, California, c\u00f3digo postalN\u00famero de tel\u00e9fono Fecha Victor VerdeDirector de educaci\u00f3n especialDistrito Escolar Unificado LocalDirecci\u00f3n Ciudad, California, c\u00f3digo postal Ref.: Max Bleu Estimado&hellip;<\/p>\n","protected":false},"author":1,"featured_media":0,"parent":3074,"menu_order":5,"comment_status":"closed","ping_status":"closed","template":"","meta":{"footnotes":""},"class_list":["post-3093","page","type-page","status-publish","hentry"],"_links":{"self":[{"href":"https:\/\/serr.disabilityrightsca.org\/sp\/wp-json\/wp\/v2\/pages\/3093","targetHints":{"allow":["GET"]}}],"collection":[{"href":"https:\/\/serr.disabilityrightsca.org\/sp\/wp-json\/wp\/v2\/pages"}],"about":[{"href":"https:\/\/serr.disabilityrightsca.org\/sp\/wp-json\/wp\/v2\/types\/page"}],"author":[{"embeddable":true,"href":"https:\/\/serr.disabilityrightsca.org\/sp\/wp-json\/wp\/v2\/users\/1"}],"replies":[{"embeddable":true,"href":"https:\/\/serr.disabilityrightsca.org\/sp\/wp-json\/wp\/v2\/comments?post=3093"}],"version-history":[{"count":5,"href":"https:\/\/serr.disabilityrightsca.org\/sp\/wp-json\/wp\/v2\/pages\/3093\/revisions"}],"predecessor-version":[{"id":4526,"href":"https:\/\/serr.disabilityrightsca.org\/sp\/wp-json\/wp\/v2\/pages\/3093\/revisions\/4526"}],"up":[{"embeddable":true,"href":"https:\/\/serr.disabilityrightsca.org\/sp\/wp-json\/wp\/v2\/pages\/3074"}],"wp:attachment":[{"href":"https:\/\/serr.disabilityrightsca.org\/sp\/wp-json\/wp\/v2\/media?parent=3093"}],"curies":[{"name":"wp","href":"https:\/\/api.w.org\/{rel}","templated":true}]}}