{"id":3109,"date":"2020-01-17T12:51:27","date_gmt":"2020-01-17T20:51:27","guid":{"rendered":"https:\/\/serr.disabilityrightsca.org\/?page_id=3109"},"modified":"2024-07-23T13:52:45","modified_gmt":"2024-07-23T20:52:45","slug":"h-carta-de-ejemplo-solicitud-de-reunion-del-iep","status":"publish","type":"page","link":"https:\/\/serr.disabilityrightsca.org\/sp\/serr-manual\/apendice\/h-carta-de-ejemplo-solicitud-de-reunion-del-iep\/","title":{"rendered":"(H) Carta de ejemplo: Solicitud de reuni\u00f3n del IEP"},"content":{"rendered":"\n<p>Wen Chao<\/p>\n\n\n\n<p>Direcci\u00f3n<\/p>\n\n\n\n<p>Ciudad, California, c\u00f3digo postal<\/p>\n\n\n\n<p>N\u00famero de tel\u00e9fono<\/p>\n\n\n\n<p>Fecha<\/p>\n\n\n\n<p>Rivka\nBader-Auva\u2019a<\/p>\n\n\n\n<p>Director\nde educaci\u00f3n especial<\/p>\n\n\n\n<p>Distrito\nEscolar Unificado Local<\/p>\n\n\n\n<p>Direcci\u00f3n<\/p>\n\n\n\n<p>Ciudad,\nCalifornia, c\u00f3digo postal<\/p>\n\n\n\n<p>Ref.:\nErik Chao<\/p>\n\n\n\n<p>Estimado\ndoctor Banks-Auva\u2019a:<\/p>\n\n\n\n<p>Soy\nla madre de Erik Chao, que actualmente est\u00e1 inscrito en quinto grado en la\nescuela primaria C\u00e9sar Ch\u00e1vez Elementary School, en la clase especial de d\u00eda\npara alumnos con discapacidades de aprendizaje.<\/p>\n\n\n\n<p>Solicito\nque se realice una reuni\u00f3n del Programa de Educaci\u00f3n Individualizada\n(Individualized Education Program, IEP) para mi hijo lo antes posible, pero a\nm\u00e1s tardar 30 d\u00edas a partir de hoy, conforme al art\u00edculo 56343.5 del C\u00f3digo de\nEducaci\u00f3n de California (California Education Code). Ha estado teniendo\nproblemas en la escuela y lo han suspendido una vez. Creo que es necesario que\nse modifique su programa para abordar sus necesidades individuales. Solicito\nque se realice una evaluaci\u00f3n de la conducta antes de la reuni\u00f3n y que se me\nhaga entrega de una copia de esta evaluaci\u00f3n y de todos los registros escolares\nde Erik relacionados con la suspensi\u00f3n antes de la reuni\u00f3n del IEP. <\/p>\n\n\n\n<p>Dado\nque trabajo por la tarde, ser\u00eda conveniente que la reuni\u00f3n del IEP fuera por la\nma\u00f1ana. Si tiene preguntas o necesita analizar esta carta en detalle, ll\u00e1meme\nal trabajo (777) 555-5555. Gracias por adelantado por tomar medidas inmediatas\nen relaci\u00f3n con esta solicitud.<\/p>\n\n\n\n<p>Atentamente.\n<\/p>\n\n\n\n<p>Wen\nChao<br><\/p>\n","protected":false},"excerpt":{"rendered":"<p>Wen Chao Direcci\u00f3n Ciudad, California, c\u00f3digo postal N\u00famero de tel\u00e9fono Fecha Rivka Bader-Auva\u2019a Director de educaci\u00f3n especial Distrito Escolar Unificado Local Direcci\u00f3n Ciudad, California, c\u00f3digo&hellip;<\/p>\n","protected":false},"author":1,"featured_media":0,"parent":3074,"menu_order":8,"comment_status":"closed","ping_status":"closed","template":"","meta":{"footnotes":""},"class_list":["post-3109","page","type-page","status-publish","hentry"],"_links":{"self":[{"href":"https:\/\/serr.disabilityrightsca.org\/sp\/wp-json\/wp\/v2\/pages\/3109","targetHints":{"allow":["GET"]}}],"collection":[{"href":"https:\/\/serr.disabilityrightsca.org\/sp\/wp-json\/wp\/v2\/pages"}],"about":[{"href":"https:\/\/serr.disabilityrightsca.org\/sp\/wp-json\/wp\/v2\/types\/page"}],"author":[{"embeddable":true,"href":"https:\/\/serr.disabilityrightsca.org\/sp\/wp-json\/wp\/v2\/users\/1"}],"replies":[{"embeddable":true,"href":"https:\/\/serr.disabilityrightsca.org\/sp\/wp-json\/wp\/v2\/comments?post=3109"}],"version-history":[{"count":3,"href":"https:\/\/serr.disabilityrightsca.org\/sp\/wp-json\/wp\/v2\/pages\/3109\/revisions"}],"predecessor-version":[{"id":4011,"href":"https:\/\/serr.disabilityrightsca.org\/sp\/wp-json\/wp\/v2\/pages\/3109\/revisions\/4011"}],"up":[{"embeddable":true,"href":"https:\/\/serr.disabilityrightsca.org\/sp\/wp-json\/wp\/v2\/pages\/3074"}],"wp:attachment":[{"href":"https:\/\/serr.disabilityrightsca.org\/sp\/wp-json\/wp\/v2\/media?parent=3109"}],"curies":[{"name":"wp","href":"https:\/\/api.w.org\/{rel}","templated":true}]}}