{"id":3119,"date":"2020-01-17T13:22:07","date_gmt":"2020-01-17T21:22:07","guid":{"rendered":"https:\/\/serr.disabilityrightsca.org\/?page_id=3119"},"modified":"2024-07-23T13:53:56","modified_gmt":"2024-07-23T20:53:56","slug":"j-ejemplos-de-solicitudes-de-mediacion-o-de-audiencia-reclamo-y-solicitud-de-no-innovar","status":"publish","type":"page","link":"https:\/\/serr.disabilityrightsca.org\/sp\/serr-manual\/apendice\/j-ejemplos-de-solicitudes-de-mediacion-o-de-audiencia-reclamo-y-solicitud-de-no-innovar\/","title":{"rendered":"(J) Ejemplos de solicitudes de mediaci\u00f3n o de audiencia (reclamo) y solicitud de no innovar"},"content":{"rendered":"\n<p>Los\nformularios en blanco para solicitar solo una mediaci\u00f3n o para solicitar una\naudiencia de debido proceso se encuentran disponibles en <a href=\"http:\/\/www.oah.dgs.ca.gov\">www.oah.dgs.ca.gov<\/a>. Haga clic en \u201cSpecial Education Division\u201d (Divisi\u00f3n de Educaci\u00f3n\nEspecial). Haga clic en \u201cForms\u201d (Formularios). Haga clic en \u201cMediation and Due\nProcess Hearing\u201d (Mediaci\u00f3n y audiencia de debido proceso) si est\u00e1 solicitando\nuna audiencia de debido proceso o haga clic en \u201cMediation\u201d (Mediaci\u00f3n) si solo\nest\u00e1 solicitando una mediaci\u00f3n. Tambi\u00e9n puede llamar a la Oficina de Audiencias\nAdministrativas (Office of Administrative Hearings, OAH) para solicitar los\nformularios al (916) 263-0880. FAX: (916) 376-6319.<\/p>\n\n\n\n<p>Otro\nformulario importante en el sitio web de la OAH es el titulado \u201cContinuance\u201d\n(Postergaci\u00f3n), el cual podr\u00eda utilizar si necesita m\u00e1s tiempo y quiere\nposponer la fecha de la audiencia o mediaci\u00f3n. En el sitio de la OAH, en\n\u201cSpecial Education Division\u201d (Divisi\u00f3n de Educaci\u00f3n Especial), puede hacer clic\ny consultar \u201cUnderstanding Special Education Due Process Hearings\u201d (Explicaci\u00f3n\nde las audiencias de debido proceso de educaci\u00f3n especial) de la OAH. Los\nformularios de la OAH para solicitar una audiencia de debido proceso o una\nmediaci\u00f3n est\u00e1n precedidos de p\u00e1ginas informativas que brindan m\u00e1s detalles\n\u00fatiles sobre estos procedimientos y sobre los datos necesarios para completar\nlos formularios, adem\u00e1s de un resumen de las leyes federales importantes en\nrelaci\u00f3n con estos procedimientos (consulte el ap\u00e9ndice N).<\/p>\n\n\n\n<p>Para\nque su solicitud de audiencia de debido proceso, mediaci\u00f3n o postergaci\u00f3n de\nuna audiencia o mediaci\u00f3n programada se procesen con la mayor eficiencia, es\nrecomendable que utilice uno de los formularios de la OAH. Los ap\u00e9ndices K a M\nest\u00e1n dise\u00f1ados con el fin de ayudarlo a preparar la informaci\u00f3n necesaria para\ncompletar y posiblemente agregar datos a los formularios de la OAH.<\/p>\n","protected":false},"excerpt":{"rendered":"<p>Los formularios en blanco para solicitar solo una mediaci\u00f3n o para solicitar una audiencia de debido proceso se encuentran disponibles en www.oah.dgs.ca.gov. Haga clic en&hellip;<\/p>\n","protected":false},"author":1,"featured_media":0,"parent":3074,"menu_order":10,"comment_status":"closed","ping_status":"closed","template":"","meta":{"footnotes":""},"class_list":["post-3119","page","type-page","status-publish","hentry"],"_links":{"self":[{"href":"https:\/\/serr.disabilityrightsca.org\/sp\/wp-json\/wp\/v2\/pages\/3119","targetHints":{"allow":["GET"]}}],"collection":[{"href":"https:\/\/serr.disabilityrightsca.org\/sp\/wp-json\/wp\/v2\/pages"}],"about":[{"href":"https:\/\/serr.disabilityrightsca.org\/sp\/wp-json\/wp\/v2\/types\/page"}],"author":[{"embeddable":true,"href":"https:\/\/serr.disabilityrightsca.org\/sp\/wp-json\/wp\/v2\/users\/1"}],"replies":[{"embeddable":true,"href":"https:\/\/serr.disabilityrightsca.org\/sp\/wp-json\/wp\/v2\/comments?post=3119"}],"version-history":[{"count":3,"href":"https:\/\/serr.disabilityrightsca.org\/sp\/wp-json\/wp\/v2\/pages\/3119\/revisions"}],"predecessor-version":[{"id":4013,"href":"https:\/\/serr.disabilityrightsca.org\/sp\/wp-json\/wp\/v2\/pages\/3119\/revisions\/4013"}],"up":[{"embeddable":true,"href":"https:\/\/serr.disabilityrightsca.org\/sp\/wp-json\/wp\/v2\/pages\/3074"}],"wp:attachment":[{"href":"https:\/\/serr.disabilityrightsca.org\/sp\/wp-json\/wp\/v2\/media?parent=3119"}],"curies":[{"name":"wp","href":"https:\/\/api.w.org\/{rel}","templated":true}]}}