{"id":3122,"date":"2020-01-17T13:29:23","date_gmt":"2020-01-17T21:29:23","guid":{"rendered":"https:\/\/serr.disabilityrightsca.org\/?page_id=3122"},"modified":"2024-07-23T13:54:14","modified_gmt":"2024-07-23T20:54:14","slug":"k-solicitud-de-mediacion-y-de-audiencia-de-debido-proceso","status":"publish","type":"page","link":"https:\/\/serr.disabilityrightsca.org\/sp\/serr-manual\/apendice\/k-solicitud-de-mediacion-y-de-audiencia-de-debido-proceso\/","title":{"rendered":"(K) Solicitud de mediaci\u00f3n y de audiencia de debido proceso"},"content":{"rendered":"\n<h2 class=\"wp-block-heading\">OFICINA DE\nAUDIENCIAS ADMINISTRATIVAS <br>\nESTADO DE CALIFORNIA<\/h2>\n\n\n\n<p><strong>DIVISI\u00d3N DE EDUCACI\u00d3N\nESPECIAL<\/strong><\/p>\n\n\n\n<p><strong>HOJA INFORMATIVA PARA EL FORMULARIO\nOPCIONAL: SOLICITUD DE AUDIENCIA DE DEBIDO PROCESO Y DE MEDIACI\u00d3N EN NOMBRE DEL\nALUMNO<\/strong><strong><\/strong><\/p>\n\n\n\n<p>Puede utilizar el formulario adjunto para solicitar a\nla Oficina de Audiencias Administrativas (Office of Administrative Hearings,\nOAH), tambi\u00e9n conocida como OAH, la programaci\u00f3n de una audiencia de debido\nproceso con la capacidad de solicitar una mediaci\u00f3n en nombre de un alumno.\nEsta solicitud tambi\u00e9n se denomina \u201creclamo\u201d. Si desea solicitar solo una\naudiencia, utilice el formulario de \u201csolicitud solo de audiencia\u201d.<\/p>\n\n\n\n<p>Brinde informaci\u00f3n correcta y completa. Si no lo hace,\npuede retrasar la apertura del caso o hacer que se le devuelva la solicitud.<\/p>\n\n\n\n<p>No bien el reclamo realizado se haya procesado, la OAH\nlo notificar\u00e1 de la fecha de la audiencia de debido proceso mediante una orden\nde programaci\u00f3n. Es posible solicitar una fecha de mediaci\u00f3n despu\u00e9s de que se\nreciba la orden de programaci\u00f3n inicial, para lo cual se debe presentar una\nsolicitud para establecer una mediaci\u00f3n. Puede acceder al sistema seguro de\ntransferencia de archivos electr\u00f3nicos (Secure e- File Transfer, <a href=\"https:\/\/www.applications.dgs.ca.gov\/OAH\/OAHSFTWEB\">SFT)<\/a> en <a href=\"https:\/\/www.applications.dgs.ca.gov\/oah\/oahsftweb\">https:\/\/www.applications.dgs.ca.gov\/oah\/oahsftweb<\/a>.<\/p>\n\n\n\n<h2 class=\"wp-block-heading\">Mediaci\u00f3n y audiencias de debido proceso conforme a la Ley de Mejora de\nla Educaci\u00f3n para Personas con Discapacidades (Individuals with Disabilities\nEducation Improvement Act, IDEA) de 2004<\/h2>\n\n\n\n<p>La Ley de Mejora de la Educaci\u00f3n para Personas con Discapacidades de 2004, conocida como ley IDEA, prev\u00e9 una mediaci\u00f3n y audiencias de debido proceso para resolver conflictos en materia de educaci\u00f3n especial. El prop\u00f3sito de la ley IDEA es ayudar a garantizar que los ni\u00f1os con discapacidades reciban una educaci\u00f3n p\u00fablica, adecuada y gratuita (free and appropriate public education, FAPE) que se ajuste a las necesidades espec\u00edficas de cada ni\u00f1o. Generalmente, nos referimos a dicha educaci\u00f3n p\u00fablica, adecuada y gratuita por sus siglas en ingl\u00e9s.<\/p>\n\n\n\n<p>Para programar una audiencia de debido proceso, debe presentar un reclamo y brindar toda la informaci\u00f3n correcta. La ley IDEA tiene requisitos muy espec\u00edficos en cuanto a la informaci\u00f3n que debe incluirse en un reclamo. El formulario opcional adjunto de solicitud de audiencia de debido proceso y de mediaci\u00f3n indica toda la informaci\u00f3n necesaria. <\/p>\n\n\n\n<p>Si la informaci\u00f3n est\u00e1 incompleta, su solicitud de una audiencia de debido proceso puede retrasarse hasta que se brinde toda la informaci\u00f3n necesaria, o se le devolver\u00e1 el reclamo. <\/p>\n\n\n\n<p>La solicitud debe enviarse a todas las partes.<\/p>\n\n\n\n<p>Se recomienda que la entrega de los documentos a la OAH sea a trav\u00e9s del sistema seguro de transferencia de archivos electr\u00f3nicos (SFT). Puede obtener m\u00e1s informaci\u00f3n y acceder al sistema SFT a trav\u00e9s del <a href=\"https:\/\/www.dgs.ca.gov\/OAH\/Case-Types\/Special-Education\/Forms\/Consent-to-Electronic-Service-Agreement\">sitio web de la OAH <\/a>en <a href=\"https:\/\/www.dgs.ca.gov\/OAH\/Case-Types\/Special-Education\">https:\/\/www.dgs.ca.gov\/OAH\/Case-Types\/Special-Education<\/a>.<\/p>\n\n\n\n<p>Lea estos extractos de las leyes federales vigentes antes de completar una solicitud de audiencia de debido proceso y de mediaci\u00f3n<\/p>\n\n\n\n<p>La solicitud de mediaci\u00f3n y de audiencia de\ndebido proceso (reclamo) debe incluir lo siguiente:<\/p>\n\n\n\n<ul class=\"wp-block-list\"><li>\u201cEl\nnombre del ni\u00f1o, su direcci\u00f3n de residencia (o los datos de contacto\ndisponibles en el caso de un ni\u00f1o sin hogar) y el nombre de la escuela a la que\nasiste\u201d. (20 U.S.C. \u00a7 1415 (b)(7)(A)(ii)(I)).<\/li><li>\u201cUna\ndescripci\u00f3n de la naturaleza del problema del ni\u00f1o en relaci\u00f3n con el inicio o\ncambio propuestos, lo que incluye los hechos relacionados con ese problema\u201d.\n(20 U.S.C. \u00a7 1415(b)(7)(A)(ii)(III)).<\/li><li>\u201cUna\npropuesta de resoluci\u00f3n del problema en la medida conocida y disponible para la\nparte en ese momento\u201d. (20 U.S.C. \u00a7 1415 (b)(7)(A)(ii)(IV)).<\/li><li>\u201cUna\nparte no puede acceder a una audiencia de debido proceso hasta que la otra\nparte, o el abogado que la representa, presente una notificaci\u00f3n que cumpla con\nlos requisitos del inciso (A)(ii)\u201d. (20 U.S.C. \u00a7 1415 (b)(7)(B)).<\/li><li>\u201c[El\nreclamo] se considerar\u00e1 suficiente a menos que la parte que recibe la\nnotificaci\u00f3n informe al funcionario de la audiencia y a la otra parte por\nescrito que cree que la notificaci\u00f3n no ha cumplido con los requisitos del\ninciso (b)(7)(A)\u201d. (20 U.S.C. \u00a7 1415 (c)(2)(A)).<\/li><li>\u201c\u2026 el\nfuncionario de la audiencia determinar\u00e1 a primera vista de la notificaci\u00f3n si\nesta cumple con los requisitos&#8230; y notificar\u00e1 de inmediato a las partes esa\ndeterminaci\u00f3n por escrito\u201d. (20 U.S.C. \u00a7 1415 (c)(2)(D)).<\/li><li>Una\nparte puede modificar su reclamo solo si se cumple lo siguiente: (I) la otra\nparte da el consentimiento por escrito y se realiza una sesi\u00f3n de resoluci\u00f3n; o\nbien (II) si un juez de derecho administrativo lo permite. (20 U.S.C. \u00a7 1415\n(c)(2)(E)(i)).<\/li><li>\u201cEl\nplazo aplicable para una audiencia de debido proceso en virtud de este inciso\nse reanudar\u00e1 en el momento en que la parte presente la notificaci\u00f3n\nmodificada&#8230;\u201d. (20 U.S.C. \u00a7 1415(c)(2)(E)(ii)).<\/li><\/ul>\n","protected":false},"excerpt":{"rendered":"<p>OFICINA DE AUDIENCIAS ADMINISTRATIVAS ESTADO DE CALIFORNIA DIVISI\u00d3N DE EDUCACI\u00d3N ESPECIAL HOJA INFORMATIVA PARA EL FORMULARIO OPCIONAL: SOLICITUD DE AUDIENCIA DE DEBIDO PROCESO Y DE&hellip;<\/p>\n","protected":false},"author":1,"featured_media":0,"parent":3074,"menu_order":11,"comment_status":"closed","ping_status":"closed","template":"","meta":{"footnotes":""},"class_list":["post-3122","page","type-page","status-publish","hentry"],"_links":{"self":[{"href":"https:\/\/serr.disabilityrightsca.org\/sp\/wp-json\/wp\/v2\/pages\/3122","targetHints":{"allow":["GET"]}}],"collection":[{"href":"https:\/\/serr.disabilityrightsca.org\/sp\/wp-json\/wp\/v2\/pages"}],"about":[{"href":"https:\/\/serr.disabilityrightsca.org\/sp\/wp-json\/wp\/v2\/types\/page"}],"author":[{"embeddable":true,"href":"https:\/\/serr.disabilityrightsca.org\/sp\/wp-json\/wp\/v2\/users\/1"}],"replies":[{"embeddable":true,"href":"https:\/\/serr.disabilityrightsca.org\/sp\/wp-json\/wp\/v2\/comments?post=3122"}],"version-history":[{"count":4,"href":"https:\/\/serr.disabilityrightsca.org\/sp\/wp-json\/wp\/v2\/pages\/3122\/revisions"}],"predecessor-version":[{"id":4424,"href":"https:\/\/serr.disabilityrightsca.org\/sp\/wp-json\/wp\/v2\/pages\/3122\/revisions\/4424"}],"up":[{"embeddable":true,"href":"https:\/\/serr.disabilityrightsca.org\/sp\/wp-json\/wp\/v2\/pages\/3074"}],"wp:attachment":[{"href":"https:\/\/serr.disabilityrightsca.org\/sp\/wp-json\/wp\/v2\/media?parent=3122"}],"curies":[{"name":"wp","href":"https:\/\/api.w.org\/{rel}","templated":true}]}}