{"id":3129,"date":"2020-01-17T13:57:53","date_gmt":"2020-01-17T21:57:53","guid":{"rendered":"https:\/\/serr.disabilityrightsca.org\/?page_id=3129"},"modified":"2024-07-23T13:55:32","modified_gmt":"2024-07-23T20:55:32","slug":"m-solicitud-de-debido-proceso-para-no-innovar","status":"publish","type":"page","link":"https:\/\/serr.disabilityrightsca.org\/sp\/serr-manual\/apendice\/m-solicitud-de-debido-proceso-para-no-innovar\/","title":{"rendered":"(M) Solicitud de debido proceso para no innovar"},"content":{"rendered":"\n<p>Los\npadres podr\u00edan incluir una p\u00e1gina adicional junto con el formulario completo de\nsolicitud de mediaci\u00f3n y audiencia de debido proceso, similar a la siguiente,\ncon el fin de solicitar no innovar:<\/p>\n\n\n\n<p>Office\nof Administrative Hearings<\/p>\n\n\n\n<p>Special\nEducation Division<\/p>\n\n\n\n<p>2349\nGateway Oaks Drive<\/p>\n\n\n\n<p>Sacramento,\nCA 95833<\/p>\n\n\n\n<p>Fax:\n(916) 376-6319<\/p>\n\n\n\n<p>A la\nespera del resultado del procedimiento de debido proceso que he solicitado, escribo\npara solicitar la orden de no innovar a la Oficina de la Audiencias (Hearing\nOffice) conforme al art\u00edculo 1415(j) del t\u00edtulo 20 del C\u00f3digo de los Estados\nUnidos (United States Code, U.S.C.); al art\u00edculo 56505(d) del C\u00f3digo de\nEducaci\u00f3n de California (California Education Code) y al art\u00edculo 3042(a) del\nt\u00edtulo 5 del C\u00f3digo de Reglamentos de California (California Code of\nRegulations, C.C.R.).<\/p>\n\n\n\n<p>El\n\u00faltimo programa de educaci\u00f3n especial y la \u00faltima colocaci\u00f3n de mi hijo se\nreflejan en el Programa de Educaci\u00f3n Individualizada (Individualized Education\nProgram, IEP) adjunto, que especifica la colocaci\u00f3n en ________________________<\/p>\n\n\n\n<p>e\nincluye los siguientes servicios y frecuencia de los servicios:<\/p>\n\n\n\n<p>____________________________________________________________<\/p>\n\n\n\n<p>___________________________________________________________.<\/p>\n\n\n\n<p>El\ndistrito ha amenazado con finalizar [o cambiar] [o ya finaliz\u00f3 o cambi\u00f3] el\n\u00faltimo programa o colocaci\u00f3n de mi hijo de la siguiente manera:<\/p>\n\n\n\n<p>___________________________________________________________.<\/p>\n\n\n\n<p>Solicito\ncon el debido respeto a la Oficina de Audiencias Administrativas (Office of\nAdministrative Hearings, OAH) que emita de inmediato una orden de no innovar\nque restablezca el programa o la colocaci\u00f3n de mi hijo a la situaci\u00f3n previa a\nlas acciones unilaterales [o a amenazas] del distrito a la espera de los\nresultados de la audiencia de debido proceso.<\/p>\n\n\n\n<p>Atentamente.<br><\/p>\n","protected":false},"excerpt":{"rendered":"<p>Los padres podr\u00edan incluir una p\u00e1gina adicional junto con el formulario completo de solicitud de mediaci\u00f3n y audiencia de debido proceso, similar a la siguiente,&hellip;<\/p>\n","protected":false},"author":1,"featured_media":0,"parent":3074,"menu_order":12,"comment_status":"closed","ping_status":"closed","template":"","meta":{"footnotes":""},"class_list":["post-3129","page","type-page","status-publish","hentry"],"_links":{"self":[{"href":"https:\/\/serr.disabilityrightsca.org\/sp\/wp-json\/wp\/v2\/pages\/3129","targetHints":{"allow":["GET"]}}],"collection":[{"href":"https:\/\/serr.disabilityrightsca.org\/sp\/wp-json\/wp\/v2\/pages"}],"about":[{"href":"https:\/\/serr.disabilityrightsca.org\/sp\/wp-json\/wp\/v2\/types\/page"}],"author":[{"embeddable":true,"href":"https:\/\/serr.disabilityrightsca.org\/sp\/wp-json\/wp\/v2\/users\/1"}],"replies":[{"embeddable":true,"href":"https:\/\/serr.disabilityrightsca.org\/sp\/wp-json\/wp\/v2\/comments?post=3129"}],"version-history":[{"count":3,"href":"https:\/\/serr.disabilityrightsca.org\/sp\/wp-json\/wp\/v2\/pages\/3129\/revisions"}],"predecessor-version":[{"id":4017,"href":"https:\/\/serr.disabilityrightsca.org\/sp\/wp-json\/wp\/v2\/pages\/3129\/revisions\/4017"}],"up":[{"embeddable":true,"href":"https:\/\/serr.disabilityrightsca.org\/sp\/wp-json\/wp\/v2\/pages\/3074"}],"wp:attachment":[{"href":"https:\/\/serr.disabilityrightsca.org\/sp\/wp-json\/wp\/v2\/media?parent=3129"}],"curies":[{"name":"wp","href":"https:\/\/api.w.org\/{rel}","templated":true}]}}