{"id":3143,"date":"2020-01-17T14:30:34","date_gmt":"2020-01-17T22:30:34","guid":{"rendered":"https:\/\/serr.disabilityrightsca.org\/?page_id=3143"},"modified":"2024-07-23T13:57:18","modified_gmt":"2024-07-23T20:57:18","slug":"q-carta-de-ejemplo-notificacion-10-dias-por-anticipado-de-la-intencion-de-los-padres-de-colocar-al-alumno-en-una-escuela-privada","status":"publish","type":"page","link":"https:\/\/serr.disabilityrightsca.org\/sp\/serr-manual\/apendice\/q-carta-de-ejemplo-notificacion-10-dias-por-anticipado-de-la-intencion-de-los-padres-de-colocar-al-alumno-en-una-escuela-privada\/","title":{"rendered":"(Q) Carta de ejemplo: Notificaci\u00f3n 10 d\u00edas por anticipado de la intenci\u00f3n de los padres de colocar al alumno en una escuela privada"},"content":{"rendered":"\n<p>W.C.<\/p>\n\n\n\n<p>Direcci\u00f3n<\/p>\n\n\n\n<p>Ciudad, California, c\u00f3digo postal<\/p>\n\n\n\n<p>N\u00famero de tel\u00e9fono<\/p>\n\n\n\n<p>Fecha<\/p>\n\n\n\n<p>Director\nde educaci\u00f3n especial<\/p>\n\n\n\n<p>Distrito\nEscolar Unificado Local<\/p>\n\n\n\n<p>Direcci\u00f3n<\/p>\n\n\n\n<p>Ciudad,\nCalifornia, c\u00f3digo postal<\/p>\n\n\n\n<p>Ref.:  <strong>TYESHA R. ROBINSON\n(Fecha de nacimiento: DD\/MM\/AA) <\/strong><strong><\/strong><\/p>\n\n\n\n<p><strong>&nbsp;&nbsp;&nbsp;&nbsp;&nbsp;&nbsp;&nbsp;&nbsp;&nbsp; NOTIFICACI\u00d3N DE LA INTENCI\u00d3N DE\nCOLOCAR A LA ALUMNA EN FELDMANN ACADEMY<\/strong><strong><\/strong><\/p>\n\n\n\n<p>Estimado\nse\u00f1or __________:<\/p>\n\n\n\n<p>Mi\nhija, Tyesha, actualmente asiste a la escuela media Washington Middle School y\nest\u00e1 teniendo sumas dificultades para cumplir con sus objetivos del Programa de\nEducaci\u00f3n Individualizada (Individualized Education Program, IEP) y obtener\nlogros acad\u00e9micos, en especial, en las \u00e1reas de matem\u00e1tica y escritura. Su\nconducta en la escuela tambi\u00e9n ha empeorado. Se ha vuelto cada vez m\u00e1s claro\npara m\u00ed que sus necesidades educativas no se est\u00e1n cubriendo. Tyesha se est\u00e1\natrasando cada vez m\u00e1s respecto de sus compa\u00f1eros de clase. No se est\u00e1\nbeneficiando de la instrucci\u00f3n dise\u00f1ada especialmente que se le brinda en su\nactual programa en la escuela p\u00fablica.<\/p>\n\n\n\n<p>[<strong>Opcional: <\/strong>Creo que el programa educativo\ny la colocaci\u00f3n ofrecidos por el distrito en su IEP m\u00e1s reciente son\ninadecuados para satisfacer sus necesidades].<\/p>\n\n\n\n<p>Por lo\ntanto, conforme art\u00edculo 300.148(d)(1)(ii) del t\u00edtulo 34 del C\u00f3digo de\nReglamentos Federales (Code of Federal Regulations, C.F.R.), escribo para\nnotificarle que colocar\u00e9 a mi hija en Feldmann Academy, una escuela privada que\npresta servicios para alumnos como Tyesha. Su primer d\u00eda en Feldmann Academy\nser\u00e1 el ________. <strong>[Observe que esta\nfecha no debe ser antes de 10 d\u00edas h\u00e1biles despu\u00e9s de que el distrito escolar\nhaya recibido esta carta].<\/strong> Una vez que eso suceda, solicitar\u00e9 un reembolso\npor parte del distrito por los costos de este adecuado programa de instrucci\u00f3n\ndise\u00f1ado especialmente.<\/p>\n\n\n\n<p>Dado\nque las escuelas p\u00fablicas no satisfacen sus necesidades educativas, creo que\nesta colocaci\u00f3n en una escuela privada debe ser financiada por el Estado.\nEnviar\u00e9 la factura de Feldmann Academy y pruebas de su asistencia.<\/p>\n\n\n\n<p>Quedo\na la espera de una respuesta. Me encantar\u00eda saber de su disposici\u00f3n para\nofrecerle ayuda a Tyesha.<\/p>\n\n\n\n<p>Atentamente.<\/p>\n\n\n\n<p>Gloria\nRobinson<\/p>\n\n\n\n<p>CC:\nEquipo del IEP<\/p>\n","protected":false},"excerpt":{"rendered":"<p>W.C. Direcci\u00f3n Ciudad, California, c\u00f3digo postal N\u00famero de tel\u00e9fono Fecha Director de educaci\u00f3n especial Distrito Escolar Unificado Local Direcci\u00f3n Ciudad, California, c\u00f3digo postal Ref.: TYESHA&hellip;<\/p>\n","protected":false},"author":1,"featured_media":0,"parent":3074,"menu_order":16,"comment_status":"closed","ping_status":"closed","template":"","meta":{"footnotes":""},"class_list":["post-3143","page","type-page","status-publish","hentry"],"_links":{"self":[{"href":"https:\/\/serr.disabilityrightsca.org\/sp\/wp-json\/wp\/v2\/pages\/3143","targetHints":{"allow":["GET"]}}],"collection":[{"href":"https:\/\/serr.disabilityrightsca.org\/sp\/wp-json\/wp\/v2\/pages"}],"about":[{"href":"https:\/\/serr.disabilityrightsca.org\/sp\/wp-json\/wp\/v2\/types\/page"}],"author":[{"embeddable":true,"href":"https:\/\/serr.disabilityrightsca.org\/sp\/wp-json\/wp\/v2\/users\/1"}],"replies":[{"embeddable":true,"href":"https:\/\/serr.disabilityrightsca.org\/sp\/wp-json\/wp\/v2\/comments?post=3143"}],"version-history":[{"count":4,"href":"https:\/\/serr.disabilityrightsca.org\/sp\/wp-json\/wp\/v2\/pages\/3143\/revisions"}],"predecessor-version":[{"id":4022,"href":"https:\/\/serr.disabilityrightsca.org\/sp\/wp-json\/wp\/v2\/pages\/3143\/revisions\/4022"}],"up":[{"embeddable":true,"href":"https:\/\/serr.disabilityrightsca.org\/sp\/wp-json\/wp\/v2\/pages\/3074"}],"wp:attachment":[{"href":"https:\/\/serr.disabilityrightsca.org\/sp\/wp-json\/wp\/v2\/media?parent=3143"}],"curies":[{"name":"wp","href":"https:\/\/api.w.org\/{rel}","templated":true}]}}