{"id":326,"date":"2019-06-06T15:37:05","date_gmt":"2019-06-06T22:37:05","guid":{"rendered":"http:\/\/www.rula.disabilityrightsca.org\/serr\/sp\/?page_id=326"},"modified":"2021-07-19T09:14:36","modified_gmt":"2021-07-19T16:14:36","slug":"serr-manual","status":"publish","type":"page","link":"https:\/\/serr.disabilityrightsca.org\/sp\/","title":{"rendered":"Derechos y Responsabilidades de Educaci\u00f3n Especial (SERR)"},"content":{"rendered":"\n<p>Las leyes federales y de educaci\u00f3n especial de California otorgan a los estudiantes elegibles con discapacidades el derecho a recibir una educaci\u00f3n p\u00fablica apropiada y gratuita (FAPE) en el entorno menos restrictivo (LRE). Este manual explica c\u00f3mo ser elegible para educaci\u00f3n especial, c\u00f3mo solicitar y abogar por servicios de educaci\u00f3n especial, y qu\u00e9 hacer si no est\u00e1 de acuerdo con los distritos escolares.<\/p>\n\n\n\n<p>Este manual est\u00e1 destinado a padres de ni\u00f1os con discapacidades, pero tambi\u00e9n debe ser \u00fatil para defensores y abogados.<\/p>\n\n\n\n<p><strong>Para obtener informaci\u00f3n relacionada con la educaci\u00f3n durante COVID-19-Link to&nbsp;<a href=\"https:\/\/www.disabilityrightsca.org\/post\/coronavirus-k-12-education\" style=\"word-wrap: break-word;overflow-wrap: break-word;\">https:\/\/www.disabilityrightsca.org\/post\/coronavirus-k-12-education<\/a><\/strong><\/p>\n\n\n\n<div class=\"wp-block-group how-to-box has-background\" style=\"background-color:#f3f3f3\"><div class=\"wp-block-group__inner-container is-layout-flow wp-block-group-is-layout-flow\">\n<h2 class=\"wp-block-heading\">C\u00f3mo usar este manual<\/h2>\n\n\n\n<p>El manual contiene 16 cap\u00edtulos que se pueden usar por separado. Los cap\u00edtulos se enumeran en el lado izquierdo de su computadora o en la parte inferior de un dispositivo m\u00f3vil.<\/p>\n\n\n\n<p><strong>El Cap\u00edtulo 1 <\/strong>cubre una explicaci\u00f3n amplia de los conceptos y requisitos fundamentales y relevantes de la ley que se abordan m\u00e1s espec\u00edficamente en los cap\u00edtulos posteriores. Tambi\u00e9n incluye una explicaci\u00f3n de las disposiciones que no pudieron describirse adecuadamente en otros cap\u00edtulos.<\/p>\n\n\n\n<p><strong>Los cap\u00edtulos 2 al 16 <\/strong>est\u00e1n dedicados a \u00e1reas particulares de la ley de educaci\u00f3n especial y brindan una revisi\u00f3n en profundidad de los m\u00faltiples temas en cada \u00e1rea.<\/p>\n<\/div><\/div>\n\n\n\n<p><\/p>\n","protected":false},"excerpt":{"rendered":"<p>Las leyes federales y de educaci\u00f3n especial de California otorgan a los estudiantes elegibles con discapacidades el derecho a recibir una educaci\u00f3n p\u00fablica apropiada y&hellip;<\/p>\n","protected":false},"author":1,"featured_media":1189,"parent":0,"menu_order":0,"comment_status":"closed","ping_status":"closed","template":"","meta":{"footnotes":""},"class_list":["post-326","page","type-page","status-publish","has-post-thumbnail","hentry"],"_links":{"self":[{"href":"https:\/\/serr.disabilityrightsca.org\/sp\/wp-json\/wp\/v2\/pages\/326","targetHints":{"allow":["GET"]}}],"collection":[{"href":"https:\/\/serr.disabilityrightsca.org\/sp\/wp-json\/wp\/v2\/pages"}],"about":[{"href":"https:\/\/serr.disabilityrightsca.org\/sp\/wp-json\/wp\/v2\/types\/page"}],"author":[{"embeddable":true,"href":"https:\/\/serr.disabilityrightsca.org\/sp\/wp-json\/wp\/v2\/users\/1"}],"replies":[{"embeddable":true,"href":"https:\/\/serr.disabilityrightsca.org\/sp\/wp-json\/wp\/v2\/comments?post=326"}],"version-history":[{"count":20,"href":"https:\/\/serr.disabilityrightsca.org\/sp\/wp-json\/wp\/v2\/pages\/326\/revisions"}],"predecessor-version":[{"id":4399,"href":"https:\/\/serr.disabilityrightsca.org\/sp\/wp-json\/wp\/v2\/pages\/326\/revisions\/4399"}],"wp:featuredmedia":[{"embeddable":true,"href":"https:\/\/serr.disabilityrightsca.org\/sp\/wp-json\/wp\/v2\/media\/1189"}],"wp:attachment":[{"href":"https:\/\/serr.disabilityrightsca.org\/sp\/wp-json\/wp\/v2\/media?parent=326"}],"curies":[{"name":"wp","href":"https:\/\/api.w.org\/{rel}","templated":true}]}}