{"id":343,"date":"2019-06-06T15:40:27","date_gmt":"2019-06-06T22:40:27","guid":{"rendered":"http:\/\/www.rula.disabilityrightsca.org\/serr\/sp\/?page_id=343"},"modified":"2021-07-19T16:14:23","modified_gmt":"2021-07-19T23:14:23","slug":"capitulo-8-informacion-sobre-la-disciplina-de-alumnos-con-discapacidades","status":"publish","type":"page","link":"https:\/\/serr.disabilityrightsca.org\/sp\/serr-manual\/capitulo-8-informacion-sobre-la-disciplina-de-alumnos-con-discapacidades\/","title":{"rendered":"Cap\u00edtulo 8:  Informaci\u00f3n sobre la disciplina de alumnos con discapacidades"},"content":{"rendered":"\n<div class=\"print-fullchapter-wrap\"><div class=\"print-fullchapter\"><a href=\"https:\/\/serr.disabilityrightsca.org\/sp\/print-chapter-8\/\">Imprimir todo el cap\u00edtulo<\/a><\/div><\/div>\n\n\n\n<div class=\"menu-chapter-8-container\"><ul id=\"menu-chapter-8\" class=\"menu\"><li id=\"menu-item-2399\" class=\"menu-item menu-item-type-post_type menu-item-object-page menu-item-2399\"><a href=\"https:\/\/serr.disabilityrightsca.org\/sp\/serr-manual\/capitulo-8-informacion-sobre-la-disciplina-de-alumnos-con-discapacidades\/8-1-si-suspenden-o-expulsan-a-mi-hijo-con-una-discapacidad-se-lo-esta-tratando-conforme-a-la-ley-como-a-un-nino-sin-discapacidades\/\">(8.1) Si suspenden o expulsan a mi hijo con una discapacidad, \u00bfse lo est\u00e1 tratando conforme a la ley como a un ni\u00f1o sin discapacidades?<\/a><\/li>\n<li id=\"menu-item-2462\" class=\"menu-item menu-item-type-post_type menu-item-object-page menu-item-2462\"><a href=\"https:\/\/serr.disabilityrightsca.org\/sp\/serr-manual\/capitulo-8-informacion-sobre-la-disciplina-de-alumnos-con-discapacidades\/8-2-cuales-son-las-conductas-que-podrian-justificar-la-suspension-o-expulsion-de-los-alumnos-de-educacion-general-y-especial\/\">(8.2) \u00bfCu\u00e1les son las conductas que podr\u00edan justificar la suspensi\u00f3n o expulsi\u00f3n de los alumnos de educaci\u00f3n general y especial?<\/a><\/li>\n<li id=\"menu-item-2463\" class=\"menu-item menu-item-type-post_type menu-item-object-page menu-item-2463\"><a href=\"https:\/\/serr.disabilityrightsca.org\/sp\/serr-manual\/capitulo-8-informacion-sobre-la-disciplina-de-alumnos-con-discapacidades\/8-3-los-distritos-escolares-pueden-emplear-una-alternativa-a-la-suspension-o-expulsion\/\">(8.3) \u00bfLos distritos escolares pueden emplear una alternativa a la suspensi\u00f3n o expulsi\u00f3n?<\/a><\/li>\n<li id=\"menu-item-2464\" class=\"menu-item menu-item-type-post_type menu-item-object-page menu-item-2464\"><a href=\"https:\/\/serr.disabilityrightsca.org\/sp\/serr-manual\/capitulo-8-informacion-sobre-la-disciplina-de-alumnos-con-discapacidades\/8-4-que-conductas-conducen-a-que-el-distrito-escolar-recomiende-la-expulsion-de-un-alumno\/\">(8.4) \u00bfQu\u00e9 conductas conducen a que el distrito escolar recomiende la expulsi\u00f3n de un alumno?<\/a><\/li>\n<li id=\"menu-item-2465\" class=\"menu-item menu-item-type-post_type menu-item-object-page menu-item-2465\"><a href=\"https:\/\/serr.disabilityrightsca.org\/sp\/serr-manual\/capitulo-8-informacion-sobre-la-disciplina-de-alumnos-con-discapacidades\/8-5-que-puedo-esperar-si-suspenden-a-mi-hijo\/\">(8.5) \u00bfQu\u00e9 puedo esperar si suspenden a mi hijo?<\/a><\/li>\n<li id=\"menu-item-2466\" class=\"menu-item menu-item-type-post_type menu-item-object-page menu-item-2466\"><a href=\"https:\/\/serr.disabilityrightsca.org\/sp\/serr-manual\/capitulo-8-informacion-sobre-la-disciplina-de-alumnos-con-discapacidades\/8-6-pueden-exigirle-a-mi-hijo-que-cumpla-con-una-suspension-en-la-escuela\/\">(8.6) \u00bfPueden exigirle a mi hijo que cumpla con una suspensi\u00f3n en la escuela?<\/a><\/li>\n<li id=\"menu-item-2467\" class=\"menu-item menu-item-type-post_type menu-item-object-page menu-item-2467\"><a href=\"https:\/\/serr.disabilityrightsca.org\/sp\/serr-manual\/capitulo-8-informacion-sobre-la-disciplina-de-alumnos-con-discapacidades\/8-7-en-que-circunstancias-podrian-suspender-o-expulsar-de-la-escuela-a-mi-hijo-con-una-discapacidad\/\">(8.7) \u00bfEn qu\u00e9 circunstancias podr\u00edan suspender o expulsar de la escuela a mi hijo con una discapacidad?<\/a><\/li>\n<li id=\"menu-item-2468\" class=\"menu-item menu-item-type-post_type menu-item-object-page menu-item-2468\"><a href=\"https:\/\/serr.disabilityrightsca.org\/sp\/serr-manual\/capitulo-8-informacion-sobre-la-disciplina-de-alumnos-con-discapacidades\/8-8-que-es-una-reunion-para-la-determinacion-de-manifestacion\/\">(8.8) \u00bfQu\u00e9 es una reuni\u00f3n para la \u201cdeterminaci\u00f3n de manifestaci\u00f3n\u201d?<\/a><\/li>\n<li id=\"menu-item-2469\" class=\"menu-item menu-item-type-post_type menu-item-object-page menu-item-2469\"><a href=\"https:\/\/serr.disabilityrightsca.org\/sp\/serr-manual\/capitulo-8-informacion-sobre-la-disciplina-de-alumnos-con-discapacidades\/8-9-como-debo-prepararme-para-la-reunion-para-la-determinacion-de-manifestacion\/\">(8.9) \u00bfC\u00f3mo debo prepararme para la reuni\u00f3n para la determinaci\u00f3n de manifestaci\u00f3n?<\/a><\/li>\n<li id=\"menu-item-2470\" class=\"menu-item menu-item-type-post_type menu-item-object-page menu-item-2470\"><a href=\"https:\/\/serr.disabilityrightsca.org\/sp\/serr-manual\/capitulo-8-informacion-sobre-la-disciplina-de-alumnos-con-discapacidades\/8-10-si-no-estoy-de-acuerdo-con-la-recomendacion-del-equipo-del-iep-de-expulsar-a-mi-hijo-segun-la-determinacion-de-manifestacion-puedo-objetar-la-recomendacion\/\">(8.10) Si no estoy de acuerdo con la recomendaci\u00f3n del equipo del IEP de expulsar a mi hijo seg\u00fan la determinaci\u00f3n de manifestaci\u00f3n, \u00bfpuedo objetar la recomendaci\u00f3n?<\/a><\/li>\n<li id=\"menu-item-2471\" class=\"menu-item menu-item-type-post_type menu-item-object-page menu-item-2471\"><a href=\"https:\/\/serr.disabilityrightsca.org\/sp\/serr-manual\/capitulo-8-informacion-sobre-la-disciplina-de-alumnos-con-discapacidades\/8-11-hay-algun-caso-en-el-que-la-escuela-pueda-modificar-la-colocacion-de-mi-hijo-de-inmediato\/\">(8.11) Are there any circumstances under which a school can change my child&#8217;s placement immediately?<\/a><\/li>\n<li id=\"menu-item-2472\" class=\"menu-item menu-item-type-post_type menu-item-object-page menu-item-2472\"><a href=\"https:\/\/serr.disabilityrightsca.org\/sp\/serr-manual\/capitulo-8-informacion-sobre-la-disciplina-de-alumnos-con-discapacidades\/8-12-el-distrito-cambio-de-aula-a-mi-hijo-por-problemas-de-disciplina-esto-se-considera-un-cambio-de-colocacion-que-requiere-una-reunion-del-iep\/\">(8.12) El distrito cambi\u00f3 de aula a mi hijo por problemas de disciplina. \u00bfEsto se considera un \u201ccambio de colocaci\u00f3n\u201d que requiere una reuni\u00f3n del IEP?<\/a><\/li>\n<li id=\"menu-item-2473\" class=\"menu-item menu-item-type-post_type menu-item-object-page menu-item-2473\"><a href=\"https:\/\/serr.disabilityrightsca.org\/sp\/serr-manual\/capitulo-8-informacion-sobre-la-disciplina-de-alumnos-con-discapacidades\/8-13-el-distrito-debe-continuar-brindandole-servicios-de-educacion-especial-a-mi-hijo-si-lo-suspenden-por-mas-de-10-dias-o-si-lo-expulsan\/\">(8.13) \u00bfEl distrito debe continuar brind\u00e1ndole servicios de educaci\u00f3n especial a mi hijo si lo suspenden por m\u00e1s de 10 d\u00edas o si lo expulsan?<\/a><\/li>\n<li id=\"menu-item-2474\" class=\"menu-item menu-item-type-post_type menu-item-object-page menu-item-2474\"><a href=\"https:\/\/serr.disabilityrightsca.org\/sp\/serr-manual\/capitulo-8-informacion-sobre-la-disciplina-de-alumnos-con-discapacidades\/8-14-creo-que-mi-hijo-tiene-una-discapacidad-que-fue-la-causa-de-su-mala-conducta-pero-el-distrito-nunca-lo-evaluo-para-determinar-si-necesita-educacion-especial-las-normas-que-rigen-las-med\/\">(8.14) Creo que mi hijo tiene una discapacidad que fue la causa de su mala conducta, pero el distrito nunca lo evalu\u00f3 para determinar si necesita educaci\u00f3n especial. \u00bfLas normas que rigen las medidas disciplinarias para los alumnos de educaci\u00f3n especial se aplican a \u00e9l?<\/a><\/li>\n<li id=\"menu-item-2475\" class=\"menu-item menu-item-type-post_type menu-item-object-page menu-item-2475\"><a href=\"https:\/\/serr.disabilityrightsca.org\/sp\/serr-manual\/capitulo-8-informacion-sobre-la-disciplina-de-alumnos-con-discapacidades\/8-15-que-sucede-si-solicite-una-evaluacion-de-educacion-especial-para-mi-hijo-pero-no-lo-hice-por-escrito\/\">(8.15) \u00bfQu\u00e9 sucede si solicit\u00e9 una evaluaci\u00f3n de educaci\u00f3n especial para mi hijo, pero no lo hice por escrito?<\/a><\/li>\n<li id=\"menu-item-2476\" class=\"menu-item menu-item-type-post_type menu-item-object-page menu-item-2476\"><a href=\"https:\/\/serr.disabilityrightsca.org\/sp\/serr-manual\/capitulo-8-informacion-sobre-la-disciplina-de-alumnos-con-discapacidades\/8-16-aun-no-se-ha-determinado-la-elegibilidad-de-mi-hijo-que-sera-expulsado-para-recibir-educacion-especial-pero-tras-el-incidente-solicite-una-evaluacion-que-sucedera-con-su-colocacion\/\">(8.16) A\u00fan no se ha determinado la elegibilidad de mi hijo, que ser\u00e1 expulsado, para recibir educaci\u00f3n especial, pero, tras el incidente, solicit\u00e9 una evaluaci\u00f3n. \u00bfQu\u00e9 suceder\u00e1 con su colocaci\u00f3n mientras esperamos los resultados?<\/a><\/li>\n<li id=\"menu-item-2477\" class=\"menu-item menu-item-type-post_type menu-item-object-page menu-item-2477\"><a href=\"https:\/\/serr.disabilityrightsca.org\/sp\/serr-manual\/capitulo-8-informacion-sobre-la-disciplina-de-alumnos-con-discapacidades\/8-17-las-inquietudes-de-los-maestros-u-otros-miembros-del-personal-acerca-de-la-conducta-deben-expresarse-por-escrito\/\">(8.17) \u00bfLas inquietudes de los maestros u otros miembros del personal acerca de la conducta deben expresarse por escrito?<\/a><\/li>\n<li id=\"menu-item-2478\" class=\"menu-item menu-item-type-post_type menu-item-object-page menu-item-2478\"><a href=\"https:\/\/serr.disabilityrightsca.org\/sp\/serr-manual\/capitulo-8-informacion-sobre-la-disciplina-de-alumnos-con-discapacidades\/8-18-es-posible-que-expulsen-a-mi-hijo-solo-del-transporte-de-su-programa-escolar\/\">(8.18) \u00bfEs posible que expulsen a mi hijo solo del transporte de su programa escolar?<\/a><\/li>\n<li id=\"menu-item-2481\" class=\"menu-item menu-item-type-post_type menu-item-object-page menu-item-2481\"><a href=\"https:\/\/serr.disabilityrightsca.org\/sp\/serr-manual\/capitulo-8-informacion-sobre-la-disciplina-de-alumnos-con-discapacidades\/8-19-existen-normas-especiales-que-rijan-las-medidas-disciplinarias-para-los-alumnos-que-tienen-una-discapacidad-conforme-al-articulo-504-de-la-ley-de-rehabilitacion-rehabilitation-act-de-19\/\">(8.19) \u00bfExisten normas especiales que rijan las medidas disciplinarias para los alumnos que tienen una discapacidad conforme al art\u00edculo 504 de la Ley de Rehabilitaci\u00f3n (Rehabilitation Act) de 1973?<\/a><\/li>\n<li id=\"menu-item-2482\" class=\"menu-item menu-item-type-post_type menu-item-object-page menu-item-2482\"><a href=\"https:\/\/serr.disabilityrightsca.org\/sp\/serr-manual\/capitulo-8-informacion-sobre-la-disciplina-de-alumnos-con-discapacidades\/8-20-what-rights-do-i-have-if-i-disagree-with-the-section-504-determination-about-my-childs-behavior\/\">(8.20) What rights do I have if I disagree with the Section 504 determination about my child\u2019s behavior?<\/a><\/li>\n<li id=\"menu-item-2483\" class=\"menu-item menu-item-type-post_type menu-item-object-page menu-item-2483\"><a href=\"https:\/\/serr.disabilityrightsca.org\/sp\/serr-manual\/capitulo-8-informacion-sobre-la-disciplina-de-alumnos-con-discapacidades\/8-21-que-derechos-tiene-mi-hijo-de-regresar-a-la-escuela-en-el-distrito-que-lo-expulso\/\">(8.21) \u00bfQu\u00e9 derechos tiene mi hijo de regresar a la escuela en el distrito que lo expuls\u00f3?<\/a><\/li>\n<li id=\"menu-item-2484\" class=\"menu-item menu-item-type-post_type menu-item-object-page menu-item-2484\"><a href=\"https:\/\/serr.disabilityrightsca.org\/sp\/serr-manual\/capitulo-8-informacion-sobre-la-disciplina-de-alumnos-con-discapacidades\/8-22-si-expulsan-a-mi-hijo-cuales-son-las-normas-que-rigen-su-admision-en-un-nuevo-distrito-escolar\/\">(8.22) Si expulsan a mi hijo, \u00bfcu\u00e1les son las normas que rigen su admisi\u00f3n en un nuevo distrito escolar?<\/a><\/li>\n<li id=\"menu-item-2485\" class=\"menu-item menu-item-type-post_type menu-item-object-page menu-item-2485\"><a href=\"https:\/\/serr.disabilityrightsca.org\/sp\/serr-manual\/capitulo-8-informacion-sobre-la-disciplina-de-alumnos-con-discapacidades\/8-23-mi-hijo-tiene-problemas-de-conducta-que-lo-ponen-en-riesgo-de-ser-suspendido-o-expulsado-existe-alguna-clase-de-proteccion-o-servicio-especial-para-el\/\">(8.23) Mi hijo tiene problemas de conducta que lo ponen en riesgo de ser suspendido o expulsado. \u00bfExiste alguna clase de protecci\u00f3n o servicio especial para \u00e9l?<\/a><\/li>\n<li id=\"menu-item-2486\" class=\"menu-item menu-item-type-post_type menu-item-object-page menu-item-2486\"><a href=\"https:\/\/serr.disabilityrightsca.org\/sp\/serr-manual\/capitulo-8-informacion-sobre-la-disciplina-de-alumnos-con-discapacidades\/8-24-existen-leyes-que-prohiban-especificamente-algun-programa-o-alguna-tecnica-para-el-tratamiento-de-la-conducta\/\">(8.24) \u00bfExisten leyes que proh\u00edban espec\u00edficamente alg\u00fan programa o alguna t\u00e9cnica para el tratamiento de la conducta?<\/a><\/li>\n<li id=\"menu-item-2487\" class=\"menu-item menu-item-type-post_type menu-item-object-page menu-item-2487\"><a href=\"https:\/\/serr.disabilityrightsca.org\/sp\/serr-manual\/capitulo-8-informacion-sobre-la-disciplina-de-alumnos-con-discapacidades\/8-25-que-puedo-hacer-si-los-maestros-u-otros-miembros-del-personal-escolar-abusan-fisica-o-emocionalmente-de-mi-hijo\/\">(8.25) \u00bfQu\u00e9 puedo hacer si los maestros u otros miembros del personal escolar abusan f\u00edsica o emocionalmente de mi hijo?<\/a><\/li>\n<li id=\"menu-item-2488\" class=\"menu-item menu-item-type-post_type menu-item-object-page menu-item-2488\"><a href=\"https:\/\/serr.disabilityrightsca.org\/sp\/serr-manual\/capitulo-8-informacion-sobre-la-disciplina-de-alumnos-con-discapacidades\/8-26-si-despues-de-la-reunion-para-la-determinacion-de-manifestacion-o-del-plan-504-el-equipo-recomienda-que-se-expulse-al-alumno-y-usted-elige-no-objetar-la-recomendacion-mediante-el-debido-proc\/\">(8.26) Si, despu\u00e9s de la reuni\u00f3n para la determinaci\u00f3n de manifestaci\u00f3n o del plan 504, el equipo recomienda que se expulse al alumno (y usted elige no objetar la recomendaci\u00f3n mediante el debido proceso), \u00bfcu\u00e1les son los procedimientos que se siguen en la audiencia de expulsi\u00f3n y sus apelaciones?<\/a><\/li>\n<li id=\"menu-item-2489\" class=\"menu-item menu-item-type-post_type menu-item-object-page menu-item-2489\"><a href=\"https:\/\/serr.disabilityrightsca.org\/sp\/serr-manual\/capitulo-8-informacion-sobre-la-disciplina-de-alumnos-con-discapacidades\/8-27-el-distrito-propone-sacar-a-mi-hijo-de-la-escuela-debido-a-sus-problemas-de-conducta-y-recomienda-la-instruccion-en-el-hogar-como-la-mejor-colocacion-puede-hacer-esto-el-distrito\/\">(8.27) El distrito propone sacar a mi hijo de la escuela debido a sus problemas de conducta y recomienda la instrucci\u00f3n en el hogar como la mejor colocaci\u00f3n. \u00bfPuede hacer esto el distrito?<\/a><\/li>\n<\/ul><\/div>\n","protected":false},"excerpt":{"rendered":"<p>Imprimir todo el cap\u00edtulo<\/p>\n","protected":false},"author":1,"featured_media":0,"parent":326,"menu_order":8,"comment_status":"closed","ping_status":"closed","template":"","meta":{"footnotes":""},"class_list":["post-343","page","type-page","status-publish","hentry"],"_links":{"self":[{"href":"https:\/\/serr.disabilityrightsca.org\/sp\/wp-json\/wp\/v2\/pages\/343","targetHints":{"allow":["GET"]}}],"collection":[{"href":"https:\/\/serr.disabilityrightsca.org\/sp\/wp-json\/wp\/v2\/pages"}],"about":[{"href":"https:\/\/serr.disabilityrightsca.org\/sp\/wp-json\/wp\/v2\/types\/page"}],"author":[{"embeddable":true,"href":"https:\/\/serr.disabilityrightsca.org\/sp\/wp-json\/wp\/v2\/users\/1"}],"replies":[{"embeddable":true,"href":"https:\/\/serr.disabilityrightsca.org\/sp\/wp-json\/wp\/v2\/comments?post=343"}],"version-history":[{"count":4,"href":"https:\/\/serr.disabilityrightsca.org\/sp\/wp-json\/wp\/v2\/pages\/343\/revisions"}],"predecessor-version":[{"id":4411,"href":"https:\/\/serr.disabilityrightsca.org\/sp\/wp-json\/wp\/v2\/pages\/343\/revisions\/4411"}],"up":[{"embeddable":true,"href":"https:\/\/serr.disabilityrightsca.org\/sp\/wp-json\/wp\/v2\/pages\/326"}],"wp:attachment":[{"href":"https:\/\/serr.disabilityrightsca.org\/sp\/wp-json\/wp\/v2\/media?parent=343"}],"curies":[{"name":"wp","href":"https:\/\/api.w.org\/{rel}","templated":true}]}}