{"id":352,"date":"2019-06-06T15:41:48","date_gmt":"2019-06-06T22:41:48","guid":{"rendered":"http:\/\/www.rula.disabilityrightsca.org\/serr\/sp\/?page_id=352"},"modified":"2021-07-19T16:16:32","modified_gmt":"2021-07-19T23:16:32","slug":"capitulo-11-informacion-sobre-las-evaluaciones-estatales-y-los-requisitos-para-la-graduacion","status":"publish","type":"page","link":"https:\/\/serr.disabilityrightsca.org\/sp\/serr-manual\/capitulo-11-informacion-sobre-las-evaluaciones-estatales-y-los-requisitos-para-la-graduacion\/","title":{"rendered":"Cap\u00edtulo 11:  Informaci\u00f3n sobre las evaluaciones estatales y los requisitos para la graduaci\u00f3n"},"content":{"rendered":"\n<div class=\"print-fullchapter-wrap\"><div class=\"print-fullchapter\"><a href=\"https:\/\/serr.disabilityrightsca.org\/sp\/print-chapter-11\/\">Imprimir todo el cap\u00edtulo<\/a><\/div><\/div>\n\n\n\n<div class=\"menu-chapter-11-container\"><ul id=\"menu-chapter-11\" class=\"menu\"><li id=\"menu-item-2797\" class=\"menu-item menu-item-type-post_type menu-item-object-page menu-item-2797\"><a href=\"https:\/\/serr.disabilityrightsca.org\/sp\/serr-manual\/capitulo-11-informacion-sobre-las-evaluaciones-estatales-y-los-requisitos-para-la-graduacion\/11-1-que-es-el-sistema-de-evaluacion-del-rendimiento-y-progreso-estudiantil-de-california-california-assessment-of-student-performance-and-progress-caaspp\/\">(11.1) \u00bfQu\u00e9 es el sistema de Evaluaci\u00f3n del Rendimiento y Progreso Estudiantil de California (California Assessment of Student Performance and Progress, CAASPP)?<\/a><\/li>\n<li id=\"menu-item-2798\" class=\"menu-item menu-item-type-post_type menu-item-object-page menu-item-2798\"><a href=\"https:\/\/serr.disabilityrightsca.org\/sp\/serr-manual\/capitulo-11-informacion-sobre-las-evaluaciones-estatales-y-los-requisitos-para-la-graduacion\/11-2-mi-hijo-debe-participar-de-la-evaluacion-caaspp\/\">(11.2) \u00bfMi hijo debe participar de la evaluaci\u00f3n CAASPP?<\/a><\/li>\n<li id=\"menu-item-2799\" class=\"menu-item menu-item-type-post_type menu-item-object-page menu-item-2799\"><a href=\"https:\/\/serr.disabilityrightsca.org\/sp\/serr-manual\/capitulo-11-informacion-sobre-las-evaluaciones-estatales-y-los-requisitos-para-la-graduacion\/11-3-los-ninos-con-discapacidades-que-participaran-de-la-evaluacion-del-rendimiento-escolar-caaspp-pueden-recibir-ayuda-o-adaptaciones-para-realizar-las-pruebas\/\">(11.3) \u00bfLos ni\u00f1os con discapacidades que participar\u00e1n de la evaluaci\u00f3n del rendimiento escolar CAASPP pueden recibir ayuda o adaptaciones para realizar las pruebas?<\/a><\/li>\n<li id=\"menu-item-2800\" class=\"menu-item menu-item-type-post_type menu-item-object-page menu-item-2800\"><a href=\"https:\/\/serr.disabilityrightsca.org\/sp\/serr-manual\/capitulo-11-informacion-sobre-las-evaluaciones-estatales-y-los-requisitos-para-la-graduacion\/11-4-si-mi-hijo-pudiera-participar-de-la-evaluacion-caaspp-si-utilizara-una-ayuda-o-estrategia-que-no-esta-incluida-en-la-lista-de-herramientas-universales-apoyos-designados-o-adaptaciones-s\/\">(11.4) Si mi hijo pudiera participar de la evaluaci\u00f3n CAASPP si utilizara una ayuda o estrategia que no est\u00e1 incluida en la lista de herramientas universales, apoyos designados o adaptaciones, \u00bfse le puede permitir utilizar esa ayuda o estrategia especializada en el proceso de evaluaci\u00f3n?<\/a><\/li>\n<li id=\"menu-item-2801\" class=\"menu-item menu-item-type-post_type menu-item-object-page menu-item-2801\"><a href=\"https:\/\/serr.disabilityrightsca.org\/sp\/serr-manual\/capitulo-11-informacion-sobre-las-evaluaciones-estatales-y-los-requisitos-para-la-graduacion\/11-5-si-mi-hijo-no-puede-realizar-las-pruebas-de-la-evaluacion-caaspp-incluso-con-las-diferentes-herramientas-apoyos-y-adaptaciones-analizados-anteriormente-pero-no-quiero-eximirlo-completamente-d\/\">(11.5) Si mi hijo no puede realizar las pruebas de la evaluaci\u00f3n CAASPP incluso con las diferentes herramientas, apoyos y adaptaciones analizados anteriormente, pero no quiero eximirlo completamente de la evaluaci\u00f3n, \u00bfpuede igualmente participar de las pruebas de logros?<\/a><\/li>\n<li id=\"menu-item-2802\" class=\"menu-item menu-item-type-post_type menu-item-object-page menu-item-2802\"><a href=\"https:\/\/serr.disabilityrightsca.org\/sp\/serr-manual\/capitulo-11-informacion-sobre-las-evaluaciones-estatales-y-los-requisitos-para-la-graduacion\/11-6-como-se-administra-la-evaluacion-alternativa-de-california-a-los-alumnos\/\">(11.6) \u00bfC\u00f3mo se administra la Evaluaci\u00f3n Alternativa de California a los alumnos?<\/a><\/li>\n<li id=\"menu-item-2803\" class=\"menu-item menu-item-type-post_type menu-item-object-page menu-item-2803\"><a href=\"https:\/\/serr.disabilityrightsca.org\/sp\/serr-manual\/capitulo-11-informacion-sobre-las-evaluaciones-estatales-y-los-requisitos-para-la-graduacion\/11-7-mi-hijo-tiene-una-discapacidad-y-su-lengua-materna-no-es-ingles-que-se-debe-hacer-si-es-que-se-puede-hacer-algo-para-acomodar-las-necesidades-linguisticas-de-mi-hijo-en-la-evaluacion-c\/\">(11.7) Mi hijo tiene una discapacidad y su lengua materna no es ingl\u00e9s. \u00bfQu\u00e9 se debe hacer, si es que se puede hacer algo, para acomodar las necesidades ling\u00fc\u00edsticas de mi hijo en la evaluaci\u00f3n CAASPP?<\/a><\/li>\n<li id=\"menu-item-2804\" class=\"menu-item menu-item-type-post_type menu-item-object-page menu-item-2804\"><a href=\"https:\/\/serr.disabilityrightsca.org\/sp\/serr-manual\/capitulo-11-informacion-sobre-las-evaluaciones-estatales-y-los-requisitos-para-la-graduacion\/11-8-cuales-son-los-requisitos-para-recibir-un-diploma-de-la-escuela-secundaria-en-california\/\">(11.8) \u00bfCu\u00e1les son los requisitos para recibir un diploma de la escuela secundaria en California?<\/a><\/li>\n<li id=\"menu-item-2805\" class=\"menu-item menu-item-type-post_type menu-item-object-page menu-item-2805\"><a href=\"https:\/\/serr.disabilityrightsca.org\/sp\/serr-manual\/capitulo-11-informacion-sobre-las-evaluaciones-estatales-y-los-requisitos-para-la-graduacion\/11-9-el-requisito-de-algebra-i-tambien-se-aplica-a-los-alumnos-con-discapacidades\/\">(11.9) \u00bfEl requisito de \u00e1lgebra I tambi\u00e9n se aplica a los alumnos con discapacidades?<\/a><\/li>\n<li id=\"menu-item-2806\" class=\"menu-item menu-item-type-post_type menu-item-object-page menu-item-2806\"><a href=\"https:\/\/serr.disabilityrightsca.org\/sp\/serr-manual\/capitulo-11-informacion-sobre-las-evaluaciones-estatales-y-los-requisitos-para-la-graduacion\/11-10-existe-una-alternativa-para-que-los-alumnos-completen-el-programa-de-estudios-obligatorio-que-se-necesita-para-el-diploma\/\">(11.10) \u00bfExiste una alternativa para que los alumnos completen el programa de estudios obligatorio que se necesita para el diploma?<\/a><\/li>\n<li id=\"menu-item-2807\" class=\"menu-item menu-item-type-post_type menu-item-object-page menu-item-2807\"><a href=\"https:\/\/serr.disabilityrightsca.org\/sp\/serr-manual\/capitulo-11-informacion-sobre-las-evaluaciones-estatales-y-los-requisitos-para-la-graduacion\/11-11-si-mi-hijo-cumple-con-los-requisitos-para-la-graduacion-y-recibe-un-diploma-normal-se-termina-la-elegibilidad-para-la-educacion-especial\/\">(11.11) Si mi hijo cumple con los requisitos para la graduaci\u00f3n y recibe un diploma normal, \u00bfse termina la elegibilidad para la educaci\u00f3n especial?<\/a><\/li>\n<li id=\"menu-item-2808\" class=\"menu-item menu-item-type-post_type menu-item-object-page menu-item-2808\"><a href=\"https:\/\/serr.disabilityrightsca.org\/sp\/serr-manual\/capitulo-11-informacion-sobre-las-evaluaciones-estatales-y-los-requisitos-para-la-graduacion\/11-12-si-un-alumno-no-recibio-los-servicios-adecuados-por-cierto-tiempo-antes-de-que-se-graduara-y-obtuviera-el-diploma-puede-continuar-siendo-elegible-para-recibir-educacion-especial\/\">(11.12) Si un alumno no recibi\u00f3 los servicios adecuados por cierto tiempo antes de que se graduara y obtuviera el diploma, \u00bfpuede continuar siendo elegible para recibir educaci\u00f3n especial?<\/a><\/li>\n<li id=\"menu-item-2809\" class=\"menu-item menu-item-type-post_type menu-item-object-page menu-item-2809\"><a href=\"https:\/\/serr.disabilityrightsca.org\/sp\/serr-manual\/capitulo-11-informacion-sobre-las-evaluaciones-estatales-y-los-requisitos-para-la-graduacion\/11-13-cuando-mi-hijo-cumpla-18-anos-empezara-a-tomar-decisiones-en-cuanto-al-iep-o-continuare-siendo-yo-quien-decide-sobre-las-cuestiones-educativas\/\">(11.13) Cuando mi hijo cumpla 18 a\u00f1os, \u00bfempezar\u00e1 a tomar decisiones en cuanto al IEP o continuar\u00e9 siendo yo quien decide sobre las cuestiones educativas?<\/a><\/li>\n<li id=\"menu-item-2810\" class=\"menu-item menu-item-type-post_type menu-item-object-page menu-item-2810\"><a href=\"https:\/\/serr.disabilityrightsca.org\/sp\/serr-manual\/capitulo-11-informacion-sobre-las-evaluaciones-estatales-y-los-requisitos-para-la-graduacion\/11-14-si-mi-hijo-no-recibe-un-diploma-normal-pero-recibira-un-certificado-de-logros-o-de-finalizacion-continua-siendo-elegible-para-recibir-educacion-especial\/\">(11.14) Si mi hijo no recibe un diploma normal, pero recibir\u00e1 un certificado de logros o de finalizaci\u00f3n, \u00bfcontin\u00faa siendo elegible para recibir educaci\u00f3n especial?<\/a><\/li>\n<li id=\"menu-item-2811\" class=\"menu-item menu-item-type-post_type menu-item-object-page menu-item-2811\"><a href=\"https:\/\/serr.disabilityrightsca.org\/sp\/serr-manual\/capitulo-11-informacion-sobre-las-evaluaciones-estatales-y-los-requisitos-para-la-graduacion\/11-15-si-mi-hijo-recibe-un-certificado-de-logros-o-de-finalizacion-puede-participar-de-la-ceremonia-de-graduacion-y-las-actividades-relacionadas\/\">(11.15) Si mi hijo recibe un certificado de logros o de finalizaci\u00f3n, \u00bfpuede participar de la ceremonia de graduaci\u00f3n y las actividades relacionadas?<\/a><\/li>\n<li id=\"menu-item-2812\" class=\"menu-item menu-item-type-post_type menu-item-object-page menu-item-2812\"><a href=\"https:\/\/serr.disabilityrightsca.org\/sp\/serr-manual\/capitulo-11-informacion-sobre-las-evaluaciones-estatales-y-los-requisitos-para-la-graduacion\/11-16-si-el-distrito-escolar-y-yo-no-estamos-de-acuerdo-en-si-mi-hijo-esta-listo-para-graduarse-con-un-diploma-normal-puedo-objetar-la-decision-del-distrito\/\">(11.16) Si el distrito escolar y yo no estamos de acuerdo en si mi hijo est\u00e1 listo para graduarse con un diploma normal, \u00bfpuedo objetar la decisi\u00f3n del distrito?<\/a><\/li>\n<li id=\"menu-item-2813\" class=\"menu-item menu-item-type-post_type menu-item-object-page menu-item-2813\"><a href=\"https:\/\/serr.disabilityrightsca.org\/sp\/serr-manual\/capitulo-11-informacion-sobre-las-evaluaciones-estatales-y-los-requisitos-para-la-graduacion\/11-17-si-mi-hijo-planea-realizar-el-examen-de-admision-universitaria-sat-originalmente-prueba-de-aptitud-academica-scholastic-aptitude-test-automaticamente-le-otorgaran-una-adaptacion-si\/\">(11.17) Si mi hijo planea realizar el examen de admisi\u00f3n universitaria SAT (originalmente, Prueba de Aptitud Acad\u00e9mica [Scholastic Aptitude Test]), \u00bfautom\u00e1ticamente le otorgar\u00e1n una adaptaci\u00f3n si tiene un IEP o un plan del art\u00edculo 504?<\/a><\/li>\n<\/ul><\/div>\n","protected":false},"excerpt":{"rendered":"<p>Imprimir todo el cap\u00edtulo<\/p>\n","protected":false},"author":1,"featured_media":0,"parent":326,"menu_order":11,"comment_status":"closed","ping_status":"closed","template":"","meta":{"footnotes":""},"class_list":["post-352","page","type-page","status-publish","hentry"],"_links":{"self":[{"href":"https:\/\/serr.disabilityrightsca.org\/sp\/wp-json\/wp\/v2\/pages\/352","targetHints":{"allow":["GET"]}}],"collection":[{"href":"https:\/\/serr.disabilityrightsca.org\/sp\/wp-json\/wp\/v2\/pages"}],"about":[{"href":"https:\/\/serr.disabilityrightsca.org\/sp\/wp-json\/wp\/v2\/types\/page"}],"author":[{"embeddable":true,"href":"https:\/\/serr.disabilityrightsca.org\/sp\/wp-json\/wp\/v2\/users\/1"}],"replies":[{"embeddable":true,"href":"https:\/\/serr.disabilityrightsca.org\/sp\/wp-json\/wp\/v2\/comments?post=352"}],"version-history":[{"count":5,"href":"https:\/\/serr.disabilityrightsca.org\/sp\/wp-json\/wp\/v2\/pages\/352\/revisions"}],"predecessor-version":[{"id":4415,"href":"https:\/\/serr.disabilityrightsca.org\/sp\/wp-json\/wp\/v2\/pages\/352\/revisions\/4415"}],"up":[{"embeddable":true,"href":"https:\/\/serr.disabilityrightsca.org\/sp\/wp-json\/wp\/v2\/pages\/326"}],"wp:attachment":[{"href":"https:\/\/serr.disabilityrightsca.org\/sp\/wp-json\/wp\/v2\/media?parent=352"}],"curies":[{"name":"wp","href":"https:\/\/api.w.org\/{rel}","templated":true}]}}