{"id":355,"date":"2019-06-06T15:42:09","date_gmt":"2019-06-06T22:42:09","guid":{"rendered":"http:\/\/www.rula.disabilityrightsca.org\/serr\/sp\/?page_id=355"},"modified":"2021-07-19T16:17:06","modified_gmt":"2021-07-19T23:17:06","slug":"capitulo-12-informacion-sobre-los-servicios-de-intervencion-temprana","status":"publish","type":"page","link":"https:\/\/serr.disabilityrightsca.org\/sp\/serr-manual\/capitulo-12-informacion-sobre-los-servicios-de-intervencion-temprana\/","title":{"rendered":"Cap\u00edtulo 12: Informaci\u00f3n sobre los servicios de intervenci\u00f3n temprana"},"content":{"rendered":"\n<div class=\"print-fullchapter-wrap\"><div class=\"print-fullchapter\"><a href=\"https:\/\/serr.disabilityrightsca.org\/sp\/print-chapter-12\/\">Imprimir todo el cap\u00edtulo<\/a><\/div><\/div>\n\n\n\n<div class=\"menu-chapter-12-container\"><ul id=\"menu-chapter-12\" class=\"menu\"><li id=\"menu-item-2896\" class=\"menu-item menu-item-type-post_type menu-item-object-page menu-item-2896\"><a href=\"https:\/\/serr.disabilityrightsca.org\/sp\/serr-manual\/capitulo-12-informacion-sobre-los-servicios-de-intervencion-temprana\/12-1cual-es-la-parte-c-intervencion-temprana-de-la-ley-de-educacion-para-personas-con-discapacidades-individuals-with-disabilities-education-act-idea\/\">(12.1)\u00bfCu\u00e1l es la Parte C (\u201cIntervenci\u00f3n temprana\u201d) de la Ley de Educaci\u00f3n para Personas con Discapacidades (Individuals with Disabilities Education Act, IDEA)?<\/a><\/li>\n<li id=\"menu-item-2897\" class=\"menu-item menu-item-type-post_type menu-item-object-page menu-item-2897\"><a href=\"https:\/\/serr.disabilityrightsca.org\/sp\/serr-manual\/capitulo-12-informacion-sobre-los-servicios-de-intervencion-temprana\/12-2-california-tiene-una-legislacion-propia-que-afecte-a-los-bebes-y-ninos-pequenos\/\">(12.2) \u00bfCalifornia tiene una legislaci\u00f3n propia que afecte a los beb\u00e9s y ni\u00f1os peque\u00f1os?<\/a><\/li>\n<li id=\"menu-item-2898\" class=\"menu-item menu-item-type-post_type menu-item-object-page menu-item-2898\"><a href=\"https:\/\/serr.disabilityrightsca.org\/sp\/serr-manual\/capitulo-12-informacion-sobre-los-servicios-de-intervencion-temprana\/12-3-cuales-son-los-organismos-responsables-de-garantizar-que-los-bebes-y-ninos-pequenos-accedan-a-los-servicios\/\">(12.3) \u00bfCu\u00e1les son los organismos responsables de garantizar que los beb\u00e9s y ni\u00f1os peque\u00f1os accedan a los servicios?<\/a><\/li>\n<li id=\"menu-item-2899\" class=\"menu-item menu-item-type-post_type menu-item-object-page menu-item-2899\"><a href=\"https:\/\/serr.disabilityrightsca.org\/sp\/serr-manual\/capitulo-12-informacion-sobre-los-servicios-de-intervencion-temprana\/12-4-mi-bebe-o-nino-pequeno-podria-resultar-elegible-para-los-servicios-tanto-del-distrito-escolar-como-del-centro-regional-que-organismo-se-encarga-de-garantizar-que-se-brinden-los-servicios\/\">(12.4) Mi beb\u00e9 o ni\u00f1o peque\u00f1o podr\u00eda resultar elegible para los servicios tanto del distrito escolar como del centro regional. \u00bfQu\u00e9 organismo se encarga de garantizar que se brinden los servicios de intervenci\u00f3n temprana?<\/a><\/li>\n<li id=\"menu-item-2900\" class=\"menu-item menu-item-type-post_type menu-item-object-page menu-item-2900\"><a href=\"https:\/\/serr.disabilityrightsca.org\/sp\/serr-manual\/capitulo-12-informacion-sobre-los-servicios-de-intervencion-temprana\/12-5-como-se-definen-los-bebes-o-ninos-pequenos-con-discapacidades-conforme-a-la-parte-c\/\">(12.5) \u00bfC\u00f3mo se definen los beb\u00e9s o ni\u00f1os peque\u00f1os con discapacidades conforme a la Parte C?<\/a><\/li>\n<li id=\"menu-item-2901\" class=\"menu-item menu-item-type-post_type menu-item-object-page menu-item-2901\"><a href=\"https:\/\/serr.disabilityrightsca.org\/sp\/serr-manual\/capitulo-12-informacion-sobre-los-servicios-de-intervencion-temprana\/12-6-cuales-son-los-criterios-de-elegibilidad-para-los-servicios-de-intervencion-temprana-programa-de-inicio-temprano-early-start-en-california\/\">(12.6) \u00bfCu\u00e1les son los criterios de elegibilidad para los servicios de intervenci\u00f3n temprana (\u201cPrograma de inicio temprano\u201d [Early Start]) en California?<\/a><\/li>\n<li id=\"menu-item-2902\" class=\"menu-item menu-item-type-post_type menu-item-object-page menu-item-2902\"><a href=\"https:\/\/serr.disabilityrightsca.org\/sp\/serr-manual\/capitulo-12-informacion-sobre-los-servicios-de-intervencion-temprana\/12-7-cuando-se-requiere-el-consentimiento-de-los-padres-en-el-programa-de-intervencion-temprana\/\">(12.7) \u00bfCu\u00e1ndo se requiere el consentimiento de los padres en el programa de intervenci\u00f3n temprana?<\/a><\/li>\n<li id=\"menu-item-2903\" class=\"menu-item menu-item-type-post_type menu-item-object-page menu-item-2903\"><a href=\"https:\/\/serr.disabilityrightsca.org\/sp\/serr-manual\/capitulo-12-informacion-sobre-los-servicios-de-intervencion-temprana\/12-8-como-se-realizan-las-derivaciones-para-recibir-servicios-de-intervencion-temprana-y-quien-puede-hacerlo\/\">(12.8) \u00bfC\u00f3mo se realizan las derivaciones para recibir servicios de intervenci\u00f3n temprana y qui\u00e9n puede hacerlo?<\/a><\/li>\n<li id=\"menu-item-2904\" class=\"menu-item menu-item-type-post_type menu-item-object-page menu-item-2904\"><a href=\"https:\/\/serr.disabilityrightsca.org\/sp\/serr-manual\/capitulo-12-informacion-sobre-los-servicios-de-intervencion-temprana\/12-9-como-se-determinara-la-elegibilidad-para-los-servicios-de-intervencion-temprana\/\">(12.9) \u00bfC\u00f3mo se determinar\u00e1 la elegibilidad para los servicios de intervenci\u00f3n temprana?<\/a><\/li>\n<li id=\"menu-item-2905\" class=\"menu-item menu-item-type-post_type menu-item-object-page menu-item-2905\"><a href=\"https:\/\/serr.disabilityrightsca.org\/sp\/serr-manual\/capitulo-12-informacion-sobre-los-servicios-de-intervencion-temprana\/12-10-una-vez-determinada-la-elegibilidad-como-se-identificaran-los-servicios-para-mi-hijo-y-nuestra-familia\/\">(12.10) Una vez determinada la elegibilidad, \u00bfc\u00f3mo se identificar\u00e1n los servicios para mi hijo y nuestra familia?<\/a><\/li>\n<li id=\"menu-item-2906\" class=\"menu-item menu-item-type-post_type menu-item-object-page menu-item-2906\"><a href=\"https:\/\/serr.disabilityrightsca.org\/sp\/serr-manual\/capitulo-12-informacion-sobre-los-servicios-de-intervencion-temprana\/12-11-una-vez-realizada-la-derivacion-para-la-evaluacion-cuando-tendra-lugar-la-reunion-para-determinar-la-elegibilidad-y-desarrollar-un-plan-de-servicios\/\">(12.11) Una vez realizada la derivaci\u00f3n para la evaluaci\u00f3n, \u00bfcu\u00e1ndo tendr\u00e1 lugar la reuni\u00f3n para determinar la elegibilidad y desarrollar un plan de servicios?<\/a><\/li>\n<li id=\"menu-item-2907\" class=\"menu-item menu-item-type-post_type menu-item-object-page menu-item-2907\"><a href=\"https:\/\/serr.disabilityrightsca.org\/sp\/serr-manual\/capitulo-12-informacion-sobre-los-servicios-de-intervencion-temprana\/12-12-como-se-desarrolla-el-ifsp-y-con-que-frecuencia-se-revisa\/\">(12.12) \u00bfC\u00f3mo se desarrolla el IFSP y con qu\u00e9 frecuencia se revisa?<\/a><\/li>\n<li id=\"menu-item-2908\" class=\"menu-item menu-item-type-post_type menu-item-object-page menu-item-2908\"><a href=\"https:\/\/serr.disabilityrightsca.org\/sp\/serr-manual\/capitulo-12-informacion-sobre-los-servicios-de-intervencion-temprana\/12-13-que-se-debe-incluir-en-el-ifsp\/\">(12.13) \u00bfQu\u00e9 se debe incluir en el IFSP?<\/a><\/li>\n<li id=\"menu-item-2909\" class=\"menu-item menu-item-type-post_type menu-item-object-page menu-item-2909\"><a href=\"https:\/\/serr.disabilityrightsca.org\/sp\/serr-manual\/capitulo-12-informacion-sobre-los-servicios-de-intervencion-temprana\/12-14-que-servicios-se-incluyen-en-la-parte-c-para-los-ninos-desde-su-nacimiento-hasta-la-edad-de-los-tres-anos\/\">(12.14) \u00bfQu\u00e9 servicios se incluyen en la Parte C para los ni\u00f1os desde su nacimiento hasta la edad de los tres a\u00f1os?<\/a><\/li>\n<li id=\"menu-item-2910\" class=\"menu-item menu-item-type-post_type menu-item-object-page menu-item-2910\"><a href=\"https:\/\/serr.disabilityrightsca.org\/sp\/serr-manual\/capitulo-12-informacion-sobre-los-servicios-de-intervencion-temprana\/12-15-mi-hijo-puede-acceder-a-los-servicios-en-el-hogar\/\">(12.15) \u00bfMi hijo puede acceder a los servicios en el hogar?<\/a><\/li>\n<li id=\"menu-item-2911\" class=\"menu-item menu-item-type-post_type menu-item-object-page menu-item-2911\"><a href=\"https:\/\/serr.disabilityrightsca.org\/sp\/serr-manual\/capitulo-12-informacion-sobre-los-servicios-de-intervencion-temprana\/12-16-que-servicios-grupales-puede-recibir-mi-hijo\/\">(12.16) \u00bfQu\u00e9 servicios grupales puede recibir mi hijo?<\/a><\/li>\n<li id=\"menu-item-2912\" class=\"menu-item menu-item-type-post_type menu-item-object-page menu-item-2912\"><a href=\"https:\/\/serr.disabilityrightsca.org\/sp\/serr-manual\/capitulo-12-informacion-sobre-los-servicios-de-intervencion-temprana\/12-17-si-mi-hijo-recibe-los-servicios-del-distrito-escolar-en-lugar-del-centro-regional-existe-un-limite-en-la-frecuencia-de-los-servicios-en-el-hogar-o-de-los-servicios-grupales\/\">(12.17) Si mi hijo recibe los servicios del distrito escolar en lugar del centro regional, \u00bfexiste un l\u00edmite en la frecuencia de los servicios en el hogar o de los servicios grupales?<\/a><\/li>\n<li id=\"menu-item-2913\" class=\"menu-item menu-item-type-post_type menu-item-object-page menu-item-2913\"><a href=\"https:\/\/serr.disabilityrightsca.org\/sp\/serr-manual\/capitulo-12-informacion-sobre-los-servicios-de-intervencion-temprana\/12-18-quien-puede-brindar-servicios-de-intervencion-temprana-para-bebes-y-ninos-pequenos\/\">(12.18) \u00bfQui\u00e9n puede brindar servicios de intervenci\u00f3n temprana para beb\u00e9s y ni\u00f1os peque\u00f1os?<\/a><\/li>\n<li id=\"menu-item-2914\" class=\"menu-item menu-item-type-post_type menu-item-object-page menu-item-2914\"><a href=\"https:\/\/serr.disabilityrightsca.org\/sp\/serr-manual\/capitulo-12-informacion-sobre-los-servicios-de-intervencion-temprana\/12-19-me-han-informado-que-no-hay-proveedores-de-servicios-disponibles-puedo-anotar-a-mi-hijo-en-una-lista-de-espera\/\">(12.19) Me han informado que no hay proveedores de servicios disponibles. \u00bfPuedo anotar a mi hijo en una lista de espera?<\/a><\/li>\n<li id=\"menu-item-2915\" class=\"menu-item menu-item-type-post_type menu-item-object-page menu-item-2915\"><a href=\"https:\/\/serr.disabilityrightsca.org\/sp\/serr-manual\/capitulo-12-informacion-sobre-los-servicios-de-intervencion-temprana\/12-20-hay-una-persona-especificamente-responsable-de-implementar-el-ifsp\/\">(12.20) \u00bfHay una persona espec\u00edficamente responsable de implementar el IFSP?<\/a><\/li>\n<li id=\"menu-item-2916\" class=\"menu-item menu-item-type-post_type menu-item-object-page menu-item-2916\"><a href=\"https:\/\/serr.disabilityrightsca.org\/sp\/serr-manual\/capitulo-12-informacion-sobre-los-servicios-de-intervencion-temprana\/12-21-que-se-supone-que-el-coordinador-de-servicios-debe-hacer-por-mi-hijo-y-nuestra-familia\/\">(12.21) \u00bfQu\u00e9 se supone que el coordinador de servicios debe hacer por mi hijo y nuestra familia?<\/a><\/li>\n<li id=\"menu-item-2917\" class=\"menu-item menu-item-type-post_type menu-item-object-page menu-item-2917\"><a href=\"https:\/\/serr.disabilityrightsca.org\/sp\/serr-manual\/capitulo-12-informacion-sobre-los-servicios-de-intervencion-temprana\/12-22-el-centro-regional-puede-pedirme-que-abone-una-parte-de-los-servicios-de-intervencion-temprana\/\">(12.22) \u00bfEl centro regional puede pedirme que abone una parte de los servicios de intervenci\u00f3n temprana?<\/a><\/li>\n<li id=\"menu-item-2918\" class=\"menu-item menu-item-type-post_type menu-item-object-page menu-item-2918\"><a href=\"https:\/\/serr.disabilityrightsca.org\/sp\/serr-manual\/capitulo-12-informacion-sobre-los-servicios-de-intervencion-temprana\/12-23-el-centro-regional-puede-pedirme-que-utilice-mi-seguro-medico-privado-o-mi-plan-de-servicios-de-salud-para-abonar-los-servicios-medicos-que-sean-parte-del-ifsp-de-mi-hijo\/\">(12.23) \u00bfEl centro regional puede pedirme que utilice mi seguro m\u00e9dico privado o mi plan de servicios de salud para abonar los servicios m\u00e9dicos que sean parte del IFSP de mi hijo?<\/a><\/li>\n<li id=\"menu-item-2919\" class=\"menu-item menu-item-type-post_type menu-item-object-page menu-item-2919\"><a href=\"https:\/\/serr.disabilityrightsca.org\/sp\/serr-manual\/capitulo-12-informacion-sobre-los-servicios-de-intervencion-temprana\/12-24-mi-hijo-esta-por-cumplir-tres-anos-y-asistira-a-la-escuela-publica-el-ano-entrante-cuales-son-los-requisitos-para-la-transicion-de-la-intervencion-temprana\/\">(12.24) Mi hijo est\u00e1 por cumplir tres a\u00f1os y asistir\u00e1 a la escuela p\u00fablica el a\u00f1o entrante.  \u00bfCu\u00e1les son los requisitos para la transici\u00f3n de la intervenci\u00f3n temprana?<\/a><\/li>\n<li id=\"menu-item-2920\" class=\"menu-item menu-item-type-post_type menu-item-object-page menu-item-2920\"><a href=\"https:\/\/serr.disabilityrightsca.org\/sp\/serr-manual\/capitulo-12-informacion-sobre-los-servicios-de-intervencion-temprana\/12-25-que-sucede-en-la-reunion-de-planificacion-de-la-transicion\/\">(12.25) \u00bfQu\u00e9 sucede en la reuni\u00f3n de planificaci\u00f3n de la transici\u00f3n?<\/a><\/li>\n<li id=\"menu-item-2921\" class=\"menu-item menu-item-type-post_type menu-item-object-page menu-item-2921\"><a href=\"https:\/\/serr.disabilityrightsca.org\/sp\/serr-manual\/capitulo-12-informacion-sobre-los-servicios-de-intervencion-temprana\/12-26-cual-es-la-responsabilidad-del-distrito-escolar-en-cuanto-a-su-participacion-en-la-transicion-de-los-servicios-de-intervencion-temprana-a-los-servicios-de-educacion-especial-de-preescola\/\">(12.26) \u00bfCu\u00e1l es la responsabilidad del distrito escolar en cuanto a su participaci\u00f3n en la transici\u00f3n de los servicios de intervenci\u00f3n temprana a los servicios de educaci\u00f3n especial de preescolar?<\/a><\/li>\n<li id=\"menu-item-2922\" class=\"menu-item menu-item-type-post_type menu-item-object-page menu-item-2922\"><a href=\"https:\/\/serr.disabilityrightsca.org\/sp\/serr-manual\/capitulo-12-informacion-sobre-los-servicios-de-intervencion-temprana\/12-27-como-inicio-un-reclamo-ante-el-incumplimiento-por-parte-de-un-organismo-en-cuanto-a-seguir-los-procedimientos-requeridos-o-brindar-los-servicios-especificados-en-el-ifsp-de-mi-hijo\/\">(12.27) \u00bfC\u00f3mo inicio un reclamo ante el incumplimiento por parte de un organismo en cuanto a seguir los procedimientos requeridos o brindar los servicios especificados en el IFSP de mi hijo?<\/a><\/li>\n<li id=\"menu-item-2923\" class=\"menu-item menu-item-type-post_type menu-item-object-page menu-item-2923\"><a href=\"https:\/\/serr.disabilityrightsca.org\/sp\/serr-manual\/capitulo-12-informacion-sobre-los-servicios-de-intervencion-temprana\/12-28-si-no-estoy-de-acuerdo-con-las-recomendaciones-del-ifsp-del-centro-regional-o-el-distrito-escolar-cuales-son-mis-derechos-relacionados-con-el-debido-proceso\/\">(12.28) Si no estoy de acuerdo con las recomendaciones del IFSP del centro regional o el distrito escolar, \u00bfcu\u00e1les son mis derechos relacionados con el \u201cdebido proceso\u201d?<\/a><\/li>\n<li id=\"menu-item-2924\" class=\"menu-item menu-item-type-post_type menu-item-object-page menu-item-2924\"><a href=\"https:\/\/serr.disabilityrightsca.org\/sp\/serr-manual\/capitulo-12-informacion-sobre-los-servicios-de-intervencion-temprana\/12-29-mi-hijo-esta-por-cumplir-los-tres-anos-en-nuestra-reunion-inicial-del-iep-el-distrito-escolar-estuvo-en-desacuerdo-conmigo-respecto-de-los-servicios-de-educacion-especial-que-mi-hijo-necesit\/\">(12.29) Mi hijo est\u00e1 por cumplir los tres a\u00f1os. En nuestra reuni\u00f3n inicial del IEP, el distrito escolar estuvo en desacuerdo conmigo respecto de los servicios de educaci\u00f3n especial que mi hijo necesita. Si presento una solicitud de debido proceso, \u00bfcontinuar\u00e1 recibiendo los servicios del Programa de inicio temprano hasta que se resuelva el desacuerdo?<\/a><\/li>\n<li id=\"menu-item-2925\" class=\"menu-item menu-item-type-post_type menu-item-object-page menu-item-2925\"><a href=\"https:\/\/serr.disabilityrightsca.org\/sp\/serr-manual\/capitulo-12-informacion-sobre-los-servicios-de-intervencion-temprana\/12-30-que-sucede-en-una-audiencia-de-debido-proceso\/\">(12.30) \u00bfQu\u00e9 sucede en una audiencia de debido proceso?<\/a><\/li>\n<\/ul><\/div>\n","protected":false},"excerpt":{"rendered":"<p>Imprimir todo el cap\u00edtulo<\/p>\n","protected":false},"author":1,"featured_media":0,"parent":326,"menu_order":12,"comment_status":"closed","ping_status":"closed","template":"","meta":{"footnotes":""},"class_list":["post-355","page","type-page","status-publish","hentry"],"_links":{"self":[{"href":"https:\/\/serr.disabilityrightsca.org\/sp\/wp-json\/wp\/v2\/pages\/355","targetHints":{"allow":["GET"]}}],"collection":[{"href":"https:\/\/serr.disabilityrightsca.org\/sp\/wp-json\/wp\/v2\/pages"}],"about":[{"href":"https:\/\/serr.disabilityrightsca.org\/sp\/wp-json\/wp\/v2\/types\/page"}],"author":[{"embeddable":true,"href":"https:\/\/serr.disabilityrightsca.org\/sp\/wp-json\/wp\/v2\/users\/1"}],"replies":[{"embeddable":true,"href":"https:\/\/serr.disabilityrightsca.org\/sp\/wp-json\/wp\/v2\/comments?post=355"}],"version-history":[{"count":4,"href":"https:\/\/serr.disabilityrightsca.org\/sp\/wp-json\/wp\/v2\/pages\/355\/revisions"}],"predecessor-version":[{"id":4416,"href":"https:\/\/serr.disabilityrightsca.org\/sp\/wp-json\/wp\/v2\/pages\/355\/revisions\/4416"}],"up":[{"embeddable":true,"href":"https:\/\/serr.disabilityrightsca.org\/sp\/wp-json\/wp\/v2\/pages\/326"}],"wp:attachment":[{"href":"https:\/\/serr.disabilityrightsca.org\/sp\/wp-json\/wp\/v2\/media?parent=355"}],"curies":[{"name":"wp","href":"https:\/\/api.w.org\/{rel}","templated":true}]}}