{"id":357,"date":"2019-06-06T15:42:44","date_gmt":"2019-06-06T22:42:44","guid":{"rendered":"http:\/\/www.rula.disabilityrightsca.org\/serr\/sp\/?page_id=357"},"modified":"2021-07-19T16:17:43","modified_gmt":"2021-07-19T23:17:43","slug":"capitulo-13-informacion-sobre-los-servicios-de-educacion-preescolar","status":"publish","type":"page","link":"https:\/\/serr.disabilityrightsca.org\/sp\/serr-manual\/capitulo-13-informacion-sobre-los-servicios-de-educacion-preescolar\/","title":{"rendered":"Cap\u00edtulo 13: Informaci\u00f3n sobre los servicios de educaci\u00f3n preescolar"},"content":{"rendered":"\n<div class=\"print-fullchapter-wrap\"><div class=\"print-fullchapter\"><a href=\"https:\/\/serr.disabilityrightsca.org\/sp\/print-chapter-13\/\">Imprimir todo el cap\u00edtulo<\/a><\/div><\/div>\n\n\n<div class=\"menu-chapter-13-container\"><ul id=\"menu-chapter-13\" class=\"menu\"><li id=\"menu-item-896\" class=\"menu-item menu-item-type-post_type menu-item-object-page menu-item-896\"><a href=\"https:\/\/serr.disabilityrightsca.org\/sp\/serr-manual\/capitulo-13-informacion-sobre-los-servicios-de-educacion-preescolar\/13-1-cual-es-la-ley-federal-que-requiere-los-servicios-de-educacion-preescolar\/\">(13.1) \u00bfCu\u00e1l es la ley federal que requiere los servicios de educaci\u00f3n preescolar?<\/a><\/li>\n<li id=\"menu-item-935\" class=\"menu-item menu-item-type-post_type menu-item-object-page menu-item-935\"><a href=\"https:\/\/serr.disabilityrightsca.org\/sp\/serr-manual\/capitulo-13-informacion-sobre-los-servicios-de-educacion-preescolar\/13-2-cual-es-el-proposito-de-los-servicios-de-educacion-preescolar\/\">(13.2) \u00bfCu\u00e1l es el prop\u00f3sito de los servicios de educaci\u00f3n preescolar?<\/a><\/li>\n<li id=\"menu-item-936\" class=\"menu-item menu-item-type-post_type menu-item-object-page menu-item-936\"><a href=\"https:\/\/serr.disabilityrightsca.org\/sp\/serr-manual\/capitulo-13-informacion-sobre-los-servicios-de-educacion-preescolar\/13-3-los-distritos-escolares-son-responsables-de-la-implementacion-total-de-los-servicios-para-ninos-de-3-a-5-anos-de-edad\/\">(13.3) \u00bfLos distritos escolares son responsables de la implementaci\u00f3n total de los servicios para ni\u00f1os de 3 a 5 a\u00f1os de edad?<\/a><\/li>\n<li id=\"menu-item-937\" class=\"menu-item menu-item-type-post_type menu-item-object-page menu-item-937\"><a href=\"https:\/\/serr.disabilityrightsca.org\/sp\/serr-manual\/capitulo-13-informacion-sobre-los-servicios-de-educacion-preescolar\/13-4-cuales-son-los-criterios-de-elegibilidad-para-los-ninos-con-discapacidades-de-tres-a-cinco-anos-de-edad\/\">(13.4) \u00bfCu\u00e1les son los criterios de elegibilidad para los ni\u00f1os con discapacidades de tres a cinco a\u00f1os de edad?<\/a><\/li>\n<li id=\"menu-item-938\" class=\"menu-item menu-item-type-post_type menu-item-object-page menu-item-938\"><a href=\"https:\/\/serr.disabilityrightsca.org\/sp\/serr-manual\/capitulo-13-informacion-sobre-los-servicios-de-educacion-preescolar\/13-5-mi-hijo-puede-ser-elegible-para-la-educacion-especial-bajo-la-categoria-denominada-habla-solamente\/\">(13.5) \u00bfMi hijo puede ser elegible para la educaci\u00f3n especial bajo la categor\u00eda denominada \u201chabla solamente\u201d?<\/a><\/li>\n<li id=\"menu-item-939\" class=\"menu-item menu-item-type-post_type menu-item-object-page menu-item-939\"><a href=\"https:\/\/serr.disabilityrightsca.org\/sp\/serr-manual\/capitulo-13-informacion-sobre-los-servicios-de-educacion-preescolar\/13-6-si-considero-que-mi-hijo-necesita-los-servicios-a-quien-deberia-contactar\/\">(13.6) Si considero que mi hijo necesita los servicios, \u00bfa qui\u00e9n deber\u00eda contactar?<\/a><\/li>\n<li id=\"menu-item-940\" class=\"menu-item menu-item-type-post_type menu-item-object-page menu-item-940\"><a href=\"https:\/\/serr.disabilityrightsca.org\/sp\/serr-manual\/capitulo-13-informacion-sobre-los-servicios-de-educacion-preescolar\/13-7-en-el-caso-de-los-ninos-que-reciben-los-servicios-de-intervencion-temprana-que-sucede-cuando-mi-hijo-alcanza-los-tres-anos-de-edad\/\">(13.7) En el caso de los ni\u00f1os que reciben los servicios de intervenci\u00f3n temprana, \u00bfqu\u00e9 sucede cuando mi hijo alcanza los tres a\u00f1os de edad?<\/a><\/li>\n<li id=\"menu-item-941\" class=\"menu-item menu-item-type-post_type menu-item-object-page menu-item-941\"><a href=\"https:\/\/serr.disabilityrightsca.org\/sp\/serr-manual\/capitulo-13-informacion-sobre-los-servicios-de-educacion-preescolar\/13-8-8-que-sucede-en-la-reunion-de-planificacion-de-la-transicion\/\">(13.8)  \u00bfQu\u00e9 sucede en la reuni\u00f3n de planificaci\u00f3n de la transici\u00f3n?<\/a><\/li>\n<li id=\"menu-item-942\" class=\"menu-item menu-item-type-post_type menu-item-object-page menu-item-942\"><a href=\"https:\/\/serr.disabilityrightsca.org\/sp\/serr-manual\/capitulo-13-informacion-sobre-los-servicios-de-educacion-preescolar\/13-9-mi-hijo-esta-recibiendo-en-este-momento-los-servicios-del-programa-de-inicio-temprano-en-nuestra-reunion-inicial-del-iep-el-distrito-escolar-no-estuvo-de-acuerdo-conmigo-sobre-su-necesidad-d\/\">(13.9)  Mi hijo est\u00e1 recibiendo en este momento los servicios del programa de inicio temprano. En nuestra reuni\u00f3n inicial del IEP, el distrito escolar no estuvo de acuerdo conmigo sobre su necesidad de servicios de educaci\u00f3n especial. \u00bfContinuar\u00e1 recibiendo los servicios del programa de inicio temprano hasta que se resuelva el desacuerdo?<\/a><\/li>\n<li id=\"menu-item-943\" class=\"menu-item menu-item-type-post_type menu-item-object-page menu-item-943\"><a href=\"https:\/\/serr.disabilityrightsca.org\/sp\/serr-manual\/capitulo-13-informacion-sobre-los-servicios-de-educacion-preescolar\/13-10-que-servicios-de-educacion-especial-se-encuentran-disponibles-para-mi-hijo-en-edad-preescolar\/\">(13.10) \u00bfQu\u00e9 servicios de educaci\u00f3n especial se encuentran disponibles para mi hijo en edad preescolar?<\/a><\/li>\n<li id=\"menu-item-944\" class=\"menu-item menu-item-type-post_type menu-item-object-page menu-item-944\"><a href=\"https:\/\/serr.disabilityrightsca.org\/sp\/serr-manual\/capitulo-13-informacion-sobre-los-servicios-de-educacion-preescolar\/13-11-mi-hijo-tiene-derecho-a-servicios-relacionados-tales-como-los-servicios-de-comportamiento-y-terapia-fisica-y-ocupacional\/\">(13.11) \u00bfMi hijo tiene derecho a servicios relacionados tales como los servicios de comportamiento y terapia f\u00edsica y ocupacional?<\/a><\/li>\n<li id=\"menu-item-945\" class=\"menu-item menu-item-type-post_type menu-item-object-page menu-item-945\"><a href=\"https:\/\/serr.disabilityrightsca.org\/sp\/serr-manual\/capitulo-13-informacion-sobre-los-servicios-de-educacion-preescolar\/13-12-quien-determina-la-extension-del-dia-de-programa-de-mi-hijo-y-si-los-servicios-de-preescolar-deben-proporcionarse-de-manera-individual-o-grupal\/\">(13.12) \u00bfQui\u00e9n determina la extensi\u00f3n del d\u00eda de programa de mi hijo y si los servicios de preescolar deben proporcionarse de manera individual o grupal?<\/a><\/li>\n<li id=\"menu-item-946\" class=\"menu-item menu-item-type-post_type menu-item-object-page menu-item-946\"><a href=\"https:\/\/serr.disabilityrightsca.org\/sp\/serr-manual\/capitulo-13-informacion-sobre-los-servicios-de-educacion-preescolar\/13-13-si-mi-hijo-es-elegible-para-los-servicios-de-educacion-especial-donde-los-recibira\/\">(13.13) Si mi hijo es elegible para los servicios de educaci\u00f3n especial, \u00bfd\u00f3nde los recibir\u00e1?<\/a><\/li>\n<li id=\"menu-item-947\" class=\"menu-item menu-item-type-post_type menu-item-object-page menu-item-947\"><a href=\"https:\/\/serr.disabilityrightsca.org\/sp\/serr-manual\/capitulo-13-informacion-sobre-los-servicios-de-educacion-preescolar\/13-14-mi-hijo-podra-participar-en-actividades-educativas-con-los-ninos-sin-discapacidad\/\">(13.14) \u00bfMi hijo podr\u00e1 participar en actividades educativas con los ni\u00f1os sin discapacidad?<\/a><\/li>\n<li id=\"menu-item-948\" class=\"menu-item menu-item-type-post_type menu-item-object-page menu-item-948\"><a href=\"https:\/\/serr.disabilityrightsca.org\/sp\/serr-manual\/capitulo-13-informacion-sobre-los-servicios-de-educacion-preescolar\/13-15-los-distritos-pagan-la-matricula-de-un-preescolar-privado\/\">(13.15) \u00bfLos distritos pagan la matr\u00edcula de un preescolar privado?<\/a><\/li>\n<li id=\"menu-item-949\" class=\"menu-item menu-item-type-post_type menu-item-object-page menu-item-949\"><a href=\"https:\/\/serr.disabilityrightsca.org\/sp\/serr-manual\/capitulo-13-informacion-sobre-los-servicios-de-educacion-preescolar\/13-16-debe-haber-una-lista-de-espera-para-los-servicios-de-mi-hijo\/\">(13.16) \u00bfDebe haber una \u201clista de espera\u201d para los servicios de mi hijo?<\/a><\/li>\n<\/ul><\/div>\n","protected":false},"excerpt":{"rendered":"<p>Imprimir todo el cap\u00edtulo<\/p>\n","protected":false},"author":1,"featured_media":0,"parent":326,"menu_order":13,"comment_status":"closed","ping_status":"closed","template":"","meta":{"footnotes":""},"class_list":["post-357","page","type-page","status-publish","hentry"],"_links":{"self":[{"href":"https:\/\/serr.disabilityrightsca.org\/sp\/wp-json\/wp\/v2\/pages\/357","targetHints":{"allow":["GET"]}}],"collection":[{"href":"https:\/\/serr.disabilityrightsca.org\/sp\/wp-json\/wp\/v2\/pages"}],"about":[{"href":"https:\/\/serr.disabilityrightsca.org\/sp\/wp-json\/wp\/v2\/types\/page"}],"author":[{"embeddable":true,"href":"https:\/\/serr.disabilityrightsca.org\/sp\/wp-json\/wp\/v2\/users\/1"}],"replies":[{"embeddable":true,"href":"https:\/\/serr.disabilityrightsca.org\/sp\/wp-json\/wp\/v2\/comments?post=357"}],"version-history":[{"count":4,"href":"https:\/\/serr.disabilityrightsca.org\/sp\/wp-json\/wp\/v2\/pages\/357\/revisions"}],"predecessor-version":[{"id":4417,"href":"https:\/\/serr.disabilityrightsca.org\/sp\/wp-json\/wp\/v2\/pages\/357\/revisions\/4417"}],"up":[{"embeddable":true,"href":"https:\/\/serr.disabilityrightsca.org\/sp\/wp-json\/wp\/v2\/pages\/326"}],"wp:attachment":[{"href":"https:\/\/serr.disabilityrightsca.org\/sp\/wp-json\/wp\/v2\/media?parent=357"}],"curies":[{"name":"wp","href":"https:\/\/api.w.org\/{rel}","templated":true}]}}