{"id":360,"date":"2019-06-06T15:43:07","date_gmt":"2019-06-06T22:43:07","guid":{"rendered":"http:\/\/www.rula.disabilityrightsca.org\/serr\/sp\/?page_id=360"},"modified":"2021-07-19T16:18:12","modified_gmt":"2021-07-19T23:18:12","slug":"capitulo-14-informacion-sobre-los-derechos-de-los-alumnos-con-enfermedades-graves","status":"publish","type":"page","link":"https:\/\/serr.disabilityrightsca.org\/sp\/serr-manual\/capitulo-14-informacion-sobre-los-derechos-de-los-alumnos-con-enfermedades-graves\/","title":{"rendered":"Cap\u00edtulo 14: Informaci\u00f3n sobre los derechos de los alumnos con enfermedades graves"},"content":{"rendered":"\n<div class=\"print-fullchapter-wrap\"><div class=\"print-fullchapter\"><a href=\"https:\/\/serr.disabilityrightsca.org\/sp\/print-chapter-14\/\">Imprimir todo el cap\u00edtulo<\/a><\/div><\/div>\n\n\n\n<div class=\"menu-chapter-14-container\"><ul id=\"menu-chapter-14\" class=\"menu\"><li id=\"menu-item-2988\" class=\"menu-item menu-item-type-post_type menu-item-object-page menu-item-2988\"><a href=\"https:\/\/serr.disabilityrightsca.org\/sp\/serr-manual\/capitulo-14-informacion-sobre-los-derechos-de-los-alumnos-con-enfermedades-graves\/14-1-mi-hijo-tiene-una-enfermedad-o-afeccion-grave-o-esta-recuperandose-de-un-accidente-o-una-cirugia-lo-cual-le-impedira-asistir-a-la-escuela-por-un-tiempo-limitado-puede-recibir-servicios\/\">(14.1) Mi hijo tiene una enfermedad o afecci\u00f3n grave, o est\u00e1 recuper\u00e1ndose de un accidente o una cirug\u00eda, lo cual le impedir\u00e1 asistir a la escuela por un tiempo limitado. \u00bfPuede recibir servicios especiales para ayudarlo a mantenerse al d\u00eda con su educaci\u00f3n?<\/a><\/li>\n<li id=\"menu-item-2989\" class=\"menu-item menu-item-type-post_type menu-item-object-page menu-item-2989\"><a href=\"https:\/\/serr.disabilityrightsca.org\/sp\/serr-manual\/capitulo-14-informacion-sobre-los-derechos-de-los-alumnos-con-enfermedades-graves\/14-2-la-ley-de-estadounidenses-con-discapacidades-americans-with-disabilities-act-ada-y-el-articulo-504-de-la-ley-de-rehabilitacion-rehabilitation-act-tambien-protegen-a-mi-hijo-si-tiene\/\">(14.2)  \u00bfLa Ley de Estadounidenses con Discapacidades (Americans with Disabilities Act, ADA) y el art\u00edculo 504 de la Ley de Rehabilitaci\u00f3n (Rehabilitation Act) tambi\u00e9n protegen a mi hijo si tiene una afecci\u00f3n que es temporal o epis\u00f3dica o est\u00e1 en remisi\u00f3n?<\/a><\/li>\n<li id=\"menu-item-2990\" class=\"menu-item menu-item-type-post_type menu-item-object-page menu-item-2990\"><a href=\"https:\/\/serr.disabilityrightsca.org\/sp\/serr-manual\/capitulo-14-informacion-sobre-los-derechos-de-los-alumnos-con-enfermedades-graves\/14-3-quien-es-responsable-de-brindarle-instruccion-individual-a-mi-hijo-mientras-permanece-en-nuestro-hogar-o-mientras-esta-internado-temporalmente\/\">(14.3) \u00bfQui\u00e9n es responsable de brindarle instrucci\u00f3n individual a mi hijo mientras permanece en nuestro hogar o mientras est\u00e1 internado temporalmente?<\/a><\/li>\n<li id=\"menu-item-2991\" class=\"menu-item menu-item-type-post_type menu-item-object-page menu-item-2991\"><a href=\"https:\/\/serr.disabilityrightsca.org\/sp\/serr-manual\/capitulo-14-informacion-sobre-los-derechos-de-los-alumnos-con-enfermedades-graves\/14-4-como-puedo-asegurarme-de-que-mi-hijo-que-esta-internado-en-otro-distrito-escolar-reciba-los-servicios-educativos-que-necesita-durante-la-internacion\/\">(14.4) \u00bfC\u00f3mo puedo asegurarme de que mi hijo, que est\u00e1 internado en otro distrito escolar, reciba los servicios educativos que necesita durante la internaci\u00f3n?<\/a><\/li>\n<li id=\"menu-item-2992\" class=\"menu-item menu-item-type-post_type menu-item-object-page menu-item-2992\"><a href=\"https:\/\/serr.disabilityrightsca.org\/sp\/serr-manual\/capitulo-14-informacion-sobre-los-derechos-de-los-alumnos-con-enfermedades-graves\/14-5-si-mi-hijo-no-resulta-elegible-para-recibir-educacion-especial-o-los-servicios-conforme-al-articulo-504-cuanta-instruccion-individual-recibira\/\">(14.5) Si mi hijo no resulta elegible para recibir educaci\u00f3n especial o los servicios conforme al art\u00edculo 504, \u00bfcu\u00e1nta instrucci\u00f3n individual recibir\u00e1?<\/a><\/li>\n<li id=\"menu-item-2993\" class=\"menu-item menu-item-type-post_type menu-item-object-page menu-item-2993\"><a href=\"https:\/\/serr.disabilityrightsca.org\/sp\/serr-manual\/capitulo-14-informacion-sobre-los-derechos-de-los-alumnos-con-enfermedades-graves\/14-6-si-mi-hijo-es-elegible-para-recibir-los-servicios-conforme-al-articulo-504-o-educacion-especial-quien-determina-la-cantidad-de-instruccion-y-servicios-que-se-brindan-en-el-hogar-o-en-el\/\">(14.6) Si mi hijo es elegible para recibir los servicios conforme al art\u00edculo 504 o educaci\u00f3n especial, \u00bfqui\u00e9n determina la cantidad de instrucci\u00f3n y servicios que se brindan en el hogar o en el hospital?<\/a><\/li>\n<li id=\"menu-item-2994\" class=\"menu-item menu-item-type-post_type menu-item-object-page menu-item-2994\"><a href=\"https:\/\/serr.disabilityrightsca.org\/sp\/serr-manual\/capitulo-14-informacion-sobre-los-derechos-de-los-alumnos-con-enfermedades-graves\/14-7-quienes-cumplen-con-los-requisitos-para-recibir-educacion-especial-conforme-a-la-categoria-de-otros-problemas-de-salud-other-health-impairment-ohi\/\">(14.7) \u00bfQui\u00e9nes cumplen con los requisitos para recibir educaci\u00f3n especial conforme a la categor\u00eda de \u201cotros problemas de salud (other health impairment, OHI)\u201d?<\/a><\/li>\n<li id=\"menu-item-2995\" class=\"menu-item menu-item-type-post_type menu-item-object-page menu-item-2995\"><a href=\"https:\/\/serr.disabilityrightsca.org\/sp\/serr-manual\/capitulo-14-informacion-sobre-los-derechos-de-los-alumnos-con-enfermedades-graves\/14-8-que-sucede-si-el-distrito-reconoce-el-problema-de-salud-de-mi-hijo-pero-afirma-que-en-realidad-no-necesita-instruccion-especializada-o-que-tiene-capacidades-academicas-superiores-al-prom\/\">(14.8) \u00bfQu\u00e9 sucede si el distrito reconoce el problema de salud de mi hijo, pero afirma que en realidad no necesita instrucci\u00f3n especializada o que tiene capacidades acad\u00e9micas superiores al promedio y, por lo tanto, no es elegible para acceder a la educaci\u00f3n especial?<\/a><\/li>\n<li id=\"menu-item-2996\" class=\"menu-item menu-item-type-post_type menu-item-object-page menu-item-2996\"><a href=\"https:\/\/serr.disabilityrightsca.org\/sp\/serr-manual\/capitulo-14-informacion-sobre-los-derechos-de-los-alumnos-con-enfermedades-graves\/14-9-que-es-una-colocacion-de-instruccion-en-el-hogar-para-un-alumno-que-reune-los-requisitos-para-acceder-a-la-educacion-especial\/\">(14.9) \u00bfQu\u00e9 es una colocaci\u00f3n de \u201cinstrucci\u00f3n en el hogar\u201d para un alumno que re\u00fane los requisitos para acceder a la educaci\u00f3n especial?<\/a><\/li>\n<li id=\"menu-item-2997\" class=\"menu-item menu-item-type-post_type menu-item-object-page menu-item-2997\"><a href=\"https:\/\/serr.disabilityrightsca.org\/sp\/serr-manual\/capitulo-14-informacion-sobre-los-derechos-de-los-alumnos-con-enfermedades-graves\/14-10-si-mi-hijo-necesita-adaptaciones-u-otros-servicios-de-apoyo-una-vez-que-retorne-a-la-escuela-despues-de-una-larga-ausencia-el-distrito-debe-desarrollar-un-plan-con-anticipacion-para-bri\/\">(14.10) Si mi hijo necesita adaptaciones u otros servicios de apoyo una vez que retorne a la escuela despu\u00e9s de una larga ausencia, \u00bfel distrito debe desarrollar un plan con anticipaci\u00f3n para brindar apoyos, servicios o adaptaciones?<\/a><\/li>\n<li id=\"menu-item-2998\" class=\"menu-item menu-item-type-post_type menu-item-object-page menu-item-2998\"><a href=\"https:\/\/serr.disabilityrightsca.org\/sp\/serr-manual\/capitulo-14-informacion-sobre-los-derechos-de-los-alumnos-con-enfermedades-graves\/14-11-si-mi-hijo-se-torna-elegible-para-recibir-educacion-especial-debido-a-su-problema-de-salud-esto-afectara-su-capacidad-para-asistir-a-una-institucion-de-educacion-superior\/\">(14.11) Si mi hijo se torna elegible para recibir educaci\u00f3n especial debido a su problema de salud, \u00bfesto afectar\u00e1 su capacidad para asistir a una instituci\u00f3n de educaci\u00f3n superior?<\/a><\/li>\n<li id=\"menu-item-2999\" class=\"menu-item menu-item-type-post_type menu-item-object-page menu-item-2999\"><a href=\"https:\/\/serr.disabilityrightsca.org\/sp\/serr-manual\/capitulo-14-informacion-sobre-los-derechos-de-los-alumnos-con-enfermedades-graves\/14-12-debido-a-las-inasistencias-o-los-problemas-de-aprendizaje-asociados-con-su-afeccion-o-su-tratamiento-el-distrito-indica-que-mi-hijo-deberia-estar-inscrito-en-cursos-basicos-de-educacion-gener\/\">(14.12) Debido a las inasistencias o los problemas de aprendizaje asociados con su afecci\u00f3n o su tratamiento, el distrito indica que mi hijo deber\u00eda estar inscrito en cursos b\u00e1sicos de educaci\u00f3n general y que no tiene la obligaci\u00f3n de brindar adaptaciones en sus clases de honores o de colocaci\u00f3n avanzada (AP). \u00bfEs verdad?<\/a><\/li>\n<li id=\"menu-item-3000\" class=\"menu-item menu-item-type-post_type menu-item-object-page menu-item-3000\"><a href=\"https:\/\/serr.disabilityrightsca.org\/sp\/serr-manual\/capitulo-14-informacion-sobre-los-derechos-de-los-alumnos-con-enfermedades-graves\/14-13-si-mi-hijo-recibe-instruccion-en-el-hogar-el-distrito-puede-requerir-que-uno-de-los-padres-este-presente-durante-los-periodos-de-instruccion\/\">(14.13) Si mi hijo recibe instrucci\u00f3n en el hogar, \u00bfel distrito puede requerir que uno de los padres est\u00e9 presente durante los per\u00edodos de instrucci\u00f3n?<\/a><\/li>\n<li id=\"menu-item-3001\" class=\"menu-item menu-item-type-post_type menu-item-object-page menu-item-3001\"><a href=\"https:\/\/serr.disabilityrightsca.org\/sp\/serr-manual\/capitulo-14-informacion-sobre-los-derechos-de-los-alumnos-con-enfermedades-graves\/14-14-debere-comprar-algun-equipo-necesario-como-una-computadora-u-otro-dispositivo-tecnologico-si-mi-hijo-recibe-instruccion-en-el-hogar\/\">(14.14) \u00bfDeber\u00e9 comprar alg\u00fan equipo necesario, como una computadora u otro dispositivo tecnol\u00f3gico, si mi hijo recibe instrucci\u00f3n en el hogar?<\/a><\/li>\n<li id=\"menu-item-3002\" class=\"menu-item menu-item-type-post_type menu-item-object-page menu-item-3002\"><a href=\"https:\/\/serr.disabilityrightsca.org\/sp\/serr-manual\/capitulo-14-informacion-sobre-los-derechos-de-los-alumnos-con-enfermedades-graves\/14-15-si-mi-hijo-tiene-una-enfermedad-contagiosa-el-distrito-puede-negarse-a-brindarle-un-instructor-para-el-hogar-o-prohibirle-asistir-a-la-escuela-con-el-fundamento-de-que-puede-ser-un-ries\/\">(14.15) Si mi hijo tiene una enfermedad contagiosa, \u00bfel distrito puede negarse a brindarle un instructor para el hogar o prohibirle asistir a la escuela con el fundamento de que puede ser un riesgo para el personal o para otros ni\u00f1os?<\/a><\/li>\n<li id=\"menu-item-3003\" class=\"menu-item menu-item-type-post_type menu-item-object-page menu-item-3003\"><a href=\"https:\/\/serr.disabilityrightsca.org\/sp\/serr-manual\/capitulo-14-informacion-sobre-los-derechos-de-los-alumnos-con-enfermedades-graves\/14-16-mi-hijo-necesita-tomar-sus-medicamentos-mientras-se-encuentra-en-la-escuela-que-asistencia-debe-brindar-la-escuela-para-garantizar-que-lo-haga\/\">(14.16) Mi hijo necesita tomar sus medicamentos mientras se encuentra en la escuela. \u00bfQu\u00e9 asistencia debe brindar la escuela para garantizar que lo haga?<\/a><\/li>\n<li id=\"menu-item-3004\" class=\"menu-item menu-item-type-post_type menu-item-object-page menu-item-3004\"><a href=\"https:\/\/serr.disabilityrightsca.org\/sp\/serr-manual\/capitulo-14-informacion-sobre-los-derechos-de-los-alumnos-con-enfermedades-graves\/14-17-mi-hijo-puede-administrarse-medicaciones-sin-la-ayuda-del-personal-del-distrito\/\">(14.17) \u00bfMi hijo puede administrarse medicaciones sin la ayuda del personal del distrito?<\/a><\/li>\n<li id=\"menu-item-3005\" class=\"menu-item menu-item-type-post_type menu-item-object-page menu-item-3005\"><a href=\"https:\/\/serr.disabilityrightsca.org\/sp\/serr-manual\/capitulo-14-informacion-sobre-los-derechos-de-los-alumnos-con-enfermedades-graves\/14-18-ademas-de-la-administracion-de-medicamentos-un-alumno-de-educacion-especial-tiene-derecho-a-acceder-a-servicios-de-enfermeria-complejos-o-a-otros-servicios-de-salud-a-expensas-del-distr\/\">(14.18) Adem\u00e1s de la administraci\u00f3n de medicamentos, \u00bfun alumno de educaci\u00f3n especial tiene derecho a acceder a servicios de enfermer\u00eda complejos o a otros servicios de salud a expensas del distrito mientras se encuentre en la escuela?<\/a><\/li>\n<li id=\"menu-item-3006\" class=\"menu-item menu-item-type-post_type menu-item-object-page menu-item-3006\"><a href=\"https:\/\/serr.disabilityrightsca.org\/sp\/serr-manual\/capitulo-14-informacion-sobre-los-derechos-de-los-alumnos-con-enfermedades-graves\/14-19-ademas-de-la-administracion-de-medicamentos-que-otros-servicios-de-salud-se-le-deben-proporcionar-a-un-alumno-con-un-plan-504\/\">(14.19) Adem\u00e1s de la administraci\u00f3n de medicamentos, \u00bfqu\u00e9 otros servicios de salud se le deben proporcionar a un alumno con un plan 504?<\/a><\/li>\n<li id=\"menu-item-3007\" class=\"menu-item menu-item-type-post_type menu-item-object-page menu-item-3007\"><a href=\"https:\/\/serr.disabilityrightsca.org\/sp\/serr-manual\/capitulo-14-informacion-sobre-los-derechos-de-los-alumnos-con-enfermedades-graves\/14-20-si-mi-hijo-recibe-educacion-especial-cuando-puede-recibir-servicios-de-atencion-medica-especializada-por-parte-de-un-profesional-distinto-de-un-enfermero\/\">(14.20) Si mi hijo recibe educaci\u00f3n especial, \u00bfcu\u00e1ndo puede recibir \u201cservicios de atenci\u00f3n m\u00e9dica especializada\u201d por parte de un profesional distinto de un enfermero?<\/a><\/li>\n<li id=\"menu-item-3008\" class=\"menu-item menu-item-type-post_type menu-item-object-page menu-item-3008\"><a href=\"https:\/\/serr.disabilityrightsca.org\/sp\/serr-manual\/capitulo-14-informacion-sobre-los-derechos-de-los-alumnos-con-enfermedades-graves\/14-21-el-distrito-escolar-puede-exigir-que-pague-por-los-servicios-de-enfermeria-de-mi-hijo-o-que-use-medi-cal-para-que-asista-a-la-escuela\/\">(14.21) \u00bfEl distrito escolar puede exigir que pague por los servicios de enfermer\u00eda de mi hijo o que use Medi-Cal para que asista a la escuela?<\/a><\/li>\n<li id=\"menu-item-3009\" class=\"menu-item menu-item-type-post_type menu-item-object-page menu-item-3009\"><a href=\"https:\/\/serr.disabilityrightsca.org\/sp\/serr-manual\/capitulo-14-informacion-sobre-los-derechos-de-los-alumnos-con-enfermedades-graves\/14-22-el-distrito-puede-insistir-en-que-use-el-seguro-privado-de-nuestra-familia-para-pagar-los-servicios-de-salud-que-mi-hijo-necesita-durante-la-jornada-escolar\/\">(14.22) Can the district insist that I use our family&#8217;s private insurance to pay for health care services that my child needs during the school day?<\/a><\/li>\n<li id=\"menu-item-3010\" class=\"menu-item menu-item-type-post_type menu-item-object-page menu-item-3010\"><a href=\"https:\/\/serr.disabilityrightsca.org\/sp\/serr-manual\/capitulo-14-informacion-sobre-los-derechos-de-los-alumnos-con-enfermedades-graves\/14-23-que-debe-informarle-el-distrito-escolar-cuando-solicita-su-consentimiento-para-usar-los-beneficios-de-medi-cal-o-del-seguro-medico-privado-de-su-hijo-para-pagar-un-servicio-relacionado-d\/\">(14.23) What must a school district tell you when it asks for consent to use your child&#8217;s Medi-Cal benefits or private health insurance to pay for a special education related service?<\/a><\/li>\n<li id=\"menu-item-3011\" class=\"menu-item menu-item-type-post_type menu-item-object-page menu-item-3011\"><a href=\"https:\/\/serr.disabilityrightsca.org\/sp\/serr-manual\/capitulo-14-informacion-sobre-los-derechos-de-los-alumnos-con-enfermedades-graves\/14-24-si-le-brindo-mi-consentimiento-al-distrito-y-uso-la-cobertura-de-medi-cal-o-del-seguro-privado-de-mi-hijo-para-pagar-un-servicio-relacionado-de-educacion-especial-puedo-revocar-mi-conse\/\">(14.24) If I consent to the district using my child&#8217;s Medi-Cal or private insurance to pay for a special education related service, can I revoke consent?<\/a><\/li>\n<li id=\"menu-item-3012\" class=\"menu-item menu-item-type-post_type menu-item-object-page menu-item-3012\"><a href=\"https:\/\/serr.disabilityrightsca.org\/sp\/serr-manual\/capitulo-14-informacion-sobre-los-derechos-de-los-alumnos-con-enfermedades-graves\/14-25-si-el-unico-enfermero-del-distrito-presta-sus-servicios-en-una-escuela-determinada-mi-hijo-debera-ir-hasta-alli\/\">(14.25) If the district&#8217;s only nurse is stationed at a certain school site, must my child be bused to that school?<\/a><\/li>\n<li id=\"menu-item-3013\" class=\"menu-item menu-item-type-post_type menu-item-object-page menu-item-3013\"><a href=\"https:\/\/serr.disabilityrightsca.org\/sp\/serr-manual\/capitulo-14-informacion-sobre-los-derechos-de-los-alumnos-con-enfermedades-graves\/14-26-el-distrito-escolar-puede-poner-a-una-persona-a-disposicion-de-mi-hijo-para-prestarle-los-servicios-de-salud-necesarios-durante-la-jornada-escolar-unicamente-pero-no-para-las-actividade\/\">(14.26) \u00bfEl distrito escolar puede poner a una persona a disposici\u00f3n de mi hijo para prestarle los servicios de salud necesarios durante la jornada escolar \u00fanicamente, pero no para las actividades despu\u00e9s del horario escolar o durante el transporte?<\/a><\/li>\n<li id=\"menu-item-3014\" class=\"menu-item menu-item-type-post_type menu-item-object-page menu-item-3014\"><a href=\"https:\/\/serr.disabilityrightsca.org\/sp\/serr-manual\/capitulo-14-informacion-sobre-los-derechos-de-los-alumnos-con-enfermedades-graves\/14-27-si-la-persona-que-le-brinda-servicios-de-salud-se-ausenta-mi-hijo-tiene-que-faltar-un-dia-a-la-escuela\/\">(14.27) Si la persona que le brinda servicios de salud se ausenta, \u00bfmi hijo tiene que faltar un d\u00eda a la escuela?<\/a><\/li>\n<li id=\"menu-item-3015\" class=\"menu-item menu-item-type-post_type menu-item-object-page menu-item-3015\"><a href=\"https:\/\/serr.disabilityrightsca.org\/sp\/serr-manual\/capitulo-14-informacion-sobre-los-derechos-de-los-alumnos-con-enfermedades-graves\/14-28-mi-hijo-necesita-acceder-a-un-producto-a-base-de-marihuana-por-razones-medicas-puede-tomarlo-en-la-escuela\/\">(14.28) Mi hijo necesita acceder a un producto a base de marihuana por razones m\u00e9dicas. \u00bfPuede tomarlo en la escuela?<\/a><\/li>\n<li id=\"menu-item-3016\" class=\"menu-item menu-item-type-post_type menu-item-object-page menu-item-3016\"><a href=\"https:\/\/serr.disabilityrightsca.org\/sp\/serr-manual\/capitulo-14-informacion-sobre-los-derechos-de-los-alumnos-con-enfermedades-graves\/14-29-ademas-de-instruccion-y-servicios-relacionados-existen-otros-servicios-especializados-disponibles-para-un-nino-que-tenga-un-iep-debido-a-una-enfermedad-cronica-o-problemas-de-salud-grav\/\">(14.29) Adem\u00e1s de instrucci\u00f3n y servicios relacionados, \u00bfexisten otros servicios especializados disponibles para un ni\u00f1o que tenga un IEP debido a una enfermedad cr\u00f3nica o problemas de salud graves?<\/a><\/li>\n<\/ul><\/div>\n","protected":false},"excerpt":{"rendered":"<p>Imprimir todo el cap\u00edtulo<\/p>\n","protected":false},"author":1,"featured_media":0,"parent":326,"menu_order":14,"comment_status":"closed","ping_status":"closed","template":"","meta":{"footnotes":""},"class_list":["post-360","page","type-page","status-publish","hentry"],"_links":{"self":[{"href":"https:\/\/serr.disabilityrightsca.org\/sp\/wp-json\/wp\/v2\/pages\/360","targetHints":{"allow":["GET"]}}],"collection":[{"href":"https:\/\/serr.disabilityrightsca.org\/sp\/wp-json\/wp\/v2\/pages"}],"about":[{"href":"https:\/\/serr.disabilityrightsca.org\/sp\/wp-json\/wp\/v2\/types\/page"}],"author":[{"embeddable":true,"href":"https:\/\/serr.disabilityrightsca.org\/sp\/wp-json\/wp\/v2\/users\/1"}],"replies":[{"embeddable":true,"href":"https:\/\/serr.disabilityrightsca.org\/sp\/wp-json\/wp\/v2\/comments?post=360"}],"version-history":[{"count":4,"href":"https:\/\/serr.disabilityrightsca.org\/sp\/wp-json\/wp\/v2\/pages\/360\/revisions"}],"predecessor-version":[{"id":4418,"href":"https:\/\/serr.disabilityrightsca.org\/sp\/wp-json\/wp\/v2\/pages\/360\/revisions\/4418"}],"up":[{"embeddable":true,"href":"https:\/\/serr.disabilityrightsca.org\/sp\/wp-json\/wp\/v2\/pages\/326"}],"wp:attachment":[{"href":"https:\/\/serr.disabilityrightsca.org\/sp\/wp-json\/wp\/v2\/media?parent=360"}],"curies":[{"name":"wp","href":"https:\/\/api.w.org\/{rel}","templated":true}]}}