{"id":362,"date":"2019-06-06T15:43:27","date_gmt":"2019-06-06T22:43:27","guid":{"rendered":"http:\/\/www.rula.disabilityrightsca.org\/serr\/sp\/?page_id=362"},"modified":"2021-07-19T16:18:48","modified_gmt":"2021-07-19T23:18:48","slug":"capitulo-15-informacion-sobre-los-derechos-de-los-alumnos-con-necesidades-conductuales-y-los-que-sufren-acoso-escolar","status":"publish","type":"page","link":"https:\/\/serr.disabilityrightsca.org\/sp\/serr-manual\/capitulo-15-informacion-sobre-los-derechos-de-los-alumnos-con-necesidades-conductuales-y-los-que-sufren-acoso-escolar\/","title":{"rendered":"Cap\u00edtulo 15: Informaci\u00f3n sobre los derechos de los alumnos  con necesidades conductuales y los que sufren acoso escolar"},"content":{"rendered":"\n<div class=\"print-fullchapter-wrap\"><div class=\"print-fullchapter\"><a href=\"https:\/\/serr.disabilityrightsca.org\/sp\/print-chapter-15\/\">Imprimir todo el cap\u00edtulo<\/a><\/div><\/div>\n\n\n\n<div class=\"menu-chapter-15-container\"><ul id=\"menu-chapter-15\" class=\"menu\"><li id=\"menu-item-2644\" class=\"menu-item menu-item-type-post_type menu-item-object-page menu-item-2644\"><a href=\"https:\/\/serr.disabilityrightsca.org\/sp\/serr-manual\/capitulo-15-informacion-sobre-los-derechos-de-los-alumnos-con-necesidades-conductuales-y-los-que-sufren-acoso-escolar\/15-1-mi-hijo-tiene-problemas-persistentes-de-conducta-el-distrito-escolar-tiene-algun-tipo-de-responsabilidad-de-tratar-tales-problemas\/\">(15.1) Mi hijo tiene problemas persistentes de conducta. \u00bfEl distrito escolar tiene alg\u00fan tipo de responsabilidad de tratar tales problemas?<\/a><\/li>\n<li id=\"menu-item-2645\" class=\"menu-item menu-item-type-post_type menu-item-object-page menu-item-2645\"><a href=\"https:\/\/serr.disabilityrightsca.org\/sp\/serr-manual\/capitulo-15-informacion-sobre-los-derechos-de-los-alumnos-con-necesidades-conductuales-y-los-que-sufren-acoso-escolar\/15-2-se-requiere-a-los-distritos-que-realicen-una-evaluacion-de-analisis-funcional-functional-analysis-assessment-faa-y-desarrollen-un-plan-de-intervencion-en-la-conducta-positiva-behavior\/\">(15.2) \u00bfSe requiere a los distritos que realicen una evaluaci\u00f3n de an\u00e1lisis funcional (functional analysis assessment, FAA) y desarrollen un plan de intervenci\u00f3n en la conducta positiva (behavior intervention plan, PBIP)?<\/a><\/li>\n<li id=\"menu-item-2646\" class=\"menu-item menu-item-type-post_type menu-item-object-page menu-item-2646\"><a href=\"https:\/\/serr.disabilityrightsca.org\/sp\/serr-manual\/capitulo-15-informacion-sobre-los-derechos-de-los-alumnos-con-necesidades-conductuales-y-los-que-sufren-acoso-escolar\/15-3-como-obtengo-una-evaluacion-de-la-conducta-y-cuales-son-los-servicios-disponibles-para-abordar-las-necesidades-de-conducta-de-mi-hijo\/\">(15.3) \u00bfC\u00f3mo obtengo una evaluaci\u00f3n de la conducta y cu\u00e1les son los servicios disponibles para abordar las necesidades de conducta de mi hijo?<\/a><\/li>\n<li id=\"menu-item-2647\" class=\"menu-item menu-item-type-post_type menu-item-object-page menu-item-2647\"><a href=\"https:\/\/serr.disabilityrightsca.org\/sp\/serr-manual\/capitulo-15-informacion-sobre-los-derechos-de-los-alumnos-con-necesidades-conductuales-y-los-que-sufren-acoso-escolar\/15-4-cuando-el-distrito-escolar-puede-utilizar-para-mi-hijo-una-intervencion-de-emergencia-en-la-conducta-como-la-reclusion-y-restriccion\/\">(15.4) \u00bfCu\u00e1ndo el distrito escolar puede utilizar para mi hijo una intervenci\u00f3n de emergencia en la conducta, como la reclusi\u00f3n y restricci\u00f3n?<\/a><\/li>\n<li id=\"menu-item-2648\" class=\"menu-item menu-item-type-post_type menu-item-object-page menu-item-2648\"><a href=\"https:\/\/serr.disabilityrightsca.org\/sp\/serr-manual\/capitulo-15-informacion-sobre-los-derechos-de-los-alumnos-con-necesidades-conductuales-y-los-que-sufren-acoso-escolar\/15-5-los-distritos-tienen-prohibido-implementar-cualquier-tipo-de-intervencion-de-emergencia-en-la-conducta\/\">(15.5) \u00bfLos distritos tienen prohibido implementar cualquier tipo de intervenci\u00f3n de emergencia en la conducta?<\/a><\/li>\n<li id=\"menu-item-2649\" class=\"menu-item menu-item-type-post_type menu-item-object-page menu-item-2649\"><a href=\"https:\/\/serr.disabilityrightsca.org\/sp\/serr-manual\/capitulo-15-informacion-sobre-los-derechos-de-los-alumnos-con-necesidades-conductuales-y-los-que-sufren-acoso-escolar\/15-6-si-un-distrito-escolar-utiliza-intervenciones-de-emergencia-en-la-conducta-tales-como-restricciones-fisicas-sobre-mi-hijo-que-debe-hacer-el-distrito-escolar-y-que-debo-hacer-yo\/\">(15.6) Si un distrito escolar utiliza intervenciones de emergencia en la conducta, tales como restricciones f\u00edsicas sobre mi hijo, \u00bfqu\u00e9 debe hacer el distrito escolar y qu\u00e9 debo hacer yo?<\/a><\/li>\n<li id=\"menu-item-2650\" class=\"menu-item menu-item-type-post_type menu-item-object-page menu-item-2650\"><a href=\"https:\/\/serr.disabilityrightsca.org\/sp\/serr-manual\/capitulo-15-informacion-sobre-los-derechos-de-los-alumnos-con-necesidades-conductuales-y-los-que-sufren-acoso-escolar\/15-7-en-que-otro-lugar-puedo-buscar-asesoramiento-sobre-la-obligacion-de-una-escuela-de-proporcionar-servicios-de-comportamiento\/\">(15.7) \u00bfEn qu\u00e9 otro lugar puedo buscar asesoramiento sobre la obligaci\u00f3n de una escuela de proporcionar servicios de comportamiento?<\/a><\/li>\n<li id=\"menu-item-2651\" class=\"menu-item menu-item-type-post_type menu-item-object-page menu-item-2651\"><a href=\"https:\/\/serr.disabilityrightsca.org\/sp\/serr-manual\/capitulo-15-informacion-sobre-los-derechos-de-los-alumnos-con-necesidades-conductuales-y-los-que-sufren-acoso-escolar\/15-8-se-acusa-a-mi-hijo-de-acosar-a-otros-ninos-en-la-escuela-que-deberia-hacer-la-institucion\/\">(15.8) Se acusa a mi hijo de acosar a otros ni\u00f1os en la escuela. \u00bfQu\u00e9 deber\u00eda hacer la instituci\u00f3n?<\/a><\/li>\n<li id=\"menu-item-2652\" class=\"menu-item menu-item-type-post_type menu-item-object-page menu-item-2652\"><a href=\"https:\/\/serr.disabilityrightsca.org\/sp\/serr-manual\/capitulo-15-informacion-sobre-los-derechos-de-los-alumnos-con-necesidades-conductuales-y-los-que-sufren-acoso-escolar\/15-9-como-se-si-mi-hijo-es-acosado\/\">(15.9) \u00bfC\u00f3mo s\u00e9 si mi hijo es acosado?<\/a><\/li>\n<li id=\"menu-item-2653\" class=\"menu-item menu-item-type-post_type menu-item-object-page menu-item-2653\"><a href=\"https:\/\/serr.disabilityrightsca.org\/sp\/serr-manual\/capitulo-15-informacion-sobre-los-derechos-de-los-alumnos-con-necesidades-conductuales-y-los-que-sufren-acoso-escolar\/15-10-si-mi-hijo-sufre-acoso-escolar-el-equipo-del-iep-debe-reconsiderar-sus-necesidades-y-servicios-incluso-si-el-acoso-no-fue-producto-de-su-discapacidad\/\">(15.10) Si mi hijo sufre acoso escolar, \u00bfel equipo del IEP debe reconsiderar sus necesidades y servicios, incluso si el acoso no fue producto de su discapacidad?<\/a><\/li>\n<li id=\"menu-item-2654\" class=\"menu-item menu-item-type-post_type menu-item-object-page menu-item-2654\"><a href=\"https:\/\/serr.disabilityrightsca.org\/sp\/serr-manual\/capitulo-15-informacion-sobre-los-derechos-de-los-alumnos-con-necesidades-conductuales-y-los-que-sufren-acoso-escolar\/15-11-es-posible-trasladar-a-mi-hijo-a-otra-escuela-para-prevenir-futuros-incidentes-de-acoso\/\">(15.11) \u00bfEs posible trasladar a mi hijo a otra escuela para prevenir futuros incidentes de acoso?<\/a><\/li>\n<li id=\"menu-item-2655\" class=\"menu-item menu-item-type-post_type menu-item-object-page menu-item-2655\"><a href=\"https:\/\/serr.disabilityrightsca.org\/sp\/serr-manual\/capitulo-15-informacion-sobre-los-derechos-de-los-alumnos-con-necesidades-conductuales-y-los-que-sufren-acoso-escolar\/15-12-el-articulo-504-protege-a-mi-hijo-contra-el-acoso-escolar\/\">(15.12) \u00bfEl art\u00edculo 504 protege a mi hijo contra el acoso escolar?<\/a><\/li>\n<\/ul><\/div>\n","protected":false},"excerpt":{"rendered":"<p>Imprimir todo el cap\u00edtulo<\/p>\n","protected":false},"author":1,"featured_media":0,"parent":326,"menu_order":15,"comment_status":"closed","ping_status":"closed","template":"","meta":{"footnotes":""},"class_list":["post-362","page","type-page","status-publish","hentry"],"_links":{"self":[{"href":"https:\/\/serr.disabilityrightsca.org\/sp\/wp-json\/wp\/v2\/pages\/362","targetHints":{"allow":["GET"]}}],"collection":[{"href":"https:\/\/serr.disabilityrightsca.org\/sp\/wp-json\/wp\/v2\/pages"}],"about":[{"href":"https:\/\/serr.disabilityrightsca.org\/sp\/wp-json\/wp\/v2\/types\/page"}],"author":[{"embeddable":true,"href":"https:\/\/serr.disabilityrightsca.org\/sp\/wp-json\/wp\/v2\/users\/1"}],"replies":[{"embeddable":true,"href":"https:\/\/serr.disabilityrightsca.org\/sp\/wp-json\/wp\/v2\/comments?post=362"}],"version-history":[{"count":5,"href":"https:\/\/serr.disabilityrightsca.org\/sp\/wp-json\/wp\/v2\/pages\/362\/revisions"}],"predecessor-version":[{"id":4419,"href":"https:\/\/serr.disabilityrightsca.org\/sp\/wp-json\/wp\/v2\/pages\/362\/revisions\/4419"}],"up":[{"embeddable":true,"href":"https:\/\/serr.disabilityrightsca.org\/sp\/wp-json\/wp\/v2\/pages\/326"}],"wp:attachment":[{"href":"https:\/\/serr.disabilityrightsca.org\/sp\/wp-json\/wp\/v2\/media?parent=362"}],"curies":[{"name":"wp","href":"https:\/\/api.w.org\/{rel}","templated":true}]}}