{"id":368,"date":"2019-06-06T15:45:54","date_gmt":"2019-06-06T22:45:54","guid":{"rendered":"http:\/\/www.rula.disabilityrightsca.org\/serr\/sp\/?page_id=368"},"modified":"2020-08-06T16:40:32","modified_gmt":"2020-08-06T23:40:32","slug":"2-1-de-que-manera-puedo-lograr-que-el-distrito-escolar-evalue-a-mi-hijo","status":"publish","type":"page","link":"https:\/\/serr.disabilityrightsca.org\/sp\/serr-manual\/capitulo-2-informacion-sobre-las-evaluaciones\/2-1-de-que-manera-puedo-lograr-que-el-distrito-escolar-evalue-a-mi-hijo\/","title":{"rendered":"(2.1) \u00bfDe qu\u00e9 manera puedo lograr que el distrito escolar eval\u00fae a mi hijo?"},"content":{"rendered":"\n<p>Su distrito escolar tiene la obligaci\u00f3n\nde \u201cbuscar, identificar, y evaluar\u201d a todos los ni\u00f1os con discapacidades que\npuedan ser elegibles para recibir servicios de educaci\u00f3n especial, incluidos\nquienes asisten a escuelas privadas, no tienen hogar o est\u00e1n bajo tutela\njudicial. [34 Code of Federal Regulations\n[C.F.R.] Sec. 300.111; California Education Code (Cal. Ed. Code)\nSecs. 56300-56302.] Esto se conoce como \u201cChild Find\u201d. Si el distrito tiene\nun motivo para sospechar que su hijo podr\u00eda tener una discapacidad, tiene la\nobligaci\u00f3n de llevar a cabo una evaluaci\u00f3n completa para determinar su\nelegibilidad. El l\u00edmite para sospechar que existe una discapacidad es\nrelativamente bajo. El distrito debe evaluar a los alumnos sobre la base de una\npresunci\u00f3n de discapacidad y la consiguiente necesidad de recibir servicios, y\nno de acuerdo a si un alumno califica para recibir servicios de educaci\u00f3n\nespecial. [<em>Student v. Berkeley Unified\nSchool District<\/em> (2014) 114 IDELR 17833.]<\/p>\n\n\n\n<p>Tambi\u00e9n puede\nsolicitar una derivaci\u00f3n para que le realicen una evaluaci\u00f3n en cualquier\nmomento. Env\u00ede una derivaci\u00f3n fechada, por escrito, al administrador de su\nescuela local (por ejemplo, al director o al asesor del programa de educaci\u00f3n\nespecial); describa las \u00e1reas de preocupaci\u00f3n en cuanto a la posible\ndiscapacidad de su hijo y solicite una \u201cevaluaci\u00f3n\u201d o \u201cexamen\u201d. Realice el\nseguimiento por tel\u00e9fono para asegurarse de que el distrito escolar est\u00e9 al\ntanto de la derivaci\u00f3n y para recordarles los plazos que deben cumplir. <\/p>\n\n\n\n<p>Una vez que el\ndistrito escolar recibe la derivaci\u00f3n por escrito, <strong>debe<\/strong> comenzar el proceso de evaluaci\u00f3n. Una derivaci\u00f3n se define\ncomo una solicitud de evaluaci\u00f3n por escrito por parte del padre, la madre, el\ntutor legal, el padre o la madre sustitutos, el maestro, u otro proveedor de\nservicios [Cal. Ed. Code Sec. 56029]. De acuerdo con los reglamentos de\nCalifornia, todas las derivaciones escritas deben iniciar el proceso de\nevaluaci\u00f3n. [5 Cal. Code of Regulations (C.C.R.) Sec. 3021]. Si llama o\nhabla con el personal de la escuela para solicitar una derivaci\u00f3n, el distrito\nescolar debe ofrecerle realizar la solicitud por escrito. [Cal. Ed. Code Sec.\n56029 and 5 C.C.R. Sec. 3021]. <\/p>\n\n\n\n<p>Consulte la carta de\nejemplo: <em>Solicitud de evaluaci\u00f3n<\/em> en la secci\u00f3n de ap\u00e9ndices, ap\u00e9ndice A.<\/p>\n\n\n\n<p>Si el distrito se niega a evaluar a su hijo despu\u00e9s de su solicitud por escrito, usted tiene derecho a apelar por medio de la presentaci\u00f3n de un reclamo por cumplimiento ante la Unidad de Mediaci\u00f3n y Gesti\u00f3n de Reclamos (Complaint Management and Mediation Unit) del Departamento de Educaci\u00f3n de California (California Department of Education, CDE), o bien puede solicitar una audiencia de debido proceso. Consulte el <a href=\"https:\/\/serr.disabilityrightsca.org\/sp\/serr-manual\/chapter-6-informacion-sobre-el-debido-proceso-y-los-procedimientos-de-cumplimiento\/\">cap\u00edtulo 6, <em>Informaci\u00f3n sobre las audiencias de debido proceso y los reclamos por cumplimiento<\/em>. <\/a><\/p>\n","protected":false},"excerpt":{"rendered":"<p>Su distrito escolar tiene la obligaci\u00f3n de \u201cbuscar, identificar, y evaluar\u201d a todos los ni\u00f1os con discapacidades que puedan ser elegibles para recibir servicios de&hellip;<\/p>\n","protected":false},"author":1,"featured_media":0,"parent":324,"menu_order":1,"comment_status":"closed","ping_status":"closed","template":"","meta":{"footnotes":""},"class_list":["post-368","page","type-page","status-publish","hentry"],"_links":{"self":[{"href":"https:\/\/serr.disabilityrightsca.org\/sp\/wp-json\/wp\/v2\/pages\/368","targetHints":{"allow":["GET"]}}],"collection":[{"href":"https:\/\/serr.disabilityrightsca.org\/sp\/wp-json\/wp\/v2\/pages"}],"about":[{"href":"https:\/\/serr.disabilityrightsca.org\/sp\/wp-json\/wp\/v2\/types\/page"}],"author":[{"embeddable":true,"href":"https:\/\/serr.disabilityrightsca.org\/sp\/wp-json\/wp\/v2\/users\/1"}],"replies":[{"embeddable":true,"href":"https:\/\/serr.disabilityrightsca.org\/sp\/wp-json\/wp\/v2\/comments?post=368"}],"version-history":[{"count":13,"href":"https:\/\/serr.disabilityrightsca.org\/sp\/wp-json\/wp\/v2\/pages\/368\/revisions"}],"predecessor-version":[{"id":4198,"href":"https:\/\/serr.disabilityrightsca.org\/sp\/wp-json\/wp\/v2\/pages\/368\/revisions\/4198"}],"up":[{"embeddable":true,"href":"https:\/\/serr.disabilityrightsca.org\/sp\/wp-json\/wp\/v2\/pages\/324"}],"wp:attachment":[{"href":"https:\/\/serr.disabilityrightsca.org\/sp\/wp-json\/wp\/v2\/media?parent=368"}],"curies":[{"name":"wp","href":"https:\/\/api.w.org\/{rel}","templated":true}]}}