{"id":370,"date":"2019-06-06T15:46:40","date_gmt":"2019-06-06T22:46:40","guid":{"rendered":"http:\/\/www.rula.disabilityrightsca.org\/serr\/sp\/?page_id=370"},"modified":"2020-07-02T09:57:08","modified_gmt":"2020-07-02T16:57:08","slug":"2-2-cuanto-tiempo-demorara-el-distrito-en-completar-la-evaluacion-de-mi-hijo","status":"publish","type":"page","link":"https:\/\/serr.disabilityrightsca.org\/sp\/serr-manual\/capitulo-2-informacion-sobre-las-evaluaciones\/2-2-cuanto-tiempo-demorara-el-distrito-en-completar-la-evaluacion-de-mi-hijo\/","title":{"rendered":"(2.2) \u00bfCu\u00e1nto tiempo demorar\u00e1 el distrito en completar la evaluaci\u00f3n de mi hijo?"},"content":{"rendered":"\n<p>Conforme a la ley estatal, su distrito\nescolar debe brindarle un plan de evaluaci\u00f3n dentro de los <strong>15 d\u00edas <\/strong>despu\u00e9s de recibir su derivaci\u00f3n <strong>por<\/strong> <strong>escrito<\/strong>, en la cual solicita servicios\nde educaci\u00f3n especial. En caso de que se realice una derivaci\u00f3n dentro de los\n10 d\u00edas anteriores a que finalice el a\u00f1o regular, <strong>se debe desarrollar un plan de evaluaci\u00f3n dentro de los 10 d\u00edas\nposteriores al comienzo del siguiente a\u00f1o escolar.<\/strong> [Cal. Ed. Code Sec.\n56321(a).] El plan de evaluaci\u00f3n debe cumplir los siguientes requisitos: <\/p>\n\n\n\n<p>(1) Estar escrito en un idioma que el\np\u00fablico general comprenda f\u00e1cilmente; <\/p>\n\n\n\n<p>(2) Proporcionarse en la lengua materna\nde los padres o u otro medio de comunicaci\u00f3n utilizado por ellos, a menos que\nesto no sea posible; <\/p>\n\n\n\n<p>(3) Explicar los tipos de evaluaciones\nque se llevar\u00e1n a cabo; <\/p>\n\n\n\n<p>(4) Indicar que no se desarrollar\u00e1\nning\u00fan programa de educaci\u00f3n individualizada como resultado de la evaluaci\u00f3n\nsin el consentimiento de los padres; <\/p>\n\n\n\n<p>(5) Incluir una copia de la\nnotificaci\u00f3n de los derechos de los padres, que contenga una explicaci\u00f3n de todas\nlas garant\u00edas procesales, conforme a la ley de educaci\u00f3n especial federal y\nestatal; e <\/p>\n\n\n\n<p>(6) Incluir una descripci\u00f3n de los\nmecanismos de resoluci\u00f3n de controversias opcionales disponibles, seg\u00fan la ley\nestatal; <\/p>\n\n\n\n<p>(7) Incluir una descripci\u00f3n de las\nevaluaciones llevadas a cabo recientemente (incluidas las evaluaciones\nindependientes y la informaci\u00f3n sobre aquellas evaluaciones que los padres\nsolicitan que se tengan en cuenta);<\/p>\n\n\n\n<p>(8) Incluir informaci\u00f3n sobre la lengua\nmaterna del alumno y el dominio de ese idioma. <\/p>\n\n\n\n<p>[Cal. Ed. Code Sec. 56321(a), (b); 5\nC.C.R. Sec. 3022] <\/p>\n\n\n\n<p>Tiene al menos <strong>15<\/strong> <strong>d\u00edas<\/strong>\npara responder al plan de evaluaci\u00f3n o aprobarlo. [Cal. Ed. Code Sec.\n56321(c)(4)] Cuando el distrito recibe el plan de evaluaci\u00f3n firmado, tiene <strong>60 d\u00edas<\/strong> (sin contar los d\u00edas de\nvacaciones que superen los <strong>cinco (5)<\/strong>\nd\u00edas y los d\u00edas en los cuales la escuela no est\u00e9 abierta) para completar la\nevaluaci\u00f3n y convocar una reuni\u00f3n del Programa de Educaci\u00f3n Individualizada\n(Individualized Education Program, IEP) con el fin de que se determine si el\nni\u00f1o cumple con los requisitos para recibir educaci\u00f3n especial y, de ser as\u00ed,\ndesarrollar su IEP. [Cal. Ed. Code Sec. 56344(a).] Cuando se determina que el\nni\u00f1o cumple con los requisitos, no podr\u00e1 dejar de recibir educaci\u00f3n especial\nsin una evaluaci\u00f3n que demuestre que ya no es elegible. [20 United States Code (U.S.C.) Sec. 1414(c)(5); 34\nC.F.R. Sec. 300.305(e)(1)]. <\/p>\n\n\n\n<p>En caso de que se realice una\nderivaci\u00f3n a educaci\u00f3n especial dentro de los <strong>30 d\u00edas<\/strong> anteriores a que finalice el a\u00f1o escolar, el distrito debe\nllevar a cabo una reuni\u00f3n para desarrollar un IEP dentro de los <strong>30 d\u00edas<\/strong> posteriores al comienzo del\nsiguiente a\u00f1o escolar. [Cal. Ed. Code Sec. 56344(a).]<\/p>\n","protected":false},"excerpt":{"rendered":"<p>Conforme a la ley estatal, su distrito escolar debe brindarle un plan de evaluaci\u00f3n dentro de los 15 d\u00edas despu\u00e9s de recibir su derivaci\u00f3n por&hellip;<\/p>\n","protected":false},"author":1,"featured_media":0,"parent":324,"menu_order":2,"comment_status":"closed","ping_status":"closed","template":"","meta":{"footnotes":""},"class_list":["post-370","page","type-page","status-publish","hentry"],"_links":{"self":[{"href":"https:\/\/serr.disabilityrightsca.org\/sp\/wp-json\/wp\/v2\/pages\/370","targetHints":{"allow":["GET"]}}],"collection":[{"href":"https:\/\/serr.disabilityrightsca.org\/sp\/wp-json\/wp\/v2\/pages"}],"about":[{"href":"https:\/\/serr.disabilityrightsca.org\/sp\/wp-json\/wp\/v2\/types\/page"}],"author":[{"embeddable":true,"href":"https:\/\/serr.disabilityrightsca.org\/sp\/wp-json\/wp\/v2\/users\/1"}],"replies":[{"embeddable":true,"href":"https:\/\/serr.disabilityrightsca.org\/sp\/wp-json\/wp\/v2\/comments?post=370"}],"version-history":[{"count":11,"href":"https:\/\/serr.disabilityrightsca.org\/sp\/wp-json\/wp\/v2\/pages\/370\/revisions"}],"predecessor-version":[{"id":3644,"href":"https:\/\/serr.disabilityrightsca.org\/sp\/wp-json\/wp\/v2\/pages\/370\/revisions\/3644"}],"up":[{"embeddable":true,"href":"https:\/\/serr.disabilityrightsca.org\/sp\/wp-json\/wp\/v2\/pages\/324"}],"wp:attachment":[{"href":"https:\/\/serr.disabilityrightsca.org\/sp\/wp-json\/wp\/v2\/media?parent=370"}],"curies":[{"name":"wp","href":"https:\/\/api.w.org\/{rel}","templated":true}]}}